{"id":539564,"date":"2025-09-05T17:38:18","date_gmt":"2025-09-05T14:38:18","guid":{"rendered":"https:\/\/staging.nbg.eu\/product\/or-leupold-delta-point-mounting-kit-for-l-02-w-02-steel-black\/"},"modified":"2025-09-30T14:24:21","modified_gmt":"2025-09-30T11:24:21","slug":"or-leupold-delta-point-montavimo-rinkinys-l-02-w-02-plienas-juodas","status":"publish","type":"product","link":"https:\/\/staging.nbg.eu\/lt\/produktas\/or-leupold-delta-point-montavimo-rinkinys-l-02-w-02-plienas-juodas\/","title":{"rendered":"OR LEUPOLD DELTA POINT montavimo rinkinys L-02, W-02, plienas juodas"},"content":{"rendered":"<div class=\"product-description\">\n<h2>OR LEUPOLD DELTA POINT PRO TVIRTINIMO RINKINYS LW64<\/h2>\n<p><strong>Nuoroda:<\/strong> 0091-01207-0001<\/p>\n<p><strong>Prek\u0117s \u017eenklas:<\/strong> KMR Precision Arms<\/p>\n<h2>Apra\u0161ymas<\/h2>\n<p>OR LEUPOLD DELTA POINT PRO TVIRTINIMO RINKINYS LW64 skirtas KMR L-02 arba W-02 pistoletams. \u0160i pagrindo plok\u0161t\u0117 yra skirta optikai paruo\u0161tiems (OR) KMR L-02 ir W-02 pistolet\u0173 modeliams, tinkama optikai su Leupold DeltaPoint Pro tvirtinimo sistema.<\/p>\n<h2>Produkto detal\u0117s<\/h2>\n<ul>\n<li>Med\u017eiaga: Plienas<\/li>\n<li>Spalva: Juoda<\/li>\n<li>\u012e komplekt\u0105 \u012feina du M4 montavimo var\u017etai<\/li>\n<\/ul>\n<h2>Montavimas<\/h2>\n<ol>\n<li>Atsukite originali\u0105 pagrindo plok\u0161t\u0119 nuo pistoleto<\/li>\n<li>Kruop\u0161\u010diai nuvalykite plok\u0161t\u0117s tvirtinimo viet\u0105<\/li>\n<li>\u012ed\u0117kite nauj\u0105 pagrindo plok\u0161t\u0119<\/li>\n<li>Priver\u017ekite du pridedamus M4 var\u017etus naudodami sriegi\u0173 fiksatori\u0173<\/li>\n<\/ol>\n<p><strong>Svarbu:<\/strong> NENAUDOKITE RAUDONO LOCTITE!<\/p>\n<h2>Suderinami raudonojo ta\u0161ko taikikliai<\/h2>\n<p>\u0160is tvirtinimo rinkinys yra suderinamas su \u012fvairiais raudonojo ta\u0161ko taikikliais, kurie naudoja Leupold DeltaPoint Pro tvirtinimo standart\u0105, \u012fskaitant:<\/p>\n<ul>\n<li>Leupold DeltaPoint Pro<\/li>\n<li>Vortex Defender XL<\/li>\n<li>Eotech Eflx<\/li>\n<li>Holosun SCS 320<\/li>\n<li>Ir daugel\u012f kit\u0173<\/li>\n<\/ul>\n<p>\u0160is tvirtinimo rinkinys leid\u017eia pritvirtinti j\u016bs\u0173 pasirinkt\u0105 raudonojo ta\u0161ko taikikl\u012f prie KMR L-02 arba W-02 pistoleto.<\/p>\n<\/div>\n","protected":false},"excerpt":{"rendered":"<p>Plieninis pagrindo plok\u0161t\u0117 skirta KMR L-02\/W-02 pistoletams, tinka DeltaPoint Pro optikai<\/p>\n","protected":false},"featured_media":497552,"template":"","meta":{"_acf_changed":false},"product_brand":[11496],"product_cat":[13693],"product_tag":[],"class_list":{"0":"post-539564","1":"product","2":"type-product","3":"status-publish","4":"has-post-thumbnail","6":"product_brand-kmr-precision","7":"product_cat-kmr-dalys","9":"first","10":"instock","11":"taxable","12":"shipping-taxable","13":"purchasable","14":"product-type-simple"},"acf":[],"_links":{"self":[{"href":"https:\/\/staging.nbg.eu\/lt\/wp-json\/wp\/v2\/product\/539564","targetHints":{"allow":["GET"]}}],"collection":[{"href":"https:\/\/staging.nbg.eu\/lt\/wp-json\/wp\/v2\/product"}],"about":[{"href":"https:\/\/staging.nbg.eu\/lt\/wp-json\/wp\/v2\/types\/product"}],"wp:featuredmedia":[{"embeddable":true,"href":"https:\/\/staging.nbg.eu\/lt\/wp-json\/wp\/v2\/media\/497552"}],"wp:attachment":[{"href":"https:\/\/staging.nbg.eu\/lt\/wp-json\/wp\/v2\/media?parent=539564"}],"wp:term":[{"taxonomy":"product_brand","embeddable":true,"href":"https:\/\/staging.nbg.eu\/lt\/wp-json\/wp\/v2\/product_brand?post=539564"},{"taxonomy":"product_cat","embeddable":true,"href":"https:\/\/staging.nbg.eu\/lt\/wp-json\/wp\/v2\/product_cat?post=539564"},{"taxonomy":"product_tag","embeddable":true,"href":"https:\/\/staging.nbg.eu\/lt\/wp-json\/wp\/v2\/product_tag?post=539564"}],"curies":[{"name":"wp","href":"https:\/\/api.w.org\/{rel}","templated":true}]}}