{"id":538946,"date":"2025-09-05T17:38:05","date_gmt":"2025-09-05T14:38:05","guid":{"rendered":"https:\/\/staging.nbg.eu\/product\/ar-15-bolt-catch-roll-pin\/"},"modified":"2025-09-30T13:40:02","modified_gmt":"2025-09-30T10:40:02","slug":"ar-15-uzrakto-fiksatoriaus-ritininis-smeigtukas","status":"publish","type":"product","link":"https:\/\/staging.nbg.eu\/lt\/produktas\/ar-15-uzrakto-fiksatoriaus-ritininis-smeigtukas\/","title":{"rendered":"AR-15 u\u017erakto fiksatoriaus ritininis smeigtukas"},"content":{"rendered":"<div class=\"product-description\">\n<h2>AR-15 skl\u0105s\u010dio fiksatoriaus kai\u0161tis<\/h2>\n<p>\u0160is skl\u0105s\u010dio fiksatoriaus kai\u0161tis skirtas AR-15 ginklui. Pagamintas JAV, \u0161is komponentas u\u017etikrina patikim\u0105 ginklo veikim\u0105.<\/p>\n<ul>\n<li><strong>Brownells numeris:<\/strong> 100044599<\/li>\n<li><strong>Gamintojo numeris:<\/strong> 55CA547<\/li>\n<li><strong>UPC:<\/strong> 810046231234<\/li>\n<li><strong>Tinkamumas:<\/strong> Universalus AR-15<\/li>\n<\/ul>\n<p>\u0160is kai\u0161tis tinka \u012fvairiems AR-15 modeliams. Jis pagamintas pagal grie\u017etus kokyb\u0117s standartus ir u\u017etikrina patikim\u0105 skl\u0105s\u010dio fiksatoriaus tvirtinim\u0105.<\/p>\n","protected":false},"excerpt":{"rendered":"<p>JAV pagamintas AR-15 spynos fiksatoriaus volelis. B\u016btinas spynos fiksatoriaus montavimui.<\/p>\n","protected":false},"featured_media":497322,"template":"","meta":{"_acf_changed":false},"product_brand":[],"product_cat":[13741,13690],"product_tag":[],"class_list":{"0":"post-538946","1":"product","2":"type-product","3":"status-publish","4":"has-post-thumbnail","6":"product_cat-sautuvas","7":"product_cat-sautuvo-derinimas","9":"first","10":"instock","11":"taxable","12":"shipping-taxable","13":"purchasable","14":"product-type-simple"},"acf":[],"_links":{"self":[{"href":"https:\/\/staging.nbg.eu\/lt\/wp-json\/wp\/v2\/product\/538946","targetHints":{"allow":["GET"]}}],"collection":[{"href":"https:\/\/staging.nbg.eu\/lt\/wp-json\/wp\/v2\/product"}],"about":[{"href":"https:\/\/staging.nbg.eu\/lt\/wp-json\/wp\/v2\/types\/product"}],"wp:featuredmedia":[{"embeddable":true,"href":"https:\/\/staging.nbg.eu\/lt\/wp-json\/wp\/v2\/media\/497322"}],"wp:attachment":[{"href":"https:\/\/staging.nbg.eu\/lt\/wp-json\/wp\/v2\/media?parent=538946"}],"wp:term":[{"taxonomy":"product_brand","embeddable":true,"href":"https:\/\/staging.nbg.eu\/lt\/wp-json\/wp\/v2\/product_brand?post=538946"},{"taxonomy":"product_cat","embeddable":true,"href":"https:\/\/staging.nbg.eu\/lt\/wp-json\/wp\/v2\/product_cat?post=538946"},{"taxonomy":"product_tag","embeddable":true,"href":"https:\/\/staging.nbg.eu\/lt\/wp-json\/wp\/v2\/product_tag?post=538946"}],"curies":[{"name":"wp","href":"https:\/\/api.w.org\/{rel}","templated":true}]}}