{"id":538319,"date":"2025-09-05T17:34:38","date_gmt":"2025-09-05T14:34:38","guid":{"rendered":"https:\/\/staging.nbg.eu\/product\/pistol-cz-shadow-2-orange-cal-9h19\/"},"modified":"2025-09-30T12:41:29","modified_gmt":"2025-09-30T09:41:29","slug":"pistoletas-cz-shadow-2-orange-kal9h19","status":"publish","type":"product","link":"https:\/\/staging.nbg.eu\/lt\/produktas\/pistoletas-cz-shadow-2-orange-kal9h19\/","title":{"rendered":"Pistoletas CZ Shadow 2 Orange kal.9\u044519"},"content":{"rendered":"<div class=\"product-description\">\n<h2>CZ Shadow 2 Orange<\/h2>\n<p>CZ Shadow 2 Orange &#8211; pistoletas, skirtas sportiniam \u0161audymui ir entuziastams.<\/p>\n<h2>Tikslumas<\/h2>\n<ul>\n<li>Gamykloje pritaikytas vamzd\u017eio \u012fvor\u0117<\/li>\n<li>Gamykloje sureguliuotas gaidukas<\/li>\n<li>Rankomis pritaikytas \u0161liau\u017eiklis ir r\u0117mas<\/li>\n<\/ul>\n<h2>Dizainas<\/h2>\n<ul>\n<li>Specialios rankenos ir d\u0117tuv\u0117s pagrindai<\/li>\n<li>I\u0161siki\u0161\u0119s d\u0117tuv\u0117s atlaisvinimo mygtukas<\/li>\n<li>Kei\u010diamas, reguliuojamas prailgintas d\u0117tuv\u0117s atlaisvinimo mygtukas su trimis nustatymais<\/li>\n<\/ul>\n<h2>Konstrukcija<\/h2>\n<ul>\n<li>Nitridinis apdailos sluoksnis<\/li>\n<li>Papildomas juodas polimerinis sluoksnis ant plieninio r\u0117mo<\/li>\n<li>Plonos aliuminin\u0117s rankenos su grioveliais<\/li>\n<\/ul>\n<h2>Taikikli\u0173 sistema<\/h2>\n<ul>\n<li>Priekinis \u0161viesolaidinis taikiklis<\/li>\n<li>Reguliuojamas HAJO galinis taikiklis<\/li>\n<\/ul>\n<h2>Pagrindin\u0117s specifikacijos<\/h2>\n<ul>\n<li>Kalibras: 9mm Luger<\/li>\n<li>D\u0117tuv\u0117s talpa: 17+1 \u0161ovini\u0173<\/li>\n<li>R\u0117mo med\u017eiaga: Plienas<\/li>\n<li>Gaiduko mechanizmas: SA\/DA<\/li>\n<li>Vamzdis: \u0160altai kaltas, 124,2 mm<\/li>\n<li>Svoris: 1318 g<\/li>\n<li>Bendras ilgis: 216,7 mm<\/li>\n<\/ul>\n<p>CZ Shadow 2 Orange &#8211; pistoletas, skirtas sportiniam \u0161audymui, pasi\u017eymintis tikslumu, pritaikomomis funkcijomis ir tvirta konstrukcija.<\/p>\n<\/div>\n","protected":false},"excerpt":{"rendered":"<p>Precizi\u0161kai sukonstruotas 9 mm pistoletas var\u017eyb\u0173 \u0161auliams. Auk\u0161\u010diausio lygio charakteristikos.<\/p>\n","protected":false},"featured_media":497138,"template":"","meta":{"_acf_changed":false},"product_brand":[],"product_cat":[13688,13698],"product_tag":[],"class_list":{"0":"post-538319","1":"product","2":"type-product","3":"status-publish","4":"has-post-thumbnail","6":"product_cat-pistoletai","7":"product_cat-pistoletas","9":"first","10":"instock","11":"taxable","12":"shipping-taxable","13":"purchasable","14":"product-type-simple"},"acf":[],"_links":{"self":[{"href":"https:\/\/staging.nbg.eu\/lt\/wp-json\/wp\/v2\/product\/538319","targetHints":{"allow":["GET"]}}],"collection":[{"href":"https:\/\/staging.nbg.eu\/lt\/wp-json\/wp\/v2\/product"}],"about":[{"href":"https:\/\/staging.nbg.eu\/lt\/wp-json\/wp\/v2\/types\/product"}],"wp:featuredmedia":[{"embeddable":true,"href":"https:\/\/staging.nbg.eu\/lt\/wp-json\/wp\/v2\/media\/497138"}],"wp:attachment":[{"href":"https:\/\/staging.nbg.eu\/lt\/wp-json\/wp\/v2\/media?parent=538319"}],"wp:term":[{"taxonomy":"product_brand","embeddable":true,"href":"https:\/\/staging.nbg.eu\/lt\/wp-json\/wp\/v2\/product_brand?post=538319"},{"taxonomy":"product_cat","embeddable":true,"href":"https:\/\/staging.nbg.eu\/lt\/wp-json\/wp\/v2\/product_cat?post=538319"},{"taxonomy":"product_tag","embeddable":true,"href":"https:\/\/staging.nbg.eu\/lt\/wp-json\/wp\/v2\/product_tag?post=538319"}],"curies":[{"name":"wp","href":"https:\/\/api.w.org\/{rel}","templated":true}]}}