{"id":53814,"date":"2024-03-04T08:23:25","date_gmt":"2024-09-13T12:54:18","guid":{"rendered":"https:\/\/staging.nbg.eu\/product\/bore-tech-bronze-rifle-brush-3-pack-multiple-calibers\/"},"modified":"2024-09-13T12:55:19","modified_gmt":"2024-09-13T12:55:19","slug":"bore-tech-bronzinis-sautuvo-sepetelis-3-vnt-ivairius-kalibrai","status":"publish","type":"product","link":"https:\/\/staging.nbg.eu\/lt\/produktas\/bore-tech-bronzinis-sautuvo-sepetelis-3-vnt-ivairius-kalibrai\/","title":{"rendered":"Bore Tech Bronzinis Sautuvo Sepetelis 3 Vnt Ivairius Kalibrai"},"content":{"rendered":"<p>\nBore Tech bronzinis \u0161autuvo \u0161epet\u0117lis pasi\u017eymi tvirta konstrukcija ir in\u017einerin\u0117mis savyb\u0117mis. \u0160epet\u0117lis turi dvigubai daugiau fosforo bronzos \u0161eri\u0173 ir si\u016blo:<\/p>\n<ul>\n<li>Kilpin\u012f, dvigubai susukt\u0105 vidurin\u012f laid\u0105 vamzd\u017eio saugumui<\/li>\n<li>Aviacinio aliuminio kai\u0161\u010dius<\/li>\n<li>Kalibro dyd\u017eiui pritaikytus \u0161eri\u0173 skersmenis<\/li>\n<li>Galima \u012fsigyti nuo .17 iki .50 kalibro<\/li>\n<\/ul>\n<p>Bore Tech \u0161epet\u0117liai u\u017etikrina greitesn\u012f ir efektyvesn\u012f valym\u0105.<\/p>\n","protected":false},"excerpt":{"rendered":"<p>Auk\u0161tos kokyb\u0117s bronzinis \u0161autuvo \u0161epet\u0117lis efektyviam ir saugiam vamzd\u017eio valymui.<\/p>\n","protected":false},"featured_media":53815,"template":"","meta":{"_acf_changed":false},"product_brand":[11158],"product_cat":[13722,13749],"product_tag":[],"class_list":{"0":"post-53814","1":"product","2":"type-product","3":"status-publish","4":"has-post-thumbnail","6":"product_brand-boretech","7":"product_cat-ginklu-valymas","8":"product_cat-sepeteliai","10":"first","11":"instock","12":"taxable","13":"shipping-taxable","14":"purchasable","15":"product-type-variable","16":"wvs-archive-product-wrapper"},"acf":[],"_links":{"self":[{"href":"https:\/\/staging.nbg.eu\/lt\/wp-json\/wp\/v2\/product\/53814","targetHints":{"allow":["GET"]}}],"collection":[{"href":"https:\/\/staging.nbg.eu\/lt\/wp-json\/wp\/v2\/product"}],"about":[{"href":"https:\/\/staging.nbg.eu\/lt\/wp-json\/wp\/v2\/types\/product"}],"wp:featuredmedia":[{"embeddable":true,"href":"https:\/\/staging.nbg.eu\/lt\/wp-json\/wp\/v2\/media\/53815"}],"wp:attachment":[{"href":"https:\/\/staging.nbg.eu\/lt\/wp-json\/wp\/v2\/media?parent=53814"}],"wp:term":[{"taxonomy":"product_brand","embeddable":true,"href":"https:\/\/staging.nbg.eu\/lt\/wp-json\/wp\/v2\/product_brand?post=53814"},{"taxonomy":"product_cat","embeddable":true,"href":"https:\/\/staging.nbg.eu\/lt\/wp-json\/wp\/v2\/product_cat?post=53814"},{"taxonomy":"product_tag","embeddable":true,"href":"https:\/\/staging.nbg.eu\/lt\/wp-json\/wp\/v2\/product_tag?post=53814"}],"curies":[{"name":"wp","href":"https:\/\/api.w.org\/{rel}","templated":true}]}}