{"id":537991,"date":"2025-09-05T17:25:46","date_gmt":"2025-09-05T14:25:46","guid":{"rendered":"https:\/\/staging.nbg.eu\/product\/recoil-spring-kmr-45-extra-extrasoft-8\/"},"modified":"2025-09-30T12:20:28","modified_gmt":"2025-09-30T09:20:28","slug":"atsovimo-spyruokle-kmr-45-ekstra-ekstra-minksta-8","status":"publish","type":"product","link":"https:\/\/staging.nbg.eu\/lt\/produktas\/atsovimo-spyruokle-kmr-45-ekstra-ekstra-minksta-8\/","title":{"rendered":"At\u0161ovimo spyruokl\u0117 KMR 4,5&#8243; ekstra ekstra mink\u0161ta (8)"},"content":{"rendered":"<h2>ATATRANKOS SPYRUOKL\u0116 KMR 4,5&#8243; YPA\u010c MINK\u0160TA (8)<\/h2>\n<p>KMR Precision Arms ATATRANKOS SPYRUOKL\u0116 KMR 4,5&#8243; YPA\u010c MINK\u0160TA (8) skirta 4,5 coli\u0173 \u0161aunamiesiems ginklams.<\/p>\n<h2>Produkto savyb\u0117s:<\/h2>\n<ul>\n<li>Gamintojas: KMR Precision Arms<\/li>\n<li>Numeris: 0730-05801-0000<\/li>\n<li>Ilgis: 4,5 coli\u0173<\/li>\n<li>Tipas: Ypa\u010d mink\u0161ta<\/li>\n<li>Kiekis: 8 spyruokl\u0117s pakuot\u0117je<\/li>\n<\/ul>\n<p>\u0160i ypa\u010d mink\u0161ta atatrankos spyruokl\u0117 suma\u017eina jau\u010diam\u0105 atatrank\u0105. Ji tinka sportininkams ir entuziastams, norintiems patobulinti savo \u0161aunamojo ginklo veikim\u0105. KMR 4,5&#8243; YPA\u010c MINK\u0160TA spyruokl\u0117 u\u017etikrina skland\u0173 veikim\u0105.<\/p>\n","protected":false},"excerpt":{"rendered":"<p>Ypa\u010d mink\u0161ta atatrankos spyruokl\u0117 KMR 4,5 colio tikslumo ginklams. Sklandus veikimas.<\/p>\n","protected":false},"featured_media":496960,"template":"","meta":{"_acf_changed":false},"product_brand":[11496],"product_cat":[13693],"product_tag":[],"class_list":{"0":"post-537991","1":"product","2":"type-product","3":"status-publish","4":"has-post-thumbnail","6":"product_brand-kmr-precision","7":"product_cat-kmr-dalys","9":"first","10":"instock","11":"taxable","12":"shipping-taxable","13":"purchasable","14":"product-type-simple"},"acf":[],"_links":{"self":[{"href":"https:\/\/staging.nbg.eu\/lt\/wp-json\/wp\/v2\/product\/537991","targetHints":{"allow":["GET"]}}],"collection":[{"href":"https:\/\/staging.nbg.eu\/lt\/wp-json\/wp\/v2\/product"}],"about":[{"href":"https:\/\/staging.nbg.eu\/lt\/wp-json\/wp\/v2\/types\/product"}],"wp:featuredmedia":[{"embeddable":true,"href":"https:\/\/staging.nbg.eu\/lt\/wp-json\/wp\/v2\/media\/496960"}],"wp:attachment":[{"href":"https:\/\/staging.nbg.eu\/lt\/wp-json\/wp\/v2\/media?parent=537991"}],"wp:term":[{"taxonomy":"product_brand","embeddable":true,"href":"https:\/\/staging.nbg.eu\/lt\/wp-json\/wp\/v2\/product_brand?post=537991"},{"taxonomy":"product_cat","embeddable":true,"href":"https:\/\/staging.nbg.eu\/lt\/wp-json\/wp\/v2\/product_cat?post=537991"},{"taxonomy":"product_tag","embeddable":true,"href":"https:\/\/staging.nbg.eu\/lt\/wp-json\/wp\/v2\/product_tag?post=537991"}],"curies":[{"name":"wp","href":"https:\/\/api.w.org\/{rel}","templated":true}]}}