{"id":537884,"date":"2025-09-05T17:25:45","date_gmt":"2025-09-05T14:25:45","guid":{"rendered":"https:\/\/staging.nbg.eu\/product\/sons-of-liberty-gun-works-ar-15-bolt-catch-spring\/"},"modified":"2025-09-30T12:11:20","modified_gmt":"2025-09-30T09:11:20","slug":"sons-of-liberty-gun-works-ar-15-uzrakto-fiksatoriaus-spyruokle","status":"publish","type":"product","link":"https:\/\/staging.nbg.eu\/lt\/produktas\/sons-of-liberty-gun-works-ar-15-uzrakto-fiksatoriaus-spyruokle\/","title":{"rendered":"SONS OF LIBERTY GUN WORKS AR-15 u\u017erakto fiksatoriaus spyruokl\u0117"},"content":{"rendered":"<div class=\"product-description\">\n<h2>SONS OF LIBERTY GUN WORKS AR-15 SKL\u0104S\u010cIO FIKSATORIAUS SPYRUOKL\u0116 (10 vnt. pakuot\u0117)<\/h2>\n<p>AR-15 skl\u0105s\u010dio fiksatoriaus spyruokl\u0117. Pagaminta JAV, \u0161i detal\u0117 u\u017etikrina skland\u0173 ginklo skl\u0105s\u010dio fiksatoriaus mechanizmo veikim\u0105.<\/p>\n<h2>Pagrindin\u0117s savyb\u0117s:<\/h2>\n<ul>\n<li>Skirta AR-15 platformoms<\/li>\n<li>Tvirta konstrukcija<\/li>\n<li>U\u017etikrina nuosekl\u0173 skl\u0105s\u010dio fiksatoriaus veikim\u0105<\/li>\n<li>Pagaminta JAV<\/li>\n<li>Parduodama 10 vnt. pakuot\u0117je<\/li>\n<\/ul>\n<p>Produkto informacija:<\/p>\n<ul>\n<li>Svoris: 0,01 svaro<\/li>\n<\/ul>\n<p>AR-15 skl\u0105s\u010dio fiksatoriaus spyruokl\u0117, pagaminta JAV.<\/p>\n<\/div>\n","protected":false},"excerpt":{"rendered":"<p>JAV pagaminta AR-15 spynos fiksatoriaus spyruokl\u0117. B\u016btina, patvari atsargin\u0117 dalis.<\/p>\n","protected":false},"featured_media":496937,"template":"","meta":{"_acf_changed":false},"product_brand":[],"product_cat":[13690],"product_tag":[],"class_list":{"0":"post-537884","1":"product","2":"type-product","3":"status-publish","4":"has-post-thumbnail","6":"product_cat-sautuvo-derinimas","8":"first","9":"instock","10":"taxable","11":"shipping-taxable","12":"purchasable","13":"product-type-simple"},"acf":[],"_links":{"self":[{"href":"https:\/\/staging.nbg.eu\/lt\/wp-json\/wp\/v2\/product\/537884","targetHints":{"allow":["GET"]}}],"collection":[{"href":"https:\/\/staging.nbg.eu\/lt\/wp-json\/wp\/v2\/product"}],"about":[{"href":"https:\/\/staging.nbg.eu\/lt\/wp-json\/wp\/v2\/types\/product"}],"wp:featuredmedia":[{"embeddable":true,"href":"https:\/\/staging.nbg.eu\/lt\/wp-json\/wp\/v2\/media\/496937"}],"wp:attachment":[{"href":"https:\/\/staging.nbg.eu\/lt\/wp-json\/wp\/v2\/media?parent=537884"}],"wp:term":[{"taxonomy":"product_brand","embeddable":true,"href":"https:\/\/staging.nbg.eu\/lt\/wp-json\/wp\/v2\/product_brand?post=537884"},{"taxonomy":"product_cat","embeddable":true,"href":"https:\/\/staging.nbg.eu\/lt\/wp-json\/wp\/v2\/product_cat?post=537884"},{"taxonomy":"product_tag","embeddable":true,"href":"https:\/\/staging.nbg.eu\/lt\/wp-json\/wp\/v2\/product_tag?post=537884"}],"curies":[{"name":"wp","href":"https:\/\/api.w.org\/{rel}","templated":true}]}}