{"id":537749,"date":"2025-09-05T00:17:22","date_gmt":"2025-09-04T21:17:22","guid":{"rendered":"https:\/\/staging.nbg.eu\/product\/badger-ordnance-34mm-condition-one-accessory-ring-cap-tan-700-34\/"},"modified":"2025-09-30T11:50:32","modified_gmt":"2025-09-30T08:50:32","slug":"badger-ordnance-34mm-condition-one-priedu-ziedo-dangtelis-rudas-700-34","status":"publish","type":"product","link":"https:\/\/staging.nbg.eu\/lt\/produktas\/badger-ordnance-34mm-condition-one-priedu-ziedo-dangtelis-rudas-700-34\/","title":{"rendered":"BADGER ORDNANCE 34MM CONDITION ONE pried\u0173 \u017eiedo dangtelis rudas (700-34)"},"content":{"rendered":"<div class=\"product-description\">\n<h2>BADGER ORDNANCE 34MM CONDITION ONE PRIED\u0172 \u017dIEDO DANGTELIS, SM\u0116LIO SPALVOS (700-34)<\/h2>\n<p>Condition One modulinio laikiklio papildymas &#8211; Badger Ordnance Condition One pried\u0173 \u017eiedo dangtelis (C1 ARC). \u0160is priedas si\u016blo:<\/p>\n<ul>\n<li>Integracija su Condition One moduliniais laikikliais<\/li>\n<li>Tvirtinimo galimyb\u0117s priekyje arba gale<\/li>\n<li>Suderinamumas su \u012fvairiais priedais, \u012fskaitant lazerini\u0173 tolima\u010di\u0173 b\u0117gelius ir 12 valandos raudonojo ta\u0161ko optik\u0105<\/li>\n<li>Lengvas prijungimas\/atjungimas netrukdant pagrindin\u0117s optikos nustatymams<\/li>\n<li>Sm\u0117lio spalvos apdaila taktiniams tikslams<\/li>\n<\/ul>\n<p>C1 ARC skirtas suteikti pritaikymo galimybes ir funkcionalum\u0105 \u0161auliams ir profesionalams.<\/p>\n<\/div>\n","protected":false},"excerpt":{"rendered":"<p>Pritaikomas 34 mm \u017eiedo dangtelis, skirtas Condition One tvirtinimo sistemoms. Universalus pried\u0173 tvirtinimas.<\/p>\n","protected":false},"featured_media":496484,"template":"","meta":{"_acf_changed":false},"product_brand":[11089],"product_cat":[13717,13674],"product_tag":[],"class_list":{"0":"post-537749","1":"product","2":"type-product","3":"status-publish","4":"has-post-thumbnail","6":"product_brand-badger-ordnance","7":"product_cat-taikymas","8":"product_cat-taikymosi-priedai","10":"first","11":"instock","12":"taxable","13":"shipping-taxable","14":"purchasable","15":"product-type-simple"},"acf":[],"_links":{"self":[{"href":"https:\/\/staging.nbg.eu\/lt\/wp-json\/wp\/v2\/product\/537749","targetHints":{"allow":["GET"]}}],"collection":[{"href":"https:\/\/staging.nbg.eu\/lt\/wp-json\/wp\/v2\/product"}],"about":[{"href":"https:\/\/staging.nbg.eu\/lt\/wp-json\/wp\/v2\/types\/product"}],"wp:featuredmedia":[{"embeddable":true,"href":"https:\/\/staging.nbg.eu\/lt\/wp-json\/wp\/v2\/media\/496484"}],"wp:attachment":[{"href":"https:\/\/staging.nbg.eu\/lt\/wp-json\/wp\/v2\/media?parent=537749"}],"wp:term":[{"taxonomy":"product_brand","embeddable":true,"href":"https:\/\/staging.nbg.eu\/lt\/wp-json\/wp\/v2\/product_brand?post=537749"},{"taxonomy":"product_cat","embeddable":true,"href":"https:\/\/staging.nbg.eu\/lt\/wp-json\/wp\/v2\/product_cat?post=537749"},{"taxonomy":"product_tag","embeddable":true,"href":"https:\/\/staging.nbg.eu\/lt\/wp-json\/wp\/v2\/product_tag?post=537749"}],"curies":[{"name":"wp","href":"https:\/\/api.w.org\/{rel}","templated":true}]}}