{"id":535622,"date":"2025-09-05T00:01:46","date_gmt":"2025-09-04T21:01:46","guid":{"rendered":"https:\/\/staging.nbg.eu\/product\/rh-502-speedloops-45-mm\/"},"modified":"2025-09-29T16:11:51","modified_gmt":"2025-09-29T13:11:51","slug":"law-tactical-llc-ar-15m16-gen3-m-sulankstomas-buozes-adapteris-99312","status":"publish","type":"product","link":"https:\/\/staging.nbg.eu\/lt\/produktas\/law-tactical-llc-ar-15m16-gen3-m-sulankstomas-buozes-adapteris-99312\/","title":{"rendered":"LAW TACTICAL LLC AR-15\/M16 Gen3-M Sulankstomas Buo\u017e\u0117s Adapteris (99312)"},"content":{"rendered":"<h2>RH .502 Speedloops 45 mm<\/h2>\n<p>RH .502 Speedloops 45 mm yra plieniniai laikikliai, skirti cydex d\u0117klams ir RH Holster gaminiams.<\/p>\n<h3>Pagrindin\u0117s savyb\u0117s:<\/h3>\n<ul>\n<li>Nereikia verti dir\u017eo<\/li>\n<li>Pagaminta i\u0161 plieno su juodu lako apdaila<\/li>\n<li>Tinka dir\u017eams iki 7 mm storio<\/li>\n<li>45 mm dydis<\/li>\n<\/ul>\n<p>SpeedLoops RH Holsters leid\u017eia greitai pritvirtinti cydex d\u0117kl\u0105 prie dir\u017eo. U\u017emaukite laikikl\u012f ant \u0161iek tiek atlaisvinto dir\u017eo.<\/p>\n<h3>Privalumai:<\/h3>\n<ul>\n<li>Sukurta cydex d\u0117klams<\/li>\n<li>Suderinama su RH Holster d\u0117klais<\/li>\n<li>Nereikia verti dir\u017eo<\/li>\n<\/ul>\n<p><strong>Spalva:<\/strong> Juoda<\/p>\n<p><strong>Dydis:<\/strong> 45 mm<\/p>\n<p>RH .502 Speedloops 45 mm pagerina d\u0117klo naudojim\u0105.<\/p>\n","protected":false},"excerpt":{"rendered":"<p>RH .502 greitojo tvirtinimo kilpos: Greitai tvirtinamos plienin\u0117s kilpos Cydex d\u0117klams, 45 mm.<\/p>\n","protected":false},"featured_media":496151,"template":"","meta":{"_acf_changed":false},"product_brand":[11639],"product_cat":[13728],"product_tag":[],"class_list":{"0":"post-535622","1":"product","2":"type-product","3":"status-publish","4":"has-post-thumbnail","6":"product_brand-rh-holsters","7":"product_cat-deklo-priedai","9":"first","10":"outofstock","11":"taxable","12":"shipping-taxable","13":"purchasable","14":"product-type-simple"},"acf":[],"_links":{"self":[{"href":"https:\/\/staging.nbg.eu\/lt\/wp-json\/wp\/v2\/product\/535622","targetHints":{"allow":["GET"]}}],"collection":[{"href":"https:\/\/staging.nbg.eu\/lt\/wp-json\/wp\/v2\/product"}],"about":[{"href":"https:\/\/staging.nbg.eu\/lt\/wp-json\/wp\/v2\/types\/product"}],"wp:featuredmedia":[{"embeddable":true,"href":"https:\/\/staging.nbg.eu\/lt\/wp-json\/wp\/v2\/media\/496151"}],"wp:attachment":[{"href":"https:\/\/staging.nbg.eu\/lt\/wp-json\/wp\/v2\/media?parent=535622"}],"wp:term":[{"taxonomy":"product_brand","embeddable":true,"href":"https:\/\/staging.nbg.eu\/lt\/wp-json\/wp\/v2\/product_brand?post=535622"},{"taxonomy":"product_cat","embeddable":true,"href":"https:\/\/staging.nbg.eu\/lt\/wp-json\/wp\/v2\/product_cat?post=535622"},{"taxonomy":"product_tag","embeddable":true,"href":"https:\/\/staging.nbg.eu\/lt\/wp-json\/wp\/v2\/product_tag?post=535622"}],"curies":[{"name":"wp","href":"https:\/\/api.w.org\/{rel}","templated":true}]}}