{"id":535413,"date":"2025-09-04T23:53:51","date_gmt":"2025-09-04T20:53:51","guid":{"rendered":"https:\/\/staging.nbg.eu\/product\/law-tactical-llc-ar-15-m16-gen3-m-folding-stock-adapter-99312\/"},"modified":"2025-09-29T15:51:52","modified_gmt":"2025-09-29T12:51:52","slug":"bravo-company-bcmgunfighter-greitai-atjungiamas-dirzo-sukamasis-tvirtinimas-sustiprintos-konstrukcijos-bcm-qdss-2","status":"publish","type":"product","link":"https:\/\/staging.nbg.eu\/lt\/produktas\/bravo-company-bcmgunfighter-greitai-atjungiamas-dirzo-sukamasis-tvirtinimas-sustiprintos-konstrukcijos-bcm-qdss-2\/","title":{"rendered":"BRAVO COMPANY BCMGUNFIGHTER Greitai Atjungiamas Dir\u017eo Sukamasis Tvirtinimas Sustiprintos Konstrukcijos (BCM-QDSs-2)"},"content":{"rendered":"<h2>LAW TACTICAL LLC AR-15\/M16 Gen3-M sulankstomo buo\u017e\u0117s adapteris (99312)<\/h2>\n<p>AR platformos \u0161autuvui skirtas sulankstomo buo\u017e\u0117s adapteris. \u0160is priedas tinka tiesiogin\u0117s impulsijos ir duj\u0173 st\u016bmoklio sistemoms, suderinamas su A2, karbino, karin\u0117s specifikacijos arba komerciniais buferio vamzd\u017eiais ir buo\u017e\u0117mis.<\/p>\n<ul>\n<li>Suderinamas su standartiniais spynos mechanizmais (visi\u0161kai automatiniais, pusiau automatiniais, nuo 5,56 iki .308)<\/li>\n<li>Tinka ma\u017eos apimties transportavimui<\/li>\n<li>Vieno mygtuko atleidimas sulankstymui<\/li>\n<li>Automatinis u\u017esifiksavimas i\u0161lankstant<\/li>\n<li>CNC apdirbtas i\u0161 4140 plieno<\/li>\n<li>Suprojektuotas, pagamintas ir surinktas JAV<\/li>\n<li>Integruotas vieno ta\u0161ko dir\u017eo tvirtinimas<\/li>\n<\/ul>\n<p>Padidina AR \u0161autuvo universalum\u0105. U\u017esakykite kompakti\u0161kesniam ir pritaikomesniam \u0161autuvui.<\/p>\n","protected":false},"excerpt":{"rendered":"<p>Kompakti\u0161kas AR-15\/M16 sulankstomas buo\u017e\u0117s adapteris, skirtas ma\u017e\u0173 gabarit\u0173 transportavimui.<\/p>\n","protected":false},"featured_media":496056,"template":"","meta":{"_acf_changed":false},"product_brand":[],"product_cat":[13741,13701,13690],"product_tag":[],"class_list":{"0":"post-535413","1":"product","2":"type-product","3":"status-publish","4":"has-post-thumbnail","6":"product_cat-sautuvas","7":"product_cat-sautuvo-buozes","8":"product_cat-sautuvo-derinimas","10":"first","11":"instock","12":"taxable","13":"shipping-taxable","14":"purchasable","15":"product-type-simple"},"acf":[],"_links":{"self":[{"href":"https:\/\/staging.nbg.eu\/lt\/wp-json\/wp\/v2\/product\/535413","targetHints":{"allow":["GET"]}}],"collection":[{"href":"https:\/\/staging.nbg.eu\/lt\/wp-json\/wp\/v2\/product"}],"about":[{"href":"https:\/\/staging.nbg.eu\/lt\/wp-json\/wp\/v2\/types\/product"}],"wp:featuredmedia":[{"embeddable":true,"href":"https:\/\/staging.nbg.eu\/lt\/wp-json\/wp\/v2\/media\/496056"}],"wp:attachment":[{"href":"https:\/\/staging.nbg.eu\/lt\/wp-json\/wp\/v2\/media?parent=535413"}],"wp:term":[{"taxonomy":"product_brand","embeddable":true,"href":"https:\/\/staging.nbg.eu\/lt\/wp-json\/wp\/v2\/product_brand?post=535413"},{"taxonomy":"product_cat","embeddable":true,"href":"https:\/\/staging.nbg.eu\/lt\/wp-json\/wp\/v2\/product_cat?post=535413"},{"taxonomy":"product_tag","embeddable":true,"href":"https:\/\/staging.nbg.eu\/lt\/wp-json\/wp\/v2\/product_tag?post=535413"}],"curies":[{"name":"wp","href":"https:\/\/api.w.org\/{rel}","templated":true}]}}