{"id":535303,"date":"2025-09-04T23:53:23","date_gmt":"2025-09-04T20:53:23","guid":{"rendered":"https:\/\/staging.nbg.eu\/product\/bravo-company-bcmgunfighter-quick-detach-sling-swivel-heavy-duty-design-bcm-qdss-2\/"},"modified":"2025-09-29T15:42:53","modified_gmt":"2025-09-29T12:42:53","slug":"sprinco-usa-308-m4-prailginimo-vamzdzio-xp-buferio-spyruokle-kietame-vamzdelyje-25762-oranzine","status":"publish","type":"product","link":"https:\/\/staging.nbg.eu\/lt\/produktas\/sprinco-usa-308-m4-prailginimo-vamzdzio-xp-buferio-spyruokle-kietame-vamzdelyje-25762-oranzine\/","title":{"rendered":"SPRINCO USA 308 M4 Prailginimo Vamzd\u017eio XP Buferio Spyruokl\u0117 Kietame Vamzdelyje (25762) Oran\u017ein\u0117"},"content":{"rendered":"<h2>BCMGUNFIGHTER\u2122 Greitai atjungiamas dir\u017eo suktukas (Tvirtos konstrukcijos)<\/h2>\n<p>BCMGUNFIGHTER\u2122 Greitai atjungiamas dir\u017eo suktukas (BCM-QDSs-2) skirtas 1-1\/4&#8243; dir\u017eams.<\/p>\n<ul>\n<li>Plok\u0161\u010dias st\u016bmoklis apsaugo nuo atsitiktinio atsijungimo<\/li>\n<li>Nu\u0161lifuotas ir sm\u0117liuotas prie\u0161 dengim\u0105, siekiant lygaus pavir\u0161iaus<\/li>\n<li>Pagamintas i\u0161 anglinio plieno su mangano fosfato danga<\/li>\n<li>Tinka 1-1\/4&#8243; dir\u017eams<\/li>\n<\/ul>\n<p>\u0160is dir\u017eo suktukas pagamintas JAV.<\/p>\n","protected":false},"excerpt":{"rendered":"<p>Tvirtas JAV pagamintas QD dir\u017eo suktukas, skirtas 1,25 colio (3,175 cm) dir\u017eams. Saugus ir patvarus.<\/p>\n","protected":false},"featured_media":495895,"template":"","meta":{"_acf_changed":false},"product_brand":[11068],"product_cat":[13704,13741,13690],"product_tag":[],"class_list":{"0":"post-535303","1":"product","2":"type-product","3":"status-publish","4":"has-post-thumbnail","6":"product_brand-bcm","7":"product_cat-dirzai","8":"product_cat-sautuvas","9":"product_cat-sautuvo-derinimas","11":"first","12":"outofstock","13":"taxable","14":"shipping-taxable","15":"purchasable","16":"product-type-simple"},"acf":[],"_links":{"self":[{"href":"https:\/\/staging.nbg.eu\/lt\/wp-json\/wp\/v2\/product\/535303","targetHints":{"allow":["GET"]}}],"collection":[{"href":"https:\/\/staging.nbg.eu\/lt\/wp-json\/wp\/v2\/product"}],"about":[{"href":"https:\/\/staging.nbg.eu\/lt\/wp-json\/wp\/v2\/types\/product"}],"wp:featuredmedia":[{"embeddable":true,"href":"https:\/\/staging.nbg.eu\/lt\/wp-json\/wp\/v2\/media\/495895"}],"wp:attachment":[{"href":"https:\/\/staging.nbg.eu\/lt\/wp-json\/wp\/v2\/media?parent=535303"}],"wp:term":[{"taxonomy":"product_brand","embeddable":true,"href":"https:\/\/staging.nbg.eu\/lt\/wp-json\/wp\/v2\/product_brand?post=535303"},{"taxonomy":"product_cat","embeddable":true,"href":"https:\/\/staging.nbg.eu\/lt\/wp-json\/wp\/v2\/product_cat?post=535303"},{"taxonomy":"product_tag","embeddable":true,"href":"https:\/\/staging.nbg.eu\/lt\/wp-json\/wp\/v2\/product_tag?post=535303"}],"curies":[{"name":"wp","href":"https:\/\/api.w.org\/{rel}","templated":true}]}}