{"id":535083,"date":"2025-09-04T20:17:18","date_gmt":"2025-09-04T17:17:18","guid":{"rendered":"https:\/\/staging.nbg.eu\/product\/sprinco-usa-308-m4-extension-tube-cs-xp-buffer-spring-in-hard-tube-25762-orange\/"},"modified":"2025-09-29T15:16:35","modified_gmt":"2025-09-29T12:16:35","slug":"sprinco-usa-ar-308-buferio-spyruokle-25004-raudona","status":"publish","type":"product","link":"https:\/\/staging.nbg.eu\/lt\/produktas\/sprinco-usa-ar-308-buferio-spyruokle-25004-raudona\/","title":{"rendered":"SPRINCO USA AR .308 Bufer\u0438\u043e Spyruokl\u0117 (25004) Raudona"},"content":{"rendered":"<div class=\"product-description\">\n<h2>SPRINCO USA 308 M4 prailginimo vamzd\u017eio CS XP buferio spyruokl\u0117 kietame vamzdelyje (25762) Oran\u017ein\u0117<\/h2>\n<p>Buferio spyruokl\u0117 dideliems karabin\u0173 r\u0117mams, skirta naudoti keliose konfig\u016bracijose:<\/p>\n<ul>\n<li>DPMS tipo .308 \/ 6.5 CM su standartiniu 7&#8243; M4 buferio vamzd\u017eiu ir 2.5&#8243; trumpu buferiu<\/li>\n<li>SR-25 \/ Armalite tipo vidutinio gylio karabinams su 3.25&#8243; buferiais<\/li>\n<li>Standartiniai 7&#8243; M4 vamzd\u017eiai per daug dujomis maitinami karabinams (5.56, 6.8 SPC, 6.5 Grendel ir kt.)<\/li>\n<\/ul>\n<p>Buferio spyruokl\u0117 tinka \u012fvairiems ginklams. Supakuota kietame vamzdelyje apsaugai transportavimo ir laikymo metu.<\/p>\n<\/div>\n","protected":false},"excerpt":{"rendered":"<p>Universali buferio spyruokl\u0117 .308\/6,5 CM karabinams ir per daug duj\u0173 naudojantiems \u0161autuvams.<\/p>\n","protected":false},"featured_media":495549,"template":"","meta":{"_acf_changed":false},"product_brand":[],"product_cat":[13741,13690,13752],"product_tag":[],"class_list":{"0":"post-535083","1":"product","2":"type-product","3":"status-publish","4":"has-post-thumbnail","6":"product_cat-sautuvas","7":"product_cat-sautuvo-derinimas","8":"product_cat-spyruokles","10":"first","11":"instock","12":"taxable","13":"shipping-taxable","14":"purchasable","15":"product-type-simple"},"acf":[],"_links":{"self":[{"href":"https:\/\/staging.nbg.eu\/lt\/wp-json\/wp\/v2\/product\/535083","targetHints":{"allow":["GET"]}}],"collection":[{"href":"https:\/\/staging.nbg.eu\/lt\/wp-json\/wp\/v2\/product"}],"about":[{"href":"https:\/\/staging.nbg.eu\/lt\/wp-json\/wp\/v2\/types\/product"}],"wp:featuredmedia":[{"embeddable":true,"href":"https:\/\/staging.nbg.eu\/lt\/wp-json\/wp\/v2\/media\/495549"}],"wp:attachment":[{"href":"https:\/\/staging.nbg.eu\/lt\/wp-json\/wp\/v2\/media?parent=535083"}],"wp:term":[{"taxonomy":"product_brand","embeddable":true,"href":"https:\/\/staging.nbg.eu\/lt\/wp-json\/wp\/v2\/product_brand?post=535083"},{"taxonomy":"product_cat","embeddable":true,"href":"https:\/\/staging.nbg.eu\/lt\/wp-json\/wp\/v2\/product_cat?post=535083"},{"taxonomy":"product_tag","embeddable":true,"href":"https:\/\/staging.nbg.eu\/lt\/wp-json\/wp\/v2\/product_tag?post=535083"}],"curies":[{"name":"wp","href":"https:\/\/api.w.org\/{rel}","templated":true}]}}