{"id":534864,"date":"2025-09-04T20:17:18","date_gmt":"2025-09-04T17:17:18","guid":{"rendered":"https:\/\/staging.nbg.eu\/product\/sprinco-usa-enhanced-4-coil-bolt-carrier-extractor-cs-spring-3-pak-25435-red\/"},"modified":"2025-09-29T14:50:03","modified_gmt":"2025-09-29T11:50:03","slug":"law-tactical-llc-ar-15m16-gen3-m-sulankstomas-buozes-adapteris-fde-99313","status":"publish","type":"product","link":"https:\/\/staging.nbg.eu\/lt\/produktas\/law-tactical-llc-ar-15m16-gen3-m-sulankstomas-buozes-adapteris-fde-99313\/","title":{"rendered":"LAW TACTICAL LLC AR-15\/M16 Gen3-M Sulankstomas Buo\u017e\u0117s Adapteris FDE (99313)"},"content":{"rendered":"<div class=\"product-description\">\n<h2>SPRINCO USA 4 SPIRALI\u0172 SPYRUOKLI\u0172 RINKINYS I\u0160TRAUKIKLIUI, 3 VNT. (25435) Raudona<\/h2>\n<p>Sprinco JAV pagamint\u0173 4 spirali\u0173 spyruokli\u0173 rinkinys i\u0161traukikliui, 3 vnt. Pagamintos i\u0161 termi\u0161kai apdoroto, \u012ftempimus pa\u0161alinan\u010dio chromo silicio vielos. \u0160ios spyruokl\u0117s yra kriogeni\u0161kai apdorotos ir padengtos molibdeno disulfido danga.<\/p>\n<ul>\n<li>I\u0161laiko naujos karin\u0117s specifikacijos spyruokl\u0117s apkrov\u0105<\/li>\n<li>Tinka 18&#8243;+ vamzd\u017eio ilgiams ir t\u016bteli\u0173 surinkimui<\/li>\n<li>Atsparios kar\u0161\u010diui iki 750\u00b0F<\/li>\n<li>Tinka didel\u0117ms apkrovoms<\/li>\n<li>Ilgalaikis sprendimas<\/li>\n<\/ul>\n<p>Sprinco i\u0161traukiklio spyruokl\u0117s skirtos pagerinti ginklo veikim\u0105 ir ilgaam\u017ei\u0161kum\u0105.<\/p>\n<\/div>\n","protected":false},"excerpt":{"rendered":"<p>Patvarios 4 spirali\u0173 i\u0161traukimo spyruokl\u0117s, skirtos ilgesniam darbo ciklui. Pagaminta JAV.<\/p>\n","protected":false},"featured_media":495500,"template":"","meta":{"_acf_changed":false},"product_brand":[],"product_cat":[13757],"product_tag":[],"class_list":{"0":"post-534864","1":"product","2":"type-product","3":"status-publish","4":"has-post-thumbnail","6":"product_cat-nekategorizuota","8":"first","9":"instock","10":"taxable","11":"shipping-taxable","12":"purchasable","13":"product-type-simple"},"acf":[],"_links":{"self":[{"href":"https:\/\/staging.nbg.eu\/lt\/wp-json\/wp\/v2\/product\/534864","targetHints":{"allow":["GET"]}}],"collection":[{"href":"https:\/\/staging.nbg.eu\/lt\/wp-json\/wp\/v2\/product"}],"about":[{"href":"https:\/\/staging.nbg.eu\/lt\/wp-json\/wp\/v2\/types\/product"}],"wp:featuredmedia":[{"embeddable":true,"href":"https:\/\/staging.nbg.eu\/lt\/wp-json\/wp\/v2\/media\/495500"}],"wp:attachment":[{"href":"https:\/\/staging.nbg.eu\/lt\/wp-json\/wp\/v2\/media?parent=534864"}],"wp:term":[{"taxonomy":"product_brand","embeddable":true,"href":"https:\/\/staging.nbg.eu\/lt\/wp-json\/wp\/v2\/product_brand?post=534864"},{"taxonomy":"product_cat","embeddable":true,"href":"https:\/\/staging.nbg.eu\/lt\/wp-json\/wp\/v2\/product_cat?post=534864"},{"taxonomy":"product_tag","embeddable":true,"href":"https:\/\/staging.nbg.eu\/lt\/wp-json\/wp\/v2\/product_tag?post=534864"}],"curies":[{"name":"wp","href":"https:\/\/api.w.org\/{rel}","templated":true}]}}