{"id":534751,"date":"2025-09-04T20:17:18","date_gmt":"2025-09-04T17:17:18","guid":{"rendered":"https:\/\/staging.nbg.eu\/product\/law-tactical-llc-ar-15-m16-gen3-m-folding-stock-adapter-fde-99313\/"},"modified":"2025-09-29T13:46:23","modified_gmt":"2025-09-29T10:46:23","slug":"utg-h2-kietai-dengtas-sunkus-atatrankos-buferis-ar-15-m4-m16-rb-t6bfh2","status":"publish","type":"product","link":"https:\/\/staging.nbg.eu\/lt\/produktas\/utg-h2-kietai-dengtas-sunkus-atatrankos-buferis-ar-15-m4-m16-rb-t6bfh2\/","title":{"rendered":"UTG &#8211; H2 Kietai Dengtas Sunkus Atatrankos Buferis &#8211; AR-15 \/ M4 \/ M16 &#8211; RB-T6BFH2"},"content":{"rendered":"<div class=\"product-description\">\n<h2>LAW TACTICAL LLC AR-15\/M16 Gen3-M Sulankstomo buo\u017e\u0117s adapteris FDE (99313)<\/h2>\n<p>JAV pagamintas LAW TACTICAL Gen3-M sulankstomo buo\u017e\u0117s adapteris skirtas AR-15. \u0160is plieninis adapteris leid\u017eia \u012frengti sulankstom\u0105 buo\u017e\u0119.<\/p>\n<ul>\n<li>Suderinamas su standartin\u0117mis duj\u0173 impuls\u0173 ir duj\u0173 st\u016bmoklio sistemomis<\/li>\n<li>Tinka A2, mil-spec M4 stiliaus ir komerciniai karabino imtuvo vamzdeliai<\/li>\n<li>Veikia su standartiniais spynos grup\u0117s mechanizmais, \u012fskaitant visi\u0161kai automatinius ir .308 dyd\u017eio<\/li>\n<li>Vieno mygtuko valdymas greitam sulankstymui ir i\u0161lankstymui<\/li>\n<li>Reguliuojamas lanksto \u012ftempimas<\/li>\n<li>DLC danga ilgaam\u017ei\u0161kumui<\/li>\n<li>Prideda 1,3&#8243; prie atatrankos ilgio<\/li>\n<li>Svoris: 8,5 uncijos<\/li>\n<\/ul>\n<p><strong>Pastaba:<\/strong> Ne\u0161aukite i\u0161 \u0161autuvo, kai buo\u017e\u0117 sulankstyta. Suderinama tik su Centerfire ir Mil-Spec ne\u0161\u0117jais arba suderinamais AR 9mm vo\u017etuvais.<\/p>\n<\/div>\n","protected":false},"excerpt":{"rendered":"<p>Kompakti\u0161kas AR-15 sulankstomas buo\u017e\u0117s adapteris, skirtas patogiam transportavimui ir laikymui.<\/p>\n","protected":false},"featured_media":495385,"template":"","meta":{"_acf_changed":false},"product_brand":[],"product_cat":[13741,13701,13690],"product_tag":[],"class_list":{"0":"post-534751","1":"product","2":"type-product","3":"status-publish","4":"has-post-thumbnail","6":"product_cat-sautuvas","7":"product_cat-sautuvo-buozes","8":"product_cat-sautuvo-derinimas","10":"first","11":"instock","12":"taxable","13":"shipping-taxable","14":"purchasable","15":"product-type-simple"},"acf":[],"_links":{"self":[{"href":"https:\/\/staging.nbg.eu\/lt\/wp-json\/wp\/v2\/product\/534751","targetHints":{"allow":["GET"]}}],"collection":[{"href":"https:\/\/staging.nbg.eu\/lt\/wp-json\/wp\/v2\/product"}],"about":[{"href":"https:\/\/staging.nbg.eu\/lt\/wp-json\/wp\/v2\/types\/product"}],"wp:featuredmedia":[{"embeddable":true,"href":"https:\/\/staging.nbg.eu\/lt\/wp-json\/wp\/v2\/media\/495385"}],"wp:attachment":[{"href":"https:\/\/staging.nbg.eu\/lt\/wp-json\/wp\/v2\/media?parent=534751"}],"wp:term":[{"taxonomy":"product_brand","embeddable":true,"href":"https:\/\/staging.nbg.eu\/lt\/wp-json\/wp\/v2\/product_brand?post=534751"},{"taxonomy":"product_cat","embeddable":true,"href":"https:\/\/staging.nbg.eu\/lt\/wp-json\/wp\/v2\/product_cat?post=534751"},{"taxonomy":"product_tag","embeddable":true,"href":"https:\/\/staging.nbg.eu\/lt\/wp-json\/wp\/v2\/product_tag?post=534751"}],"curies":[{"name":"wp","href":"https:\/\/api.w.org\/{rel}","templated":true}]}}