{"id":533762,"date":"2025-09-04T18:48:23","date_gmt":"2025-09-04T15:48:23","guid":{"rendered":"https:\/\/staging.nbg.eu\/product\/utg-h3-carbine-buffer-ar15-m4-rb-t6bfh3\/"},"modified":"2025-09-29T11:03:56","modified_gmt":"2025-09-29T08:03:56","slug":"vanward-sriegiu-intarpas","status":"publish","type":"product","link":"https:\/\/staging.nbg.eu\/lt\/produktas\/vanward-sriegiu-intarpas\/","title":{"rendered":"Vanward Sriegi\u0173 Intarpas"},"content":{"rendered":"<div class=\"product-description\">\n<h2>UTG &#8211; H3 Karbino Buferis &#8211; AR15 \/ M4 &#8211; RB-T6BFH3<\/h2>\n<p>UTG H3 kietojo padengimo atatrankos buferis AR15. \u0160io buferio savyb\u0117s:<\/p>\n<ul>\n<li>3 sunk\u016bs volframo svoriai<\/li>\n<li>Sustiprinta 6061-T6 aliuminio konstrukcija su kietu anodizuotu pavir\u0161iumi<\/li>\n<li>Tvirtai pritvirtintas galinis amortizatorius<\/li>\n<li>Pailgina u\u017edelsto veikimo laik\u0105 ir palengvina i\u0161traukim\u0105<\/li>\n<li>Suma\u017eina jau\u010diam\u0105 atatrank\u0105<\/li>\n<li>Gali pagerinti tikslum\u0105 su sunkesniais kalibrai<\/li>\n<\/ul>\n<p>\u0160is 5,4 uncij\u0173 buferis skirtas padaryti AR platform\u0105 patogesn\u0119 ir potencialiai tikslesn\u0119.<\/p>\n","protected":false},"excerpt":{"rendered":"<p>UTG H3 \u0161autuvo buferis: suma\u017eina atatrank\u0105, pagerina patogum\u0105 AR15\/M4 \u0161autuvams.<\/p>\n","protected":false},"featured_media":494321,"template":"","meta":{"_acf_changed":false},"product_brand":[],"product_cat":[13690],"product_tag":[],"class_list":{"0":"post-533762","1":"product","2":"type-product","3":"status-publish","4":"has-post-thumbnail","6":"product_cat-sautuvo-derinimas","8":"first","9":"instock","10":"taxable","11":"shipping-taxable","12":"purchasable","13":"product-type-simple"},"acf":[],"_links":{"self":[{"href":"https:\/\/staging.nbg.eu\/lt\/wp-json\/wp\/v2\/product\/533762","targetHints":{"allow":["GET"]}}],"collection":[{"href":"https:\/\/staging.nbg.eu\/lt\/wp-json\/wp\/v2\/product"}],"about":[{"href":"https:\/\/staging.nbg.eu\/lt\/wp-json\/wp\/v2\/types\/product"}],"wp:featuredmedia":[{"embeddable":true,"href":"https:\/\/staging.nbg.eu\/lt\/wp-json\/wp\/v2\/media\/494321"}],"wp:attachment":[{"href":"https:\/\/staging.nbg.eu\/lt\/wp-json\/wp\/v2\/media?parent=533762"}],"wp:term":[{"taxonomy":"product_brand","embeddable":true,"href":"https:\/\/staging.nbg.eu\/lt\/wp-json\/wp\/v2\/product_brand?post=533762"},{"taxonomy":"product_cat","embeddable":true,"href":"https:\/\/staging.nbg.eu\/lt\/wp-json\/wp\/v2\/product_cat?post=533762"},{"taxonomy":"product_tag","embeddable":true,"href":"https:\/\/staging.nbg.eu\/lt\/wp-json\/wp\/v2\/product_tag?post=533762"}],"curies":[{"name":"wp","href":"https:\/\/api.w.org\/{rel}","templated":true}]}}