{"id":53362,"date":"2024-03-04T08:51:50","date_gmt":"2024-09-13T12:49:54","guid":{"rendered":"https:\/\/staging.nbg.eu\/product\/bore-tech-proof-positive-bore-stix-multiple-calibers\/"},"modified":"2024-09-13T12:50:59","modified_gmt":"2024-09-13T12:50:59","slug":"bore-tech-proof-positive-bore-stix-ivairius-kalibrai","status":"publish","type":"product","link":"https:\/\/staging.nbg.eu\/lt\/produktas\/bore-tech-proof-positive-bore-stix-ivairius-kalibrai\/","title":{"rendered":"Bore Tech Proof-Positive Bore Stix Ivairius Kalibrai"},"content":{"rendered":"<p>\n<strong>Bore Tech Proof-Positive Bore Stix (\u012evairi\u0173 kalibr\u0173)<\/strong><br \/>\nBore Tech&#8217;s Proof-Positive Bore Stix\u2122 valymo lazdel\u0117s. Savyb\u0117s:<\/p>\n<ul>\n<li>Rutuliniai guoliai rankenose<\/li>\n<li>Laisvai judantis dizainas<\/li>\n<li>Spalvomis koduotos, neslystan\u010dios gumin\u0117s rankenos<\/li>\n<li>Kei\u010diamas, vamzd\u017eiui saugus, ne \u017ealvarinis antgalis<\/li>\n<li>Sustiprintas plieninis vidus<\/li>\n<li>Ma\u017eos trinties danga<\/li>\n<li>Vamzd\u017eio grai\u017etv\u0173 \u017eingsnio identifikavimo sistema<\/li>\n<\/ul>\n<p>Bore Tech Proof-Positive Bore Stix.<\/p>\n","protected":false},"excerpt":{"rendered":"<p>Tiksl\u016bs valymo strypai su rutulini\u0173 guoli\u0173 rankenomis ir kei\u010diamais antgaliais.<\/p>\n","protected":false},"featured_media":53363,"template":"","meta":{"_acf_changed":false},"product_brand":[11158],"product_cat":[13722,13681],"product_tag":[],"class_list":{"0":"post-53362","1":"product","2":"type-product","3":"status-publish","4":"has-post-thumbnail","6":"product_brand-boretech","7":"product_cat-ginklu-valymas","8":"product_cat-valymo-strypai","10":"first","11":"instock","12":"taxable","13":"shipping-taxable","14":"purchasable","15":"product-type-variable","16":"wvs-archive-product-wrapper"},"acf":[],"_links":{"self":[{"href":"https:\/\/staging.nbg.eu\/lt\/wp-json\/wp\/v2\/product\/53362","targetHints":{"allow":["GET"]}}],"collection":[{"href":"https:\/\/staging.nbg.eu\/lt\/wp-json\/wp\/v2\/product"}],"about":[{"href":"https:\/\/staging.nbg.eu\/lt\/wp-json\/wp\/v2\/types\/product"}],"wp:featuredmedia":[{"embeddable":true,"href":"https:\/\/staging.nbg.eu\/lt\/wp-json\/wp\/v2\/media\/53363"}],"wp:attachment":[{"href":"https:\/\/staging.nbg.eu\/lt\/wp-json\/wp\/v2\/media?parent=53362"}],"wp:term":[{"taxonomy":"product_brand","embeddable":true,"href":"https:\/\/staging.nbg.eu\/lt\/wp-json\/wp\/v2\/product_brand?post=53362"},{"taxonomy":"product_cat","embeddable":true,"href":"https:\/\/staging.nbg.eu\/lt\/wp-json\/wp\/v2\/product_cat?post=53362"},{"taxonomy":"product_tag","embeddable":true,"href":"https:\/\/staging.nbg.eu\/lt\/wp-json\/wp\/v2\/product_tag?post=53362"}],"curies":[{"name":"wp","href":"https:\/\/api.w.org\/{rel}","templated":true}]}}