{"id":533469,"date":"2025-09-07T23:46:53","date_gmt":"2025-09-07T20:46:53","guid":{"rendered":"https:\/\/staging.nbg.eu\/product\/vanward-thread-insert\/"},"modified":"2025-09-29T10:50:42","modified_gmt":"2025-09-29T07:50:42","slug":"ftcs-duju-vamzdzio-dangtelis-apvalios-skyles-ak-cerakote-juodas-nr-31","status":"publish","type":"product","link":"https:\/\/staging.nbg.eu\/lt\/produktas\/ftcs-duju-vamzdzio-dangtelis-apvalios-skyles-ak-cerakote-juodas-nr-31\/","title":{"rendered":"FTCS &#8211; Duj\u0173 Vamzd\u017eio Dangtelis &#8211; Apvalios Skyl\u0117s &#8211; AK &#8211; Cerakote &#8211; Juodas &#8211; Nr. 31"},"content":{"rendered":"<div class=\"product-description\">\n<h2>Vanward srieginis \u012fd\u0117klas<\/h2>\n<p>Vanward Hunter ir Hunter Pro slopintuvams skirti plieniniai srieginiai \u012fd\u0117klai. Galimi \u012fvair\u016bs dyd\u017eiai ir konfig\u016bracijos:<\/p>\n<ul>\n<li>M13<\/li>\n<li>M14<\/li>\n<li>M15<\/li>\n<li>M17<\/li>\n<li>M18<\/li>\n<li>M22<\/li>\n<\/ul>\n<p>\u0160ie srieginiai \u012fd\u0117klai skirti u\u017etikrinti tiksl\u0173 slopintuvo \u012fvor\u0117s pritaikym\u0105. Pagaminti i\u0161 plieno, jie u\u017etikrina ilgaam\u017ei\u0161kum\u0105 ir tinkam\u0105 veikim\u0105 \u012fvairiomis \u0161audymo s\u0105lygomis.<\/p>\n<p>Suderinami su Vanward Hunter ir Hunter Pro modeliais, \u0161ie srieginiai \u012fd\u0117klai tinka \u012fvairiems ginkl\u0173 naudotojams. Vanward srieginius \u012fd\u0117klus galima lengvai \u012fmontuoti.<\/p>\n<\/div>\n","protected":false},"excerpt":{"rendered":"<p>Vanward srieginis \u012fd\u0117klas: Plieniniai \u012fd\u0117klai Hunter slopintuvams, M13-M22.<\/p>\n","protected":false},"featured_media":501458,"template":"","meta":{"_acf_changed":false},"product_brand":[11939],"product_cat":[13694,13676,13713],"product_tag":[],"class_list":{"0":"post-533469","1":"product","2":"type-product","3":"status-publish","4":"has-post-thumbnail","6":"product_brand-vanward","7":"product_cat-sautuvo-slopintuvai","8":"product_cat-slopintuvai","9":"product_cat-slopintuvo-priedai","11":"first","12":"instock","13":"taxable","14":"shipping-taxable","15":"purchasable","16":"product-type-variable","17":"wvs-archive-product-wrapper"},"acf":[],"_links":{"self":[{"href":"https:\/\/staging.nbg.eu\/lt\/wp-json\/wp\/v2\/product\/533469","targetHints":{"allow":["GET"]}}],"collection":[{"href":"https:\/\/staging.nbg.eu\/lt\/wp-json\/wp\/v2\/product"}],"about":[{"href":"https:\/\/staging.nbg.eu\/lt\/wp-json\/wp\/v2\/types\/product"}],"wp:featuredmedia":[{"embeddable":true,"href":"https:\/\/staging.nbg.eu\/lt\/wp-json\/wp\/v2\/media\/501458"}],"wp:attachment":[{"href":"https:\/\/staging.nbg.eu\/lt\/wp-json\/wp\/v2\/media?parent=533469"}],"wp:term":[{"taxonomy":"product_brand","embeddable":true,"href":"https:\/\/staging.nbg.eu\/lt\/wp-json\/wp\/v2\/product_brand?post=533469"},{"taxonomy":"product_cat","embeddable":true,"href":"https:\/\/staging.nbg.eu\/lt\/wp-json\/wp\/v2\/product_cat?post=533469"},{"taxonomy":"product_tag","embeddable":true,"href":"https:\/\/staging.nbg.eu\/lt\/wp-json\/wp\/v2\/product_tag?post=533469"}],"curies":[{"name":"wp","href":"https:\/\/api.w.org\/{rel}","templated":true}]}}