{"id":533131,"date":"2025-09-04T18:25:08","date_gmt":"2025-09-04T15:25:08","guid":{"rendered":"https:\/\/staging.nbg.eu\/product\/ftcs-gas-tube-cover-round-holes-ak-cerakote-black-nr-31\/"},"modified":"2025-09-29T10:18:31","modified_gmt":"2025-09-29T07:18:31","slug":"ftcs-duju-vamzdzio-dangtelis-pailgos-skyles-ak-cerakote-juodas-nr-30","status":"publish","type":"product","link":"https:\/\/staging.nbg.eu\/lt\/produktas\/ftcs-duju-vamzdzio-dangtelis-pailgos-skyles-ak-cerakote-juodas-nr-30\/","title":{"rendered":"FTCS &#8211; Duj\u0173 Vamzd\u017eio Dangtelis &#8211; Pailgos Skyl\u0117s &#8211; AK &#8211; Cerakote &#8211; Juodas &#8211; Nr. 30"},"content":{"rendered":"<div class=\"product-description\">\n<h2>FTCS duj\u0173 vamzd\u017eio dangtis &#8211; apvalios skyl\u0117s &#8211; AK &#8211; Cerakote juodas &#8211; Nr. 31<\/h2>\n<p>FTCS duj\u0173 vamzd\u017eio dangtis AK \u0161eimos karabinams. Pagamintas i\u0161 ner\u016bdijan\u010dio plieno ir padengtas Cerakote danga.<\/p>\n<ul>\n<li>Tiksliai pritaikytas montavimui<\/li>\n<li>Vidinis sutvirtinimas pagerintam standumui<\/li>\n<li>Apvalios i\u0161pjovos \u0161ilumos sklaidai<\/li>\n<li>Cerakote danga juodos grafito H-146 spalvos<\/li>\n<li>Suderinamas su FTCS rankenomis Nr. 1-6<\/li>\n<li>Matmenys: 110 x 35 mm<\/li>\n<li>Svoris: 54 g<\/li>\n<\/ul>\n<p>\u0160is duj\u0173 vamzd\u017eio dangtis skirtas AK veikimui ir i\u0161vaizdai pagerinti.<\/p>\n<\/div>\n","protected":false},"excerpt":{"rendered":"<p>AK duj\u0173 vamzd\u017eio dangtis, apvalios skyl\u0117s, Cerakote juodas, ner\u016bdijantis plienas<\/p>\n","protected":false},"featured_media":494130,"template":"","meta":{"_acf_changed":false},"product_brand":[11319],"product_cat":[13675,13741,13690],"product_tag":[],"class_list":{"0":"post-533131","1":"product","2":"type-product","3":"status-publish","4":"has-post-thumbnail","6":"product_brand-ftcs","7":"product_cat-ak-derinimas","8":"product_cat-sautuvas","9":"product_cat-sautuvo-derinimas","11":"first","12":"instock","13":"taxable","14":"shipping-taxable","15":"purchasable","16":"product-type-simple"},"acf":[],"_links":{"self":[{"href":"https:\/\/staging.nbg.eu\/lt\/wp-json\/wp\/v2\/product\/533131","targetHints":{"allow":["GET"]}}],"collection":[{"href":"https:\/\/staging.nbg.eu\/lt\/wp-json\/wp\/v2\/product"}],"about":[{"href":"https:\/\/staging.nbg.eu\/lt\/wp-json\/wp\/v2\/types\/product"}],"wp:featuredmedia":[{"embeddable":true,"href":"https:\/\/staging.nbg.eu\/lt\/wp-json\/wp\/v2\/media\/494130"}],"wp:attachment":[{"href":"https:\/\/staging.nbg.eu\/lt\/wp-json\/wp\/v2\/media?parent=533131"}],"wp:term":[{"taxonomy":"product_brand","embeddable":true,"href":"https:\/\/staging.nbg.eu\/lt\/wp-json\/wp\/v2\/product_brand?post=533131"},{"taxonomy":"product_cat","embeddable":true,"href":"https:\/\/staging.nbg.eu\/lt\/wp-json\/wp\/v2\/product_cat?post=533131"},{"taxonomy":"product_tag","embeddable":true,"href":"https:\/\/staging.nbg.eu\/lt\/wp-json\/wp\/v2\/product_tag?post=533131"}],"curies":[{"name":"wp","href":"https:\/\/api.w.org\/{rel}","templated":true}]}}