{"id":533024,"date":"2025-09-04T18:25:08","date_gmt":"2025-09-04T15:25:08","guid":{"rendered":"https:\/\/staging.nbg.eu\/product\/ftcs-gas-tube-cover-oblong-holes-ak-cerakote-black-nr-30\/"},"modified":"2025-09-29T10:10:35","modified_gmt":"2025-09-29T07:10:35","slug":"ftcs-perkrovimo-rankenos-dangtelis-ak-nrp-20-ak-platforma","status":"publish","type":"product","link":"https:\/\/staging.nbg.eu\/lt\/produktas\/ftcs-perkrovimo-rankenos-dangtelis-ak-nrp-20-ak-platforma\/","title":{"rendered":"FTCS &#8211; Perkrovimo Rankenos Dangtelis AK NRP 2.0 &#8211; AK Platforma"},"content":{"rendered":"<div class=\"product-description\">\n<h2>FTCS duj\u0173 vamzd\u017eio dangtelis &#8211; Pailgos skyl\u0117s &#8211; AK &#8211; Cerakote juodas &#8211; Nr. 30<\/h2>\n<p>FTCS duj\u0173 vamzd\u017eio dangtelis AK \u0161autuvui. \u0160is priedas turi:<\/p>\n<ul>\n<li>Cerakote juod\u0105 apdail\u0105, atspari\u0105 korozijai<\/li>\n<li>Pailg\u0173 skyli\u0173 dizain\u0105 \u0161ilumos sklaidai<\/li>\n<li>Tinka daugumai AK tipo \u0161autuv\u0173<\/li>\n<li>Lengvai montuojamas be ginklininko pagalbos<\/li>\n<li>Suma\u017eina jau\u010diam\u0105 kar\u0161t\u012f ilgai \u0161audant<\/li>\n<li>Tinka taktin\u0117ms sistemoms<\/li>\n<\/ul>\n<p>FTCS duj\u0173 vamzd\u017eio dangtelis Nr. 30 skirtas AK \u0161autuvui.<\/p>\n<\/div>\n","protected":false},"excerpt":{"rendered":"<p>AK duj\u0173 vamzd\u017eio dangtis su pailgomis skyl\u0117mis. Juoda Cerakote danga. #30.<\/p>\n","protected":false},"featured_media":494061,"template":"","meta":{"_acf_changed":false},"product_brand":[11319],"product_cat":[13675,13741,13690],"product_tag":[],"class_list":{"0":"post-533024","1":"product","2":"type-product","3":"status-publish","4":"has-post-thumbnail","6":"product_brand-ftcs","7":"product_cat-ak-derinimas","8":"product_cat-sautuvas","9":"product_cat-sautuvo-derinimas","11":"first","12":"instock","13":"taxable","14":"shipping-taxable","15":"purchasable","16":"product-type-simple"},"acf":[],"_links":{"self":[{"href":"https:\/\/staging.nbg.eu\/lt\/wp-json\/wp\/v2\/product\/533024","targetHints":{"allow":["GET"]}}],"collection":[{"href":"https:\/\/staging.nbg.eu\/lt\/wp-json\/wp\/v2\/product"}],"about":[{"href":"https:\/\/staging.nbg.eu\/lt\/wp-json\/wp\/v2\/types\/product"}],"wp:featuredmedia":[{"embeddable":true,"href":"https:\/\/staging.nbg.eu\/lt\/wp-json\/wp\/v2\/media\/494061"}],"wp:attachment":[{"href":"https:\/\/staging.nbg.eu\/lt\/wp-json\/wp\/v2\/media?parent=533024"}],"wp:term":[{"taxonomy":"product_brand","embeddable":true,"href":"https:\/\/staging.nbg.eu\/lt\/wp-json\/wp\/v2\/product_brand?post=533024"},{"taxonomy":"product_cat","embeddable":true,"href":"https:\/\/staging.nbg.eu\/lt\/wp-json\/wp\/v2\/product_cat?post=533024"},{"taxonomy":"product_tag","embeddable":true,"href":"https:\/\/staging.nbg.eu\/lt\/wp-json\/wp\/v2\/product_tag?post=533024"}],"curies":[{"name":"wp","href":"https:\/\/api.w.org\/{rel}","templated":true}]}}