{"id":532642,"date":"2025-09-04T17:51:31","date_gmt":"2025-09-04T14:51:31","guid":{"rendered":"https:\/\/staging.nbg.eu\/product\/strike-industries-mass-driver-comp-for-glock-17-gen5-black-si-g5-mdcomp-s\/"},"modified":"2025-09-29T09:41:30","modified_gmt":"2025-09-29T06:41:30","slug":"strike-industries-mass-driver-kompensatorius-glock-19-gen4","status":"publish","type":"product","link":"https:\/\/staging.nbg.eu\/lt\/produktas\/strike-industries-mass-driver-kompensatorius-glock-19-gen4\/","title":{"rendered":"Strike Industries &#8211; Mass Driver Kompensatorius Glock 19 Gen4"},"content":{"rendered":"<h2>Strike Industries kompensatorius Glock 17 Gen5 modeliui &#8211; Juodas<\/h2>\n<p>Strike Industries Mass Driver Compensator (MDC) skirtas Glock 17 Gen5 pistoletui. \u0160is dizainas \u012fkv\u0117ptas teorini\u0173 mas\u0117s varikli\u0173 kosmoso kelion\u0117se.<\/p>\n<ul>\n<li>Suma\u017eina mechanin\u012f atatrank\u0105 nepaveikdamas ciklo grei\u010dio<\/li>\n<li>Suma\u017eina judan\u010di\u0105 mas\u0119 geresniam veikimui<\/li>\n<li>Paplatinta anga, siekiant i\u0161vengti kulk\u0173 atsitrenkimo ir nestabilaus skryd\u017eio<\/li>\n<li>2.5mm i\u0161pjova pistoleto \u0161liau\u017eiklio apsaugai<\/li>\n<li>Suderinamas su dauguma sriegini\u0173 vamzd\u017ei\u0173<\/li>\n<li>Tinka GLOCK\u2122 GEN3, GEN4 ir GEN5 G19 &amp; G17 \u0161liau\u017eikliams<\/li>\n<li>Veikia su dauguma atvir\u0173 d\u0117kl\u0173, pritaikyt\u0173 kompensatoriams<\/li>\n<\/ul>\n<p><strong>Pastaba:<\/strong> Rekomenduojamas kreiptuvo ver\u017el\u0117s sukimo momentas: 25 svarai\/colyje. Naudojimas su +P ir +P+ \u0161oviniais gali sukelti ankstyv\u0105 nusid\u0117v\u0117jim\u0105.<\/p>\n","protected":false},"excerpt":{"rendered":"<p>Strike Industries MDC: Revoliucingas atatrankos suma\u017einimas Glock 17 Gen5 pistoleto modeliui.<\/p>\n","protected":false},"featured_media":493792,"template":"","meta":{"_acf_changed":false},"product_brand":[],"product_cat":[13698,13742],"product_tag":[],"class_list":{"0":"post-532642","1":"product","2":"type-product","3":"status-publish","4":"has-post-thumbnail","6":"product_cat-pistoletas","7":"product_cat-pistoleto-dalys","9":"first","10":"instock","11":"taxable","12":"shipping-taxable","13":"purchasable","14":"product-type-simple"},"acf":[],"_links":{"self":[{"href":"https:\/\/staging.nbg.eu\/lt\/wp-json\/wp\/v2\/product\/532642","targetHints":{"allow":["GET"]}}],"collection":[{"href":"https:\/\/staging.nbg.eu\/lt\/wp-json\/wp\/v2\/product"}],"about":[{"href":"https:\/\/staging.nbg.eu\/lt\/wp-json\/wp\/v2\/types\/product"}],"wp:featuredmedia":[{"embeddable":true,"href":"https:\/\/staging.nbg.eu\/lt\/wp-json\/wp\/v2\/media\/493792"}],"wp:attachment":[{"href":"https:\/\/staging.nbg.eu\/lt\/wp-json\/wp\/v2\/media?parent=532642"}],"wp:term":[{"taxonomy":"product_brand","embeddable":true,"href":"https:\/\/staging.nbg.eu\/lt\/wp-json\/wp\/v2\/product_brand?post=532642"},{"taxonomy":"product_cat","embeddable":true,"href":"https:\/\/staging.nbg.eu\/lt\/wp-json\/wp\/v2\/product_cat?post=532642"},{"taxonomy":"product_tag","embeddable":true,"href":"https:\/\/staging.nbg.eu\/lt\/wp-json\/wp\/v2\/product_tag?post=532642"}],"curies":[{"name":"wp","href":"https:\/\/api.w.org\/{rel}","templated":true}]}}