{"id":531304,"date":"2025-09-04T17:51:30","date_gmt":"2025-09-04T14:51:30","guid":{"rendered":"https:\/\/staging.nbg.eu\/product\/strike-industries-mass-driver-comp-for-glock-19-gen4\/"},"modified":"2025-09-26T17:55:33","modified_gmt":"2025-09-26T14:55:33","slug":"wbp-rogow-montavimo-komplektas-padidintam-detuves-fiksatoriui-ak-akm-ak-74","status":"publish","type":"product","link":"https:\/\/staging.nbg.eu\/lt\/produktas\/wbp-rogow-montavimo-komplektas-padidintam-detuves-fiksatoriui-ak-akm-ak-74\/","title":{"rendered":"WBP Rog\u00f3w &#8211; Montavimo Komplektas Padidintam D\u0117tuv\u0117s Fiksatoriui &#8211; AK \/ AKM \/ AK-74"},"content":{"rendered":"<h2>Strike Industries mas\u0117s varytuvo kompensatorius Glock 19 Gen4<\/h2>\n<p>Strike Industries mas\u0117s varytuvo kompensatorius (MDC) Glock 19 Gen4 si\u016blo:<\/p>\n<ul>\n<li>Suma\u017eint\u0105 mechanin\u012f atatrank\u0105 naudojant prie\u0161prie\u0161os sistem\u0105<\/li>\n<li>Beveik standartin\u012f ciklin\u012f greit\u012f patikimam veikimui<\/li>\n<li>Praplatint\u0105 ang\u0105, siekiant i\u0161vengti pertvar\u0173 sm\u016bgi\u0173 ir kulkos sukimosi<\/li>\n<li>2,5 mm apsaugin\u012f pj\u016bv\u012f \u0161liau\u017eiklio priekiui apsaugoti<\/li>\n<li>Suderinamum\u0105 su dauguma kit\u0173 gamintoj\u0173 sriegini\u0173 vamzd\u017ei\u0173<\/li>\n<li>Tinka Gen3, Gen4 ir Gen5 G19 ir G17 \u0161liau\u017eikliams<\/li>\n<li>Veikia su atvirais d\u0117klais, pritaikytais kompensatoriams<\/li>\n<\/ul>\n<p>Pastaba: Kreipiamajai strypo ver\u017elei rekomenduojamas 25 svar\u0173\/coliui sukimo momentas. +P ir +P+ \u0161audmen\u0173 naudojimas gali sukelti prie\u0161laikin\u012f nusid\u0117v\u0117jim\u0105.<\/p>\n","protected":false},"excerpt":{"rendered":"<p>Revoliucinis kompensatorius, skirtas Glock 19 Gen4. Suma\u017eina atatrank\u0105 ir vamzd\u017eio kilim\u0105.<\/p>\n","protected":false},"featured_media":493676,"template":"","meta":{"_acf_changed":false},"product_brand":[],"product_cat":[13757],"product_tag":[],"class_list":{"0":"post-531304","1":"product","2":"type-product","3":"status-publish","4":"has-post-thumbnail","6":"product_cat-nekategorizuota","8":"first","9":"instock","10":"taxable","11":"shipping-taxable","12":"purchasable","13":"product-type-simple"},"acf":[],"_links":{"self":[{"href":"https:\/\/staging.nbg.eu\/lt\/wp-json\/wp\/v2\/product\/531304","targetHints":{"allow":["GET"]}}],"collection":[{"href":"https:\/\/staging.nbg.eu\/lt\/wp-json\/wp\/v2\/product"}],"about":[{"href":"https:\/\/staging.nbg.eu\/lt\/wp-json\/wp\/v2\/types\/product"}],"wp:featuredmedia":[{"embeddable":true,"href":"https:\/\/staging.nbg.eu\/lt\/wp-json\/wp\/v2\/media\/493676"}],"wp:attachment":[{"href":"https:\/\/staging.nbg.eu\/lt\/wp-json\/wp\/v2\/media?parent=531304"}],"wp:term":[{"taxonomy":"product_brand","embeddable":true,"href":"https:\/\/staging.nbg.eu\/lt\/wp-json\/wp\/v2\/product_brand?post=531304"},{"taxonomy":"product_cat","embeddable":true,"href":"https:\/\/staging.nbg.eu\/lt\/wp-json\/wp\/v2\/product_cat?post=531304"},{"taxonomy":"product_tag","embeddable":true,"href":"https:\/\/staging.nbg.eu\/lt\/wp-json\/wp\/v2\/product_tag?post=531304"}],"curies":[{"name":"wp","href":"https:\/\/api.w.org\/{rel}","templated":true}]}}