{"id":531081,"date":"2025-09-04T17:50:56","date_gmt":"2025-09-04T14:50:56","guid":{"rendered":"https:\/\/staging.nbg.eu\/product\/wbp-rogow-mounting-kit-for-enlarged-magazine-latch-ak-akm-ak-74\/"},"modified":"2025-09-26T16:30:52","modified_gmt":"2025-09-26T13:30:52","slug":"magpul-moe-sl-ak-rankena-ak47ak74-fde-mag682-fde","status":"publish","type":"product","link":"https:\/\/staging.nbg.eu\/lt\/produktas\/magpul-moe-sl-ak-rankena-ak47ak74-fde-mag682-fde\/","title":{"rendered":"Magpul &#8211; MOE SL AK Rankena AK47\/AK74 &#8211; FDE &#8211; MAG682-FDE"},"content":{"rendered":"<h2>WBP Rog\u00f3w &#8211; Tvirtinimo rinkinys padidintos d\u0117tuv\u0117s skl\u0105s\u010diui &#8211; AK \/ AKM \/ AK-74<\/h2>\n<p>\u0160is padidintos d\u0117tuv\u0117s skl\u0105s\u010dio tvirtinimo rinkinys nuo WBP Rog\u00f3w skirtas AK platformos \u0161autuvams. Jis sukurtas greitam ir paprastam montavimui, tinka \u012fvairiems AK \u0161eimos \u0161autuvams.<\/p>\n<h2>Pagrindin\u0117s savyb\u0117s:<\/h2>\n<ul>\n<li>Padidintas pavir\u0161iaus plotas lengvesniam d\u0117tuv\u0117s atleidimui<\/li>\n<li>Suderinamas su populiariais AK, AKM ir AK-74 modeliais<\/li>\n<li>Palengvina greitesn\u012f perkrovim\u0105<\/li>\n<li>\u012e komplekt\u0105 \u012feina spyruokl\u0117 ir sukimosi a\u0161is<\/li>\n<li>Pagaminta i\u0161 oksiduoto plieno<\/li>\n<li>Juoda spalva<\/li>\n<\/ul>\n<p>Matmenys: 51 x 24 x 15 mm<br \/>\nSvoris: 16 g<\/p>\n<p>Atnaujinkite savo AK d\u0117tuv\u0117s atleidimo mechanizm\u0105.<\/p>\n","protected":false},"excerpt":{"rendered":"<p>Padidintas AK d\u0117tuv\u0117s skl\u0105s\u010dio komplektas. Lengvas montavimas, pagerinta ergonomika. Plieninis, juodos spalvos.<\/p>\n","protected":false},"featured_media":493607,"template":"","meta":{"_acf_changed":false},"product_brand":[],"product_cat":[13757],"product_tag":[],"class_list":{"0":"post-531081","1":"product","2":"type-product","3":"status-publish","4":"has-post-thumbnail","6":"product_cat-nekategorizuota","8":"first","9":"instock","10":"taxable","11":"shipping-taxable","12":"purchasable","13":"product-type-simple"},"acf":[],"_links":{"self":[{"href":"https:\/\/staging.nbg.eu\/lt\/wp-json\/wp\/v2\/product\/531081","targetHints":{"allow":["GET"]}}],"collection":[{"href":"https:\/\/staging.nbg.eu\/lt\/wp-json\/wp\/v2\/product"}],"about":[{"href":"https:\/\/staging.nbg.eu\/lt\/wp-json\/wp\/v2\/types\/product"}],"wp:featuredmedia":[{"embeddable":true,"href":"https:\/\/staging.nbg.eu\/lt\/wp-json\/wp\/v2\/media\/493607"}],"wp:attachment":[{"href":"https:\/\/staging.nbg.eu\/lt\/wp-json\/wp\/v2\/media?parent=531081"}],"wp:term":[{"taxonomy":"product_brand","embeddable":true,"href":"https:\/\/staging.nbg.eu\/lt\/wp-json\/wp\/v2\/product_brand?post=531081"},{"taxonomy":"product_cat","embeddable":true,"href":"https:\/\/staging.nbg.eu\/lt\/wp-json\/wp\/v2\/product_cat?post=531081"},{"taxonomy":"product_tag","embeddable":true,"href":"https:\/\/staging.nbg.eu\/lt\/wp-json\/wp\/v2\/product_tag?post=531081"}],"curies":[{"name":"wp","href":"https:\/\/api.w.org\/{rel}","templated":true}]}}