{"id":530764,"date":"2025-09-04T17:31:53","date_gmt":"2025-09-04T14:31:53","guid":{"rendered":"https:\/\/staging.nbg.eu\/product\/pistoletna-drzhka-magpul-moe-k2-za-ak-fde-mag683-fde\/"},"modified":"2025-09-26T16:05:30","modified_gmt":"2025-09-26T13:05:30","slug":"pistoleto-rankena-magpul-moe-k2-skirta-ak-fde-mag683-fde","status":"publish","type":"product","link":"https:\/\/staging.nbg.eu\/lt\/produktas\/pistoleto-rankena-magpul-moe-k2-skirta-ak-fde-mag683-fde\/","title":{"rendered":"Pistoleto Rankena Magpul MOE-K2 skirta AK FDE MAG683-FDE"},"content":{"rendered":"<div class=\"product-description\">\n<h2>Magpul MOE-K2 AK Rankena &#8211; FDE (MAG683-FDE)<\/h2>\n<p>Magpul MOE-K2 AK rankena, skirta AK47\/AK74 platformos \u0161autuvams, Flat Dark Earth spalvos. \u0160ios rankenos savyb\u0117s:<\/p>\n<ul>\n<li>Patobulinta ergonomika ir kontrol\u0117<\/li>\n<li>Tvirta, tekst\u016bruota polimerin\u0117 konstrukcija<\/li>\n<li>Neslystantis pavir\u0161ius<\/li>\n<li>Statesnis rankenos kampas \u0161iuolaikin\u0117ms \u0161audymo pozicijoms<\/li>\n<li>Suma\u017eintas rie\u0161o nuovargis ilgai naudojant<\/li>\n<\/ul>\n<p>Sukurta Magpul, \u0161audmen\u0173 pried\u0173 gamintojo. \u0160i FDE spalvos rankena tinka \u012fvairioms AK apdailoms. MOE-K2 AK rankena pagerina AK funkcionalum\u0105 ir i\u0161vaizd\u0105.<\/p>\n<p><strong>Gamintojo dalies numeris:<\/strong> MAG683-FDE<\/p>\n<p><strong>UPC:<\/strong> 840815117117<\/p>\n<\/div>\n","protected":false},"excerpt":{"rendered":"<p>\u201eMagpul MOE-K2 AK&#8221; rankena: ergonomi\u0161ka, neslidi, statesnio kampo patogumui.<\/p>\n","protected":false},"featured_media":0,"template":"","meta":{"_acf_changed":false},"product_brand":[],"product_cat":[],"product_tag":[],"class_list":{"0":"post-530764","1":"product","2":"type-product","3":"status-publish","6":"first","7":"instock","8":"taxable","9":"shipping-taxable","10":"purchasable","11":"product-type-simple"},"acf":[],"_links":{"self":[{"href":"https:\/\/staging.nbg.eu\/lt\/wp-json\/wp\/v2\/product\/530764","targetHints":{"allow":["GET"]}}],"collection":[{"href":"https:\/\/staging.nbg.eu\/lt\/wp-json\/wp\/v2\/product"}],"about":[{"href":"https:\/\/staging.nbg.eu\/lt\/wp-json\/wp\/v2\/types\/product"}],"wp:attachment":[{"href":"https:\/\/staging.nbg.eu\/lt\/wp-json\/wp\/v2\/media?parent=530764"}],"wp:term":[{"taxonomy":"product_brand","embeddable":true,"href":"https:\/\/staging.nbg.eu\/lt\/wp-json\/wp\/v2\/product_brand?post=530764"},{"taxonomy":"product_cat","embeddable":true,"href":"https:\/\/staging.nbg.eu\/lt\/wp-json\/wp\/v2\/product_cat?post=530764"},{"taxonomy":"product_tag","embeddable":true,"href":"https:\/\/staging.nbg.eu\/lt\/wp-json\/wp\/v2\/product_tag?post=530764"}],"curies":[{"name":"wp","href":"https:\/\/api.w.org\/{rel}","templated":true}]}}