{"id":53046,"date":"2024-03-08T06:59:20","date_gmt":"2024-09-13T12:46:33","guid":{"rendered":"https:\/\/staging.nbg.eu\/product\/bore-tech-shotgun-blend\/"},"modified":"2024-12-09T20:08:21","modified_gmt":"2024-12-09T20:08:21","slug":"bore-tech-sratinio-sautuvo-misinys","status":"publish","type":"product","link":"https:\/\/staging.nbg.eu\/lt\/produktas\/bore-tech-sratinio-sautuvo-misinys\/","title":{"rendered":"Bore Tech Sratinio Sautuvo Mi\u0161inys"},"content":{"rendered":"<p>\n&#8222;Bore Tech Shotgun Blend&#8221; yra stiprus ginklavamzd\u017ei\u0173 valiklis be amoniako. \u0160is biologi\u0161kai skaidus mi\u0161inys efektyviai \u0161alina \u0161vino, parako ir plastiko u\u017eter\u0161imus i\u0161 vamzd\u017ei\u0173, kamer\u0173 ir \u010dok\u0173. Jis yra saugus, bekvapis ir patogus naudoti. Valymo rezultatai matomi ant \u0161luos\u010di\u0173.<\/p>\n","protected":false},"excerpt":{"rendered":"<p>Galingas ginklo vamzd\u017eio valiklis saugiai pa\u0161alina \u0161vino, anglies ir plastiko ne\u0161varumus.<\/p>\n","protected":false},"featured_media":53047,"template":"","meta":{"_acf_changed":false},"product_brand":[11158],"product_cat":[13722,13736],"product_tag":[],"class_list":{"0":"post-53046","1":"product","2":"type-product","3":"status-publish","4":"has-post-thumbnail","6":"product_brand-boretech","7":"product_cat-ginklu-valymas","8":"product_cat-valikliai","10":"first","11":"instock","12":"taxable","13":"shipping-taxable","14":"purchasable","15":"product-type-variable","16":"wvs-archive-product-wrapper"},"acf":[],"_links":{"self":[{"href":"https:\/\/staging.nbg.eu\/lt\/wp-json\/wp\/v2\/product\/53046","targetHints":{"allow":["GET"]}}],"collection":[{"href":"https:\/\/staging.nbg.eu\/lt\/wp-json\/wp\/v2\/product"}],"about":[{"href":"https:\/\/staging.nbg.eu\/lt\/wp-json\/wp\/v2\/types\/product"}],"wp:featuredmedia":[{"embeddable":true,"href":"https:\/\/staging.nbg.eu\/lt\/wp-json\/wp\/v2\/media\/53047"}],"wp:attachment":[{"href":"https:\/\/staging.nbg.eu\/lt\/wp-json\/wp\/v2\/media?parent=53046"}],"wp:term":[{"taxonomy":"product_brand","embeddable":true,"href":"https:\/\/staging.nbg.eu\/lt\/wp-json\/wp\/v2\/product_brand?post=53046"},{"taxonomy":"product_cat","embeddable":true,"href":"https:\/\/staging.nbg.eu\/lt\/wp-json\/wp\/v2\/product_cat?post=53046"},{"taxonomy":"product_tag","embeddable":true,"href":"https:\/\/staging.nbg.eu\/lt\/wp-json\/wp\/v2\/product_tag?post=53046"}],"curies":[{"name":"wp","href":"https:\/\/api.w.org\/{rel}","templated":true}]}}