{"id":530110,"date":"2025-09-04T17:31:43","date_gmt":"2025-09-04T14:31:43","guid":{"rendered":"https:\/\/staging.nbg.eu\/product\/magpul-moe-m-lok-hand-guard-for-ar15-m4-mid-length-black\/"},"modified":"2025-09-26T15:15:41","modified_gmt":"2025-09-26T12:15:41","slug":"magpul-moe-m-lok-rankena-ar15m4-vidutinio-ilgio-juoda","status":"publish","type":"product","link":"https:\/\/staging.nbg.eu\/lt\/produktas\/magpul-moe-m-lok-rankena-ar15m4-vidutinio-ilgio-juoda\/","title":{"rendered":"Magpul &#8211; MOE M-LOK Rankena AR15\/M4 &#8211; Vidutinio Ilgio &#8211; Juoda"},"content":{"rendered":"<div class=\"product-description\">\n<h2>Magpul MOE\u00ae M-LOK\u00ae Rankena AR15\/M4 &#8211; Vidutinio Ilgio &#8211; Juoda<\/h2>\n<p>AR-15\/M4 rankena, skirta vidutinio ilgio duj\u0173 sistemoms. \u0160i pried\u0105 galima pritaikyti, ji pagaminta i\u0161 lengvo polimero ir yra modulin\u0117.<\/p>\n<ul>\n<li>M-LOK angos 2, 6 ir 10 valandos pozicijose priedams tvirtinti<\/li>\n<li>Sustiprinta, kar\u0161\u010diui atspari polimero konstrukcija<\/li>\n<li>Suderinama su tiesioginiu duj\u0173 poveikiu ir daugeliu st\u016bmoklini\u0173 duj\u0173 sistem\u0173<\/li>\n<li>Lengvai montuojama naudojant esam\u0105 delta \u017eied\u0105 ir rankenos fiksavimo dangtel\u012f<\/li>\n<li>Integruotas aliuminio \u0161ilumos skydas<\/li>\n<li>Priekiniai prailginimai ir apatin\u0117 briauna operatoriaus apsaugai<\/li>\n<\/ul>\n<p>Rankena sveria 246,6 g ir yra 23,37 cm ilgio. Pagaminta JAV, skirta AR-15\/M4 platformai.<\/p>\n<\/div>\n","protected":false},"excerpt":{"rendered":"<p>Lengvas, modulinis AR-15\/M4 vidutinio ilgio rankenos apsaugas su M-LOK angomis.<\/p>\n","protected":false},"featured_media":493091,"template":"","meta":{"_acf_changed":false},"product_brand":[11540],"product_cat":[13689,13741,13690],"product_tag":[],"class_list":{"0":"post-530110","1":"product","2":"type-product","3":"status-publish","4":"has-post-thumbnail","6":"product_brand-magpul","7":"product_cat-begiai","8":"product_cat-sautuvas","9":"product_cat-sautuvo-derinimas","11":"first","12":"instock","13":"taxable","14":"shipping-taxable","15":"purchasable","16":"product-type-simple"},"acf":[],"_links":{"self":[{"href":"https:\/\/staging.nbg.eu\/lt\/wp-json\/wp\/v2\/product\/530110","targetHints":{"allow":["GET"]}}],"collection":[{"href":"https:\/\/staging.nbg.eu\/lt\/wp-json\/wp\/v2\/product"}],"about":[{"href":"https:\/\/staging.nbg.eu\/lt\/wp-json\/wp\/v2\/types\/product"}],"wp:featuredmedia":[{"embeddable":true,"href":"https:\/\/staging.nbg.eu\/lt\/wp-json\/wp\/v2\/media\/493091"}],"wp:attachment":[{"href":"https:\/\/staging.nbg.eu\/lt\/wp-json\/wp\/v2\/media?parent=530110"}],"wp:term":[{"taxonomy":"product_brand","embeddable":true,"href":"https:\/\/staging.nbg.eu\/lt\/wp-json\/wp\/v2\/product_brand?post=530110"},{"taxonomy":"product_cat","embeddable":true,"href":"https:\/\/staging.nbg.eu\/lt\/wp-json\/wp\/v2\/product_cat?post=530110"},{"taxonomy":"product_tag","embeddable":true,"href":"https:\/\/staging.nbg.eu\/lt\/wp-json\/wp\/v2\/product_tag?post=530110"}],"curies":[{"name":"wp","href":"https:\/\/api.w.org\/{rel}","templated":true}]}}