{"id":529964,"date":"2025-09-02T20:30:44","date_gmt":"2025-09-02T17:30:44","guid":{"rendered":"https:\/\/staging.nbg.eu\/product\/predna-drzhka-magpul-zhukov-za-ak-47-ak-74-lilava-mag586-plm\/"},"modified":"2025-09-26T15:05:12","modified_gmt":"2025-09-26T12:05:12","slug":"priekine-rankena-magpul-zhukov-skirta-ak-47ak-74-violetine-mag586-plm","status":"publish","type":"product","link":"https:\/\/staging.nbg.eu\/lt\/produktas\/priekine-rankena-magpul-zhukov-skirta-ak-47ak-74-violetine-mag586-plm\/","title":{"rendered":"Priekine Rankena Magpul ZHUKOV skirta AK-47\/AK-74 violetine MAG586 PLM"},"content":{"rendered":"<div class=\"product-description\">\n<h2>Magpul ZHUKOV rankena AK-47\/AK-74 &#8211; Slyvos spalvos (MAG586-PLM)<\/h2>\n<p>Magpul ZHUKOV rankena AK-47 arba AK-74 ginklams. \u0160i pailginta rankena suteikia didesn\u012f pavir\u0161i\u0173 laikymui ir papildomas galimybes tvirtinti priedus.<\/p>\n<ul>\n<li>Tinka daugumai AK-47\/AKM\/AK-74 \u0161autuv\u0173 (vamzd\u017eio skersmuo 16,75-18,25 mm, ilgis &gt;13&#8243;)<\/li>\n<li>Viso ilgio, kietai anoduoto aliuminio va\u017eiuokl\u0117 tvirtam montavimui ir \u0161ilumos izoliacijai<\/li>\n<li>Tvirtas polimerinis i\u0161orinis dangtelis su angomis M-LOK priedams<\/li>\n<li>\u012eeina pakaitinis polimerinis vir\u0161utinis dangtelis<\/li>\n<li>Suderinama su UltiMAK optikos tvirtinimu<\/li>\n<li>Ilgis: 11,7 colio<\/li>\n<\/ul>\n<p>\u0160i universali rankena tinka med\u017eiotojams ir \u0161audymo entuziastams.<\/p>\n<\/div>\n","protected":false},"excerpt":{"rendered":"<p>Prailgintas Magpul ZHUKOV rankenos gaubtas skirtas AK-47\/AK-74, slyvos spalvos, suderinamas su M-LOK sistema.<\/p>\n","protected":false},"featured_media":0,"template":"","meta":{"_acf_changed":false},"product_brand":[],"product_cat":[],"product_tag":[],"class_list":{"0":"post-529964","1":"product","2":"type-product","3":"status-publish","6":"first","7":"instock","8":"taxable","9":"shipping-taxable","10":"purchasable","11":"product-type-simple"},"acf":[],"_links":{"self":[{"href":"https:\/\/staging.nbg.eu\/lt\/wp-json\/wp\/v2\/product\/529964","targetHints":{"allow":["GET"]}}],"collection":[{"href":"https:\/\/staging.nbg.eu\/lt\/wp-json\/wp\/v2\/product"}],"about":[{"href":"https:\/\/staging.nbg.eu\/lt\/wp-json\/wp\/v2\/types\/product"}],"wp:attachment":[{"href":"https:\/\/staging.nbg.eu\/lt\/wp-json\/wp\/v2\/media?parent=529964"}],"wp:term":[{"taxonomy":"product_brand","embeddable":true,"href":"https:\/\/staging.nbg.eu\/lt\/wp-json\/wp\/v2\/product_brand?post=529964"},{"taxonomy":"product_cat","embeddable":true,"href":"https:\/\/staging.nbg.eu\/lt\/wp-json\/wp\/v2\/product_cat?post=529964"},{"taxonomy":"product_tag","embeddable":true,"href":"https:\/\/staging.nbg.eu\/lt\/wp-json\/wp\/v2\/product_tag?post=529964"}],"curies":[{"name":"wp","href":"https:\/\/api.w.org\/{rel}","templated":true}]}}