{"id":529635,"date":"2025-09-02T20:24:18","date_gmt":"2025-09-02T17:24:18","guid":{"rendered":"https:\/\/staging.nbg.eu\/product\/magpul-zhukov-hand-guard-for-ak-47-mag586\/"},"modified":"2025-09-26T12:57:06","modified_gmt":"2025-09-26T09:57:06","slug":"magpul-zhukov-rankena-ak-47-mag586","status":"publish","type":"product","link":"https:\/\/staging.nbg.eu\/lt\/produktas\/magpul-zhukov-rankena-ak-47-mag586\/","title":{"rendered":"Magpul &#8211; ZHUKOV Rankena AK-47 MAG586"},"content":{"rendered":"<h2>Magpul ZHUKOV rankena AK-47 MAG586<\/h2>\n<p>Magpul ZHUKOV rankena (MAG586) skirta AK-47 ergonomikai ir moduli\u0161kumui pagerinti. \u0160i rankena si\u016blo:<\/p>\n<ul>\n<li>Patvari polimerin\u0117 konstrukcija<\/li>\n<li>Prailginta forma geresniam valdymui ir \u0161ilumos sklaidai<\/li>\n<li>M-LOK suderinami lizdai pried\u0173 tvirtinimui<\/li>\n<li>Ergonomi\u0161kas dizainas ilgesniam naudojimui<\/li>\n<li>Lengvas montavimas be nuolatini\u0173 modifikacij\u0173<\/li>\n<li>Suderinama su \u0161tampuotais AKM\/AK-47 tipo \u0161autuvais<\/li>\n<\/ul>\n<p>ZHUKOV rankena paver\u010dia j\u016bs\u0173 AK-47 \u012f \u0161iuolaikin\u0119, universali\u0105 platform\u0105. Jos dizainas ir funkcijos yra naudingi AK naudotojams, ie\u0161kantiems geresni\u0173 veikimo ir pritaikymo galimybi\u0173.<\/p>\n<p><strong>Pastaba:<\/strong> Montavimui reikia pa\u0161alinti rankenos laikikl\u012f.<\/p>\n","protected":false},"excerpt":{"rendered":"<p>Patvari AK-47 rankena. Pagerina sukibim\u0105 ir \u0161ilumos i\u0161sklaidym\u0105. Suderinama su M-LOK sistema.<\/p>\n","protected":false},"featured_media":491566,"template":"","meta":{"_acf_changed":false},"product_brand":[11540],"product_cat":[13689,13741,13690],"product_tag":[],"class_list":{"0":"post-529635","1":"product","2":"type-product","3":"status-publish","4":"has-post-thumbnail","6":"product_brand-magpul","7":"product_cat-begiai","8":"product_cat-sautuvas","9":"product_cat-sautuvo-derinimas","11":"first","12":"instock","13":"taxable","14":"shipping-taxable","15":"purchasable","16":"product-type-variable","17":"wvs-archive-product-wrapper"},"acf":[],"_links":{"self":[{"href":"https:\/\/staging.nbg.eu\/lt\/wp-json\/wp\/v2\/product\/529635","targetHints":{"allow":["GET"]}}],"collection":[{"href":"https:\/\/staging.nbg.eu\/lt\/wp-json\/wp\/v2\/product"}],"about":[{"href":"https:\/\/staging.nbg.eu\/lt\/wp-json\/wp\/v2\/types\/product"}],"wp:featuredmedia":[{"embeddable":true,"href":"https:\/\/staging.nbg.eu\/lt\/wp-json\/wp\/v2\/media\/491566"}],"wp:attachment":[{"href":"https:\/\/staging.nbg.eu\/lt\/wp-json\/wp\/v2\/media?parent=529635"}],"wp:term":[{"taxonomy":"product_brand","embeddable":true,"href":"https:\/\/staging.nbg.eu\/lt\/wp-json\/wp\/v2\/product_brand?post=529635"},{"taxonomy":"product_cat","embeddable":true,"href":"https:\/\/staging.nbg.eu\/lt\/wp-json\/wp\/v2\/product_cat?post=529635"},{"taxonomy":"product_tag","embeddable":true,"href":"https:\/\/staging.nbg.eu\/lt\/wp-json\/wp\/v2\/product_tag?post=529635"}],"curies":[{"name":"wp","href":"https:\/\/api.w.org\/{rel}","templated":true}]}}