{"id":529455,"date":"2025-09-02T20:23:55","date_gmt":"2025-09-02T17:23:55","guid":{"rendered":"https:\/\/staging.nbg.eu\/product\/magpul-zhukov-s-stock-for-ak-47-ak-74-mag585\/"},"modified":"2025-09-26T12:42:16","modified_gmt":"2025-09-26T09:42:16","slug":"magpul-zhukov-s-buoze-ak-47-ak-74-mag585","status":"publish","type":"product","link":"https:\/\/staging.nbg.eu\/lt\/produktas\/magpul-zhukov-s-buoze-ak-47-ak-74-mag585\/","title":{"rendered":"Magpul &#8211; ZHUKOV-S Buo\u017ee AK-47 \/ AK-74 &#8211; MAG585"},"content":{"rendered":"<div class=\"product-description\">\n<h2>Magpul ZHUKOV-S\u00ae Buo\u017e\u0117 AK-47 \/ AK-74 &#8211; MAG585<\/h2>\n<p>Magpul ZHUKOV-S\u00ae sulankstoma buo\u017e\u0117 AK47\/AKM\/AK74 karabinams. \u0160is dizainas si\u016blo:<\/p>\n<ul>\n<li>5 pozicij\u0173 reguliavim\u0105 rankos ilgiui pritaikyti<\/li>\n<li>De\u0161in\u0117je pus\u0117je sulankstomas mechanizmas, suderinamas su optiniais taikikliais<\/li>\n<li>Galimyb\u0117 \u0161audyti ir perkrauti su sulankstyta buo\u017ee<\/li>\n<li>\u017demo profilio dizainas<\/li>\n<li>Neslystantis, sm\u016bgius absorbuojantis guminis antgalis<\/li>\n<li>1.25&#8243; dir\u017eo skyl\u0117 ir QD prievado suderinamumas<\/li>\n<\/ul>\n<p>Sveria 425g ir yra 223.5-289.5mm ilgio, \u0161i JAV pagaminta buo\u017e\u0117 yra funkcionali ir patvari. Pastaba: Nesuderinama su Jugoslavijos AK, Norinco Type 56S\/MAK-90 arba frezuotais imtuvais.<\/p>\n<\/div>\n","protected":false},"excerpt":{"rendered":"<p>Magpul ZHUKOV-S: Sulankstoma, reguliuojama AK buo\u017e\u0117 su greitojo atjungimo prievadais.<\/p>\n","protected":false},"featured_media":491493,"template":"","meta":{"_acf_changed":false},"product_brand":[11540],"product_cat":[13675,13741,13701,13690],"product_tag":[],"class_list":{"0":"post-529455","1":"product","2":"type-product","3":"status-publish","4":"has-post-thumbnail","6":"product_brand-magpul","7":"product_cat-ak-derinimas","8":"product_cat-sautuvas","9":"product_cat-sautuvo-buozes","10":"product_cat-sautuvo-derinimas","12":"first","13":"instock","14":"taxable","15":"shipping-taxable","16":"purchasable","17":"product-type-variable","18":"wvs-archive-product-wrapper"},"acf":[],"_links":{"self":[{"href":"https:\/\/staging.nbg.eu\/lt\/wp-json\/wp\/v2\/product\/529455","targetHints":{"allow":["GET"]}}],"collection":[{"href":"https:\/\/staging.nbg.eu\/lt\/wp-json\/wp\/v2\/product"}],"about":[{"href":"https:\/\/staging.nbg.eu\/lt\/wp-json\/wp\/v2\/types\/product"}],"wp:featuredmedia":[{"embeddable":true,"href":"https:\/\/staging.nbg.eu\/lt\/wp-json\/wp\/v2\/media\/491493"}],"wp:attachment":[{"href":"https:\/\/staging.nbg.eu\/lt\/wp-json\/wp\/v2\/media?parent=529455"}],"wp:term":[{"taxonomy":"product_brand","embeddable":true,"href":"https:\/\/staging.nbg.eu\/lt\/wp-json\/wp\/v2\/product_brand?post=529455"},{"taxonomy":"product_cat","embeddable":true,"href":"https:\/\/staging.nbg.eu\/lt\/wp-json\/wp\/v2\/product_cat?post=529455"},{"taxonomy":"product_tag","embeddable":true,"href":"https:\/\/staging.nbg.eu\/lt\/wp-json\/wp\/v2\/product_tag?post=529455"}],"curies":[{"name":"wp","href":"https:\/\/api.w.org\/{rel}","templated":true}]}}