{"id":529305,"date":"2025-09-02T20:21:32","date_gmt":"2025-09-02T17:21:32","guid":{"rendered":"https:\/\/staging.nbg.eu\/product\/magpul-gl-enhanced-magazine-well-for-glock-19-gen-4-mag950\/"},"modified":"2025-09-26T12:32:07","modified_gmt":"2025-09-26T09:32:07","slug":"magpul-gl-patobulintas-dezutes-ikrovimo-angos-prapletimas-glock-19-gen-4-mag950","status":"publish","type":"product","link":"https:\/\/staging.nbg.eu\/lt\/produktas\/magpul-gl-patobulintas-dezutes-ikrovimo-angos-prapletimas-glock-19-gen-4-mag950\/","title":{"rendered":"Magpul &#8211; GL Patobulintas De\u017eut\u0117s \u012ekrovimo Angos Prapl\u0117timas GLOCK 19 GEN 4 &#8211; MAG950"},"content":{"rendered":"<h2>Magpul GL patobulintas d\u0117tuv\u0117s \u0161achtos priedas GLOCK\u00ae 19 Gen4 &#8211; MAG950<\/h2>\n<p>Magpul d\u0117tuv\u0117s \u0161achtos priedas GLOCK 19 Gen4 pistoletui. Skirtas palengvinti d\u0117tuv\u0117s \u012fd\u0117jim\u0105 ir i\u0161\u0117mim\u0105. Pagrindin\u0117s savyb\u0117s:<\/p>\n<ul>\n<li>Kompakti\u0161kas dizainas<\/li>\n<li>Pritaikytas standartin\u0117ms GLOCK d\u0117tuv\u0117ms ir Magpul GL9\u00ae PMAG\u00ae d\u0117tuv\u0117ms<\/li>\n<li>Lygus pavir\u0161ius lengvam d\u0117tuv\u0117s naudojimui<\/li>\n<li>Pagaminta JAV<\/li>\n<\/ul>\n<p><strong>Pastaba:<\/strong> Nesuderinamas su GLOCK kei\u010diamomis nugar\u0117l\u0117mis ar kai kuriomis suma\u017eintos talpos d\u0117tuv\u0117mis. Rekomenduojama profesionali instaliacija, jei reikia tikslaus pritaikymo.<\/p>\n","protected":false},"excerpt":{"rendered":"<p>Patobulinkite GLOCK 19 Gen4 d\u0117tuv\u0117s \u012fstatym\u0105 su eleganti\u0161ka Magpul d\u0117tuv\u0117s anga.<\/p>\n","protected":false},"featured_media":491124,"template":"","meta":{"_acf_changed":false},"product_brand":[11412,11540],"product_cat":[13698,13742],"product_tag":[],"class_list":{"0":"post-529305","1":"product","2":"type-product","3":"status-publish","4":"has-post-thumbnail","6":"product_brand-glock","7":"product_brand-magpul","8":"product_cat-pistoletas","9":"product_cat-pistoleto-dalys","11":"first","12":"instock","13":"taxable","14":"shipping-taxable","15":"purchasable","16":"product-type-simple"},"acf":[],"_links":{"self":[{"href":"https:\/\/staging.nbg.eu\/lt\/wp-json\/wp\/v2\/product\/529305","targetHints":{"allow":["GET"]}}],"collection":[{"href":"https:\/\/staging.nbg.eu\/lt\/wp-json\/wp\/v2\/product"}],"about":[{"href":"https:\/\/staging.nbg.eu\/lt\/wp-json\/wp\/v2\/types\/product"}],"wp:featuredmedia":[{"embeddable":true,"href":"https:\/\/staging.nbg.eu\/lt\/wp-json\/wp\/v2\/media\/491124"}],"wp:attachment":[{"href":"https:\/\/staging.nbg.eu\/lt\/wp-json\/wp\/v2\/media?parent=529305"}],"wp:term":[{"taxonomy":"product_brand","embeddable":true,"href":"https:\/\/staging.nbg.eu\/lt\/wp-json\/wp\/v2\/product_brand?post=529305"},{"taxonomy":"product_cat","embeddable":true,"href":"https:\/\/staging.nbg.eu\/lt\/wp-json\/wp\/v2\/product_cat?post=529305"},{"taxonomy":"product_tag","embeddable":true,"href":"https:\/\/staging.nbg.eu\/lt\/wp-json\/wp\/v2\/product_tag?post=529305"}],"curies":[{"name":"wp","href":"https:\/\/api.w.org\/{rel}","templated":true}]}}