{"id":52930,"date":"2024-03-08T09:51:57","date_gmt":"2024-03-08T09:51:57","guid":{"rendered":"https:\/\/staging.nbg.eu\/product\/bronze-spiral-shotgun-brush\/"},"modified":"2024-12-09T20:08:17","modified_gmt":"2024-12-09T20:08:17","slug":"bronzinis-spiralinis-sratinio-sautuvo-sepetelis","status":"publish","type":"product","link":"https:\/\/staging.nbg.eu\/lt\/produktas\/bronzinis-spiralinis-sratinio-sautuvo-sepetelis\/","title":{"rendered":"Bronzinis Spiralinis Sratinio Sautuvo Sepetelis"},"content":{"rendered":"<p>\u201eBore Tech&#8221; bronzinis spiralinis \u0161autuvo \u0161epet\u0117lis turi kilpines \u0161erius. Pagamintas i\u0161 vamzd\u017eiui saugaus fosforo bronzos, jis efektyviai pa\u0161alina plastiko liku\u010dius ir yra ilgaam\u017ei\u0161kesnis nei standartiniai vieliniai \u0161epet\u0117liai. Tinka 10 &#8211; .410 kalibro ginklams, suderinamas su standartiniais 5\/16-27 srieginiais strypais.<\/p>\n","protected":false},"excerpt":{"rendered":"<p>Novatori\u0161ka spiralin\u0117 \u0161epet\u0117l\u0117 kruop\u0161\u010diam ir saugiam \u0161autuvo vamzd\u017eio valymui.<\/p>\n","protected":false},"featured_media":52931,"template":"","meta":{"_acf_changed":false},"product_brand":[11158],"product_cat":[13722,13749],"product_tag":[],"class_list":{"0":"post-52930","1":"product","2":"type-product","3":"status-publish","4":"has-post-thumbnail","6":"product_brand-boretech","7":"product_cat-ginklu-valymas","8":"product_cat-sepeteliai","10":"first","11":"outofstock","12":"taxable","13":"shipping-taxable","14":"purchasable","15":"product-type-simple"},"acf":[],"_links":{"self":[{"href":"https:\/\/staging.nbg.eu\/lt\/wp-json\/wp\/v2\/product\/52930","targetHints":{"allow":["GET"]}}],"collection":[{"href":"https:\/\/staging.nbg.eu\/lt\/wp-json\/wp\/v2\/product"}],"about":[{"href":"https:\/\/staging.nbg.eu\/lt\/wp-json\/wp\/v2\/types\/product"}],"wp:featuredmedia":[{"embeddable":true,"href":"https:\/\/staging.nbg.eu\/lt\/wp-json\/wp\/v2\/media\/52931"}],"wp:attachment":[{"href":"https:\/\/staging.nbg.eu\/lt\/wp-json\/wp\/v2\/media?parent=52930"}],"wp:term":[{"taxonomy":"product_brand","embeddable":true,"href":"https:\/\/staging.nbg.eu\/lt\/wp-json\/wp\/v2\/product_brand?post=52930"},{"taxonomy":"product_cat","embeddable":true,"href":"https:\/\/staging.nbg.eu\/lt\/wp-json\/wp\/v2\/product_cat?post=52930"},{"taxonomy":"product_tag","embeddable":true,"href":"https:\/\/staging.nbg.eu\/lt\/wp-json\/wp\/v2\/product_tag?post=52930"}],"curies":[{"name":"wp","href":"https:\/\/api.w.org\/{rel}","templated":true}]}}