{"id":52818,"date":"2024-03-11T05:07:53","date_gmt":"2024-03-11T05:07:53","guid":{"rendered":"https:\/\/staging.nbg.eu\/product\/bore-tech-alloy-shotgun-stix-36\/"},"modified":"2024-09-13T11:36:47","modified_gmt":"2024-09-13T11:36:47","slug":"bore-tech-alloy-shotgun-stix-36","status":"publish","type":"product","link":"https:\/\/staging.nbg.eu\/lt\/produktas\/bore-tech-alloy-shotgun-stix-36\/","title":{"rendered":"Bore Tech Alloy Shotgun Stix 36"},"content":{"rendered":"<p>\n\u201eBore Tech Alloy Shotgun Stix 36&#8243; savyb\u0117s:<\/p>\n<ul>\n<li>Ergonomi\u0161ka rankena su vamzd\u017eiui saugiu, tvirtu aviacijos lydinio strypu<\/li>\n<li>Didelis standumas 410-10 kalibro \u0161autuvams<\/li>\n<li>36 coli\u0173 darbinis ilgis (vientisa konstrukcija)<\/li>\n<li>Moteri\u0161ka jungtis su standartiniais 5\/16-27 sriegiais<\/li>\n<li>Suderinamas su \u0161autuvo valymo \u0161epet\u0117liais ir bronziniais vamzd\u017eio \u0161epe\u010diais<\/li>\n<\/ul>\n<p>\u0160is patvarus, universalus valymo strypas u\u017etikrina efektyv\u0173 valym\u0105.<\/p>\n","protected":false},"excerpt":{"rendered":"<p>Kietas 91,4 cm ilgio lydinio strypas, skirtas 410-10 kalibro \u0161autuvams. Ergonomi\u0161ka rankena.<\/p>\n","protected":false},"featured_media":52819,"template":"","meta":{"_acf_changed":false},"product_brand":[],"product_cat":[13722,13747,13681],"product_tag":[],"class_list":{"0":"post-52818","1":"product","2":"type-product","3":"status-publish","4":"has-post-thumbnail","6":"product_cat-ginklu-valymas","7":"product_cat-valymo-adatos","8":"product_cat-valymo-strypai","10":"first","11":"outofstock","12":"taxable","13":"shipping-taxable","14":"purchasable","15":"product-type-simple"},"acf":[],"_links":{"self":[{"href":"https:\/\/staging.nbg.eu\/lt\/wp-json\/wp\/v2\/product\/52818","targetHints":{"allow":["GET"]}}],"collection":[{"href":"https:\/\/staging.nbg.eu\/lt\/wp-json\/wp\/v2\/product"}],"about":[{"href":"https:\/\/staging.nbg.eu\/lt\/wp-json\/wp\/v2\/types\/product"}],"wp:featuredmedia":[{"embeddable":true,"href":"https:\/\/staging.nbg.eu\/lt\/wp-json\/wp\/v2\/media\/52819"}],"wp:attachment":[{"href":"https:\/\/staging.nbg.eu\/lt\/wp-json\/wp\/v2\/media?parent=52818"}],"wp:term":[{"taxonomy":"product_brand","embeddable":true,"href":"https:\/\/staging.nbg.eu\/lt\/wp-json\/wp\/v2\/product_brand?post=52818"},{"taxonomy":"product_cat","embeddable":true,"href":"https:\/\/staging.nbg.eu\/lt\/wp-json\/wp\/v2\/product_cat?post=52818"},{"taxonomy":"product_tag","embeddable":true,"href":"https:\/\/staging.nbg.eu\/lt\/wp-json\/wp\/v2\/product_tag?post=52818"}],"curies":[{"name":"wp","href":"https:\/\/api.w.org\/{rel}","templated":true}]}}