{"id":527838,"date":"2025-09-02T20:21:10","date_gmt":"2025-09-02T17:21:10","guid":{"rendered":"https:\/\/staging.nbg.eu\/product\/strike-industries-g5-magwell-for-glock-17-22-31-34-35-45-gen5-si-g5-magwell-17\/"},"modified":"2025-09-25T22:34:43","modified_gmt":"2025-09-25T19:34:43","slug":"strike-industries-g5-dezutes-ikrovimo-angos-prapletimas-glock-172231343545-gen5-si-g5-magwell-17","status":"publish","type":"product","link":"https:\/\/staging.nbg.eu\/lt\/produktas\/strike-industries-g5-dezutes-ikrovimo-angos-prapletimas-glock-172231343545-gen5-si-g5-magwell-17\/","title":{"rendered":"Strike Industries &#8211; G5 De\u017eut\u0117s \u012ekrovimo Angos Prapl\u0117timas Glock 17\/22\/31\/34\/35\/45 Gen5 &#8211; SI-G5-MAGWELL-17"},"content":{"rendered":"<div class=\"product-description\">\n<h2>Strike Industries G5 d\u0117tuv\u0117s \u0161achta Glock 17\/22\/31\/34\/35\/45 Gen5<\/h2>\n<p>Strike Industries G5 d\u0117tuv\u0117s \u0161achta skirta Glock Gen5. Suprojektuota lengvesniam d\u0117tuv\u0117s \u012fd\u0117jimui, \u0161is priedas nepadidina pistoleto rankenos.<\/p>\n<ul>\n<li>Tinka Glock G17\/G22\/G31\/G34\/G35\/G45 Gen5 modeliams<\/li>\n<li>Praplatinta konstrukcija sklandesniam d\u0117tuv\u0117s \u012fd\u0117jimui<\/li>\n<li>Lengva (0.4oz) ir tvirta polimerin\u0117 konstrukcija<\/li>\n<li>Lengvas montavimas su pridedamu M4 var\u017etu ir 2.5mm \u0161e\u0161iakampiu raktu<\/li>\n<li>Matmenys: 61.72mm (I) x 37.34mm (P) x 23.11mm (A)<\/li>\n<\/ul>\n<p>Pagerina d\u0117tuv\u0117s keitimo greit\u012f ir nuoseklum\u0105. Tinka daugumai papildom\u0173 d\u0117tuv\u0117s pagrindo plok\u0161teli\u0173 ir prailgintuv\u0173. Dera su Strike EMP.<\/p>\n<p><strong>Pastaba:<\/strong> Neperver\u017ekite var\u017eto montuodami, kad i\u0161vengtum\u0117te netinkamo i\u0161lygiavimo ar pa\u017eeidimo.<\/p>\n<\/div>\n","protected":false},"excerpt":{"rendered":"<p>Patobulinkite Glock Gen5 perkrovimus naudodami eleganti\u0161k\u0105 Strike Industries magazino \u0161acht\u0105.<\/p>\n","protected":false},"featured_media":490778,"template":"","meta":{"_acf_changed":false},"product_brand":[11412,11540],"product_cat":[13698,13742],"product_tag":[],"class_list":{"0":"post-527838","1":"product","2":"type-product","3":"status-publish","4":"has-post-thumbnail","6":"product_brand-glock","7":"product_brand-magpul","8":"product_cat-pistoletas","9":"product_cat-pistoleto-dalys","11":"first","12":"instock","13":"taxable","14":"shipping-taxable","15":"purchasable","16":"product-type-simple"},"acf":[],"_links":{"self":[{"href":"https:\/\/staging.nbg.eu\/lt\/wp-json\/wp\/v2\/product\/527838","targetHints":{"allow":["GET"]}}],"collection":[{"href":"https:\/\/staging.nbg.eu\/lt\/wp-json\/wp\/v2\/product"}],"about":[{"href":"https:\/\/staging.nbg.eu\/lt\/wp-json\/wp\/v2\/types\/product"}],"wp:featuredmedia":[{"embeddable":true,"href":"https:\/\/staging.nbg.eu\/lt\/wp-json\/wp\/v2\/media\/490778"}],"wp:attachment":[{"href":"https:\/\/staging.nbg.eu\/lt\/wp-json\/wp\/v2\/media?parent=527838"}],"wp:term":[{"taxonomy":"product_brand","embeddable":true,"href":"https:\/\/staging.nbg.eu\/lt\/wp-json\/wp\/v2\/product_brand?post=527838"},{"taxonomy":"product_cat","embeddable":true,"href":"https:\/\/staging.nbg.eu\/lt\/wp-json\/wp\/v2\/product_cat?post=527838"},{"taxonomy":"product_tag","embeddable":true,"href":"https:\/\/staging.nbg.eu\/lt\/wp-json\/wp\/v2\/product_tag?post=527838"}],"curies":[{"name":"wp","href":"https:\/\/api.w.org\/{rel}","templated":true}]}}