{"id":527729,"date":"2025-09-02T20:21:13","date_gmt":"2025-09-02T17:21:13","guid":{"rendered":"https:\/\/staging.nbg.eu\/product\/strike-industries-g4-magwell-for-glock-17-22-31-34-35-gen4-si-g4-magwell\/"},"modified":"2025-09-25T22:29:38","modified_gmt":"2025-09-25T19:29:38","slug":"strike-industries-g4-dezutes-ikrovimo-angos-prapletimas-glock-1722313435-gen4-si-g4-magwell","status":"publish","type":"product","link":"https:\/\/staging.nbg.eu\/lt\/produktas\/strike-industries-g4-dezutes-ikrovimo-angos-prapletimas-glock-1722313435-gen4-si-g4-magwell\/","title":{"rendered":"Strike Industries &#8211; G4 De\u017eut\u0117s \u012ekrovimo Angos Prapl\u0117timas Glock 17\/22\/31\/34\/35 Gen4 &#8211; SI-G4-MAGWELL"},"content":{"rendered":"<div class=\"product-description\">\n<h2>Strike Industries G4 d\u0117tuv\u0117s anga Glock 17\/22\/31\/34\/35 Gen4 modeliams<\/h2>\n<p>Strike Industries GEN4 d\u0117tuv\u0117s anga skirta palengvinti d\u0117tuv\u0117s \u012fd\u0117jim\u0105, i\u0161laikant plon\u0105 pistoleto ranken\u0105. \u0160i d\u0117tuv\u0117s anga padidina nuoseklum\u0105 ir suma\u017eina perkrovimo laik\u0105. Suderinama su daugeliu papildom\u0173 d\u0117tuv\u0117s pagrindo plok\u0161teli\u0173 ir prailginim\u0173.<\/p>\n<ul>\n<li>Praplatinta d\u0117tuv\u0117s anga sklandesniam d\u0117tuv\u0117s \u012fd\u0117jimui<\/li>\n<li>Lengvas montavimas su unikaliu fiksavimo mechanizmu<\/li>\n<li>Lengva, tvirta polimerin\u0117 konstrukcija<\/li>\n<li>Suderinama su Glock 17\/22\/31\/34\/35 GEN4 modeliais<\/li>\n<li>Sukurta Glock gamyklinei +0 galinei plok\u0161telei<\/li>\n<\/ul>\n<p><strong>Pastaba:<\/strong> Montuodami neperver\u017ekite fiksavimo var\u017eto, kad i\u0161vengtum\u0117te netinkamo i\u0161lygiavimo ar pa\u017eeidimo.<\/p>\n<p>Pakuot\u0117je yra: G4 d\u0117tuv\u0117s anga, fiksavimo var\u017etas, M2 \u0161e\u0161iakampis raktas ir \u012fsp\u0117jimo kortel\u0117.<\/p>\n<\/div>\n","protected":false},"excerpt":{"rendered":"<p>Pagerinkit Glock 17\/22\/31\/34\/35 Gen4 pakrovim\u0105 su SI G4 MagWell.<\/p>\n","protected":false},"featured_media":491009,"template":"","meta":{"_acf_changed":false},"product_brand":[11412,11540],"product_cat":[13698,13742],"product_tag":[],"class_list":{"0":"post-527729","1":"product","2":"type-product","3":"status-publish","4":"has-post-thumbnail","6":"product_brand-glock","7":"product_brand-magpul","8":"product_cat-pistoletas","9":"product_cat-pistoleto-dalys","11":"first","12":"instock","13":"taxable","14":"shipping-taxable","15":"purchasable","16":"product-type-simple"},"acf":[],"_links":{"self":[{"href":"https:\/\/staging.nbg.eu\/lt\/wp-json\/wp\/v2\/product\/527729","targetHints":{"allow":["GET"]}}],"collection":[{"href":"https:\/\/staging.nbg.eu\/lt\/wp-json\/wp\/v2\/product"}],"about":[{"href":"https:\/\/staging.nbg.eu\/lt\/wp-json\/wp\/v2\/types\/product"}],"wp:featuredmedia":[{"embeddable":true,"href":"https:\/\/staging.nbg.eu\/lt\/wp-json\/wp\/v2\/media\/491009"}],"wp:attachment":[{"href":"https:\/\/staging.nbg.eu\/lt\/wp-json\/wp\/v2\/media?parent=527729"}],"wp:term":[{"taxonomy":"product_brand","embeddable":true,"href":"https:\/\/staging.nbg.eu\/lt\/wp-json\/wp\/v2\/product_brand?post=527729"},{"taxonomy":"product_cat","embeddable":true,"href":"https:\/\/staging.nbg.eu\/lt\/wp-json\/wp\/v2\/product_cat?post=527729"},{"taxonomy":"product_tag","embeddable":true,"href":"https:\/\/staging.nbg.eu\/lt\/wp-json\/wp\/v2\/product_tag?post=527729"}],"curies":[{"name":"wp","href":"https:\/\/api.w.org\/{rel}","templated":true}]}}