{"id":527622,"date":"2025-09-02T20:20:53","date_gmt":"2025-09-02T17:20:53","guid":{"rendered":"https:\/\/staging.nbg.eu\/product\/strike-industries-ak-rear-sight-rail-black-si-akrr\/"},"modified":"2025-09-25T22:27:23","modified_gmt":"2025-09-25T19:27:23","slug":"strike-industries-ak-galine-taikinio-begelis-juodas-si-akrr","status":"publish","type":"product","link":"https:\/\/staging.nbg.eu\/lt\/produktas\/strike-industries-ak-galine-taikinio-begelis-juodas-si-akrr\/","title":{"rendered":"Strike Industries &#8211; AK Galin\u0117 Taikinio B\u0117gelis &#8211; Juodas &#8211; SI-AKRR"},"content":{"rendered":"<div class=\"product-description\">\n<h2>Strike Industries &#8211; AK Galinio Taikiklio B\u0117gelis &#8211; Juodas &#8211; SI-AKRR<\/h2>\n<p>AK \u0161eimos karabino patobulinimas su Strike Industries galiniu taikiklio b\u0117geliu. \u0160is priedas si\u016blo:<\/p>\n<ul>\n<li>Picatinny suderinamas tvirtinimas \u017eemo profilio optikai<\/li>\n<li>6061 orlaivi\u0173 aliuminio konstrukcija<\/li>\n<li>Dviguba funkcija kaip standartinis \u0161autuvo taikiklis<\/li>\n<li>Vertikalaus ir horizontalaus reguliavimo galimyb\u0117s<\/li>\n<li>Lengvas dizainas, tik 38g<\/li>\n<\/ul>\n<p>99,7 mm ilgio ir 21 mm plo\u010dio, \u0161is juodas b\u0117gelis pakei\u010dia j\u016bs\u0173 AK galin\u012f taikikl\u012f. Turi \u0161onines \u012fdubas da\u017eymui ir i\u0161laiko tinkam\u0105 tarp\u0105 gele\u017eini\u0173 taikikli\u0173 naudojimui, kai netvirtinama optika.<\/p>\n<p>\u0160is priedas padidina j\u016bs\u0173 AK universalum\u0105 ir tikslum\u0105.<\/p>\n<\/div>\n","protected":false},"excerpt":{"rendered":"<p>AK galo taikiklio b\u0117gelis optikai. Tvirtas aliuminis, suderinamas su Picatinny.<\/p>\n","protected":false},"featured_media":490594,"template":"","meta":{"_acf_changed":false},"product_brand":[],"product_cat":[13675],"product_tag":[],"class_list":{"0":"post-527622","1":"product","2":"type-product","3":"status-publish","4":"has-post-thumbnail","6":"product_cat-ak-derinimas","8":"first","9":"instock","10":"taxable","11":"shipping-taxable","12":"purchasable","13":"product-type-simple"},"acf":[],"_links":{"self":[{"href":"https:\/\/staging.nbg.eu\/lt\/wp-json\/wp\/v2\/product\/527622","targetHints":{"allow":["GET"]}}],"collection":[{"href":"https:\/\/staging.nbg.eu\/lt\/wp-json\/wp\/v2\/product"}],"about":[{"href":"https:\/\/staging.nbg.eu\/lt\/wp-json\/wp\/v2\/types\/product"}],"wp:featuredmedia":[{"embeddable":true,"href":"https:\/\/staging.nbg.eu\/lt\/wp-json\/wp\/v2\/media\/490594"}],"wp:attachment":[{"href":"https:\/\/staging.nbg.eu\/lt\/wp-json\/wp\/v2\/media?parent=527622"}],"wp:term":[{"taxonomy":"product_brand","embeddable":true,"href":"https:\/\/staging.nbg.eu\/lt\/wp-json\/wp\/v2\/product_brand?post=527622"},{"taxonomy":"product_cat","embeddable":true,"href":"https:\/\/staging.nbg.eu\/lt\/wp-json\/wp\/v2\/product_cat?post=527622"},{"taxonomy":"product_tag","embeddable":true,"href":"https:\/\/staging.nbg.eu\/lt\/wp-json\/wp\/v2\/product_tag?post=527622"}],"curies":[{"name":"wp","href":"https:\/\/api.w.org\/{rel}","templated":true}]}}