{"id":527019,"date":"2025-08-25T00:18:45","date_gmt":"2025-08-24T21:18:45","guid":{"rendered":"https:\/\/staging.nbg.eu\/product\/ftcs-enlarged-magazine-catch-with-shelf-ak-platform-no-16\/"},"modified":"2025-09-25T22:05:53","modified_gmt":"2025-09-25T19:05:53","slug":"ftcs-padidintas-dezutes-fiksatorius-su-lentynele-ak-platforma-nr16","status":"publish","type":"product","link":"https:\/\/staging.nbg.eu\/lt\/produktas\/ftcs-padidintas-dezutes-fiksatorius-su-lentynele-ak-platforma-nr16\/","title":{"rendered":"FTCS &#8211; Padidintas De\u017eut\u0117s Fiksatorius Su Lentynele &#8211; AK Platforma &#8211; Nr.16"},"content":{"rendered":"<div class=\"product-description\">\n<h2>FTCS &#8211; Padidintas d\u0117tuv\u0117s fiksatorius su lentyn\u0117le &#8211; AK platformai &#8211; Nr.16<\/h2>\n<p>\u0160is padidintas d\u0117tuv\u0117s fiksatorius su lentyn\u0117le skirtas AK platformos karabinams. Jis leid\u017eia greitai i\u0161imti d\u0117tuv\u0119 naudojant rodom\u0105j\u012f pir\u0161t\u0105. Pagamintas i\u0161 plieno ir padengtas Graphite Black H-146 Cerakote danga.<\/p>\n<h2>Pagrindin\u0117s savyb\u0117s:<\/h2>\n<ul>\n<li>Tinka daugumai AK\/AKM\/AK-74 tipo ginkl\u0173<\/li>\n<li>Plieninis konstrukcija<\/li>\n<li>Padidintas dizainas<\/li>\n<li>Papildoma lentyn\u0117l\u0117 d\u0117tuv\u0117s i\u0161\u0117mimui rodomoju pir\u0161tu<\/li>\n<\/ul>\n<h2>Technin\u0117s specifikacijos:<\/h2>\n<ul>\n<li>Matmenys: 55 x 52 x 21 mm<\/li>\n<li>Svoris: 20 g<\/li>\n<li>Apdaila: Cerakote Graphite Black H-146<\/li>\n<\/ul>\n<p>FTCS padidintas d\u0117tuv\u0117s fiksatorius su lentyn\u0117le &#8211; Nr.16 skirtas pagerinti AK platformos karabino ergonomik\u0105 ir funkcionalum\u0105.<\/p>\n<\/div>\n","protected":false},"excerpt":{"rendered":"<p>AK platformos pagerintas d\u0117tuv\u0117s atleidimo mechanizmas su pir\u0161t\u0173 atrama. Plienas, juodas.<\/p>\n","protected":false},"featured_media":481346,"template":"","meta":{"_acf_changed":false},"product_brand":[11319],"product_cat":[13675,13741,13690],"product_tag":[],"class_list":{"0":"post-527019","1":"product","2":"type-product","3":"status-publish","4":"has-post-thumbnail","6":"product_brand-ftcs","7":"product_cat-ak-derinimas","8":"product_cat-sautuvas","9":"product_cat-sautuvo-derinimas","11":"first","12":"instock","13":"taxable","14":"shipping-taxable","15":"purchasable","16":"product-type-simple"},"acf":[],"_links":{"self":[{"href":"https:\/\/staging.nbg.eu\/lt\/wp-json\/wp\/v2\/product\/527019","targetHints":{"allow":["GET"]}}],"collection":[{"href":"https:\/\/staging.nbg.eu\/lt\/wp-json\/wp\/v2\/product"}],"about":[{"href":"https:\/\/staging.nbg.eu\/lt\/wp-json\/wp\/v2\/types\/product"}],"wp:featuredmedia":[{"embeddable":true,"href":"https:\/\/staging.nbg.eu\/lt\/wp-json\/wp\/v2\/media\/481346"}],"wp:attachment":[{"href":"https:\/\/staging.nbg.eu\/lt\/wp-json\/wp\/v2\/media?parent=527019"}],"wp:term":[{"taxonomy":"product_brand","embeddable":true,"href":"https:\/\/staging.nbg.eu\/lt\/wp-json\/wp\/v2\/product_brand?post=527019"},{"taxonomy":"product_cat","embeddable":true,"href":"https:\/\/staging.nbg.eu\/lt\/wp-json\/wp\/v2\/product_cat?post=527019"},{"taxonomy":"product_tag","embeddable":true,"href":"https:\/\/staging.nbg.eu\/lt\/wp-json\/wp\/v2\/product_tag?post=527019"}],"curies":[{"name":"wp","href":"https:\/\/api.w.org\/{rel}","templated":true}]}}