{"id":52516,"date":"2024-03-12T18:05:32","date_gmt":"2024-09-13T11:33:16","guid":{"rendered":"https:\/\/staging.nbg.eu\/product\/bore-tech-x-count-patches-multiple-sizes\/"},"modified":"2024-12-09T20:08:22","modified_gmt":"2024-12-09T20:08:22","slug":"bore-tech-x-count-pleistrai-ivairius-dydziai","status":"publish","type":"product","link":"https:\/\/staging.nbg.eu\/lt\/produktas\/bore-tech-x-count-pleistrai-ivairius-dydziai\/","title":{"rendered":"Bore Tech X-Count Pleistrai Ivairius Dyd\u017eiai"},"content":{"rendered":"<p>Bore Tech X-Count\u2122 valymo lopin\u0117liai. Savyb\u0117s:<\/p>\n<ul>\n<li>100% medviln\u0117s flanel\u0117<\/li>\n<li>Dvigubai \u0161iau\u0161tas, nesipe\u0161iojantis audinys<\/li>\n<li>Gerai valo<\/li>\n<li>Gerai sugeria tirpiklius<\/li>\n<li>Pagaminta Amerikoje<\/li>\n<li>Tinka \u012fvairiems ginkl\u0173 tipams ir kalibr\u0173 dyd\u017eiams<\/li>\n<li>Pakuot\u0117 pakabinama ir u\u017esandarinama<\/li>\n<\/ul>\n","protected":false},"excerpt":{"rendered":"<p>Auk\u0161tos kokyb\u0117s medvilniniai ginklo valymo lopai, \u012fvairi\u0173 dyd\u017ei\u0173. Pagaminta JAV.<\/p>\n","protected":false},"featured_media":52517,"template":"","meta":{"_acf_changed":false},"product_brand":[11158],"product_cat":[13722],"product_tag":[],"class_list":{"0":"post-52516","1":"product","2":"type-product","3":"status-publish","4":"has-post-thumbnail","6":"product_brand-boretech","7":"product_cat-ginklu-valymas","9":"first","10":"instock","11":"taxable","12":"shipping-taxable","13":"purchasable","14":"product-type-variable","15":"wvs-archive-product-wrapper"},"acf":[],"_links":{"self":[{"href":"https:\/\/staging.nbg.eu\/lt\/wp-json\/wp\/v2\/product\/52516","targetHints":{"allow":["GET"]}}],"collection":[{"href":"https:\/\/staging.nbg.eu\/lt\/wp-json\/wp\/v2\/product"}],"about":[{"href":"https:\/\/staging.nbg.eu\/lt\/wp-json\/wp\/v2\/types\/product"}],"wp:featuredmedia":[{"embeddable":true,"href":"https:\/\/staging.nbg.eu\/lt\/wp-json\/wp\/v2\/media\/52517"}],"wp:attachment":[{"href":"https:\/\/staging.nbg.eu\/lt\/wp-json\/wp\/v2\/media?parent=52516"}],"wp:term":[{"taxonomy":"product_brand","embeddable":true,"href":"https:\/\/staging.nbg.eu\/lt\/wp-json\/wp\/v2\/product_brand?post=52516"},{"taxonomy":"product_cat","embeddable":true,"href":"https:\/\/staging.nbg.eu\/lt\/wp-json\/wp\/v2\/product_cat?post=52516"},{"taxonomy":"product_tag","embeddable":true,"href":"https:\/\/staging.nbg.eu\/lt\/wp-json\/wp\/v2\/product_tag?post=52516"}],"curies":[{"name":"wp","href":"https:\/\/api.w.org\/{rel}","templated":true}]}}