{"id":52144,"date":"2024-03-12T19:00:56","date_gmt":"2024-09-13T11:29:58","guid":{"rendered":"https:\/\/staging.nbg.eu\/product\/bore-tech-rimfire-blend\/"},"modified":"2024-09-13T11:30:56","modified_gmt":"2024-09-13T11:30:56","slug":"bore-tech-rimfire-misinys","status":"publish","type":"product","link":"https:\/\/staging.nbg.eu\/lt\/produktas\/bore-tech-rimfire-misinys\/","title":{"rendered":"Bore Tech Rimfire Mi\u0161inys"},"content":{"rendered":"<div class=\"product-description\">\n<h2>Bore Tech \u0161autuvo vamzd\u017eio valiklis ma\u017eo kalibro ginklams<\/h2>\n<p>Skirtas ma\u017eo kalibro ginkl\u0173 \u0161auliams, \u0161is valiklis efektyviai \u0161alina \u0161vin\u0105, parako liku\u010dius ir kulk\u0173 va\u0161k\u0105. Naudojamas profesionali\u0173 var\u017eyb\u0173 dalyvi\u0173 ir ginkl\u0173 gamintoj\u0173.<\/p>\n<ul>\n<li>Be amoniako ir bekvapis<\/li>\n<li>100% biologi\u0161kai skaidus<\/li>\n<li>Pa\u0161alina \u0161vino, va\u0161ko ir anglies sluoksnius<\/li>\n<li>Reikalauja minimalaus \u0161epet\u0117lio naudojimo<\/li>\n<li>Saugus vis\u0173 tip\u0173 vamzd\u017eiams<\/li>\n<\/ul>\n<p>Bore Tech specializuotas valymo produktas.<\/p>\n<\/div>\n","protected":false},"excerpt":{"rendered":"<p>Efektyvus \u0161ovini\u0173 valiklis pa\u0161alina \u0161vin\u0105, va\u0161k\u0105 ir angl\u012f. Be amoniako.<\/p>\n","protected":false},"featured_media":52145,"template":"","meta":{"_acf_changed":false},"product_brand":[11158],"product_cat":[13722,13736],"product_tag":[],"class_list":{"0":"post-52144","1":"product","2":"type-product","3":"status-publish","4":"has-post-thumbnail","6":"product_brand-boretech","7":"product_cat-ginklu-valymas","8":"product_cat-valikliai","10":"first","11":"instock","12":"taxable","13":"shipping-taxable","14":"purchasable","15":"product-type-variable","16":"wvs-archive-product-wrapper"},"acf":[],"_links":{"self":[{"href":"https:\/\/staging.nbg.eu\/lt\/wp-json\/wp\/v2\/product\/52144","targetHints":{"allow":["GET"]}}],"collection":[{"href":"https:\/\/staging.nbg.eu\/lt\/wp-json\/wp\/v2\/product"}],"about":[{"href":"https:\/\/staging.nbg.eu\/lt\/wp-json\/wp\/v2\/types\/product"}],"wp:featuredmedia":[{"embeddable":true,"href":"https:\/\/staging.nbg.eu\/lt\/wp-json\/wp\/v2\/media\/52145"}],"wp:attachment":[{"href":"https:\/\/staging.nbg.eu\/lt\/wp-json\/wp\/v2\/media?parent=52144"}],"wp:term":[{"taxonomy":"product_brand","embeddable":true,"href":"https:\/\/staging.nbg.eu\/lt\/wp-json\/wp\/v2\/product_brand?post=52144"},{"taxonomy":"product_cat","embeddable":true,"href":"https:\/\/staging.nbg.eu\/lt\/wp-json\/wp\/v2\/product_cat?post=52144"},{"taxonomy":"product_tag","embeddable":true,"href":"https:\/\/staging.nbg.eu\/lt\/wp-json\/wp\/v2\/product_tag?post=52144"}],"curies":[{"name":"wp","href":"https:\/\/api.w.org\/{rel}","templated":true}]}}