{"id":51958,"date":"2024-03-12T19:14:59","date_gmt":"2024-09-13T11:27:26","guid":{"rendered":"https:\/\/staging.nbg.eu\/product\/bore-tech-cu2-copper-remover\/"},"modified":"2024-09-13T11:28:22","modified_gmt":"2024-09-13T11:28:22","slug":"bore-tech-cu2-vario-valiklis","status":"publish","type":"product","link":"https:\/\/staging.nbg.eu\/lt\/produktas\/bore-tech-cu2-vario-valiklis\/","title":{"rendered":"Bore Tech CU+2 Vario Valiklis"},"content":{"rendered":"<div class=\"product-description\">\n<h2>Bore Tech Cu+2 vario \u0161alinimo priemon\u0117<\/h2>\n<p>Cu+2 Copper Remover\u2122 yra patentuotas vario \u0161alinimo tirpalas. Jis veikia geriau nei tradiciniai naftos ir amoniako pagrindo tirpikliai:<\/p>\n<ul>\n<li>100% saugus vamzd\u017eiams ir be amoniako<\/li>\n<li>Be kvapo ir biologi\u0161kai skaidus<\/li>\n<li>Greitai ir visi\u0161kai pa\u0161alina var\u012f<\/li>\n<li>Dviej\u0173 \u017eingsni\u0173 valymo procesas<\/li>\n<li>Trumpalaik\u0117 apsauga nuo r\u016bd\u017ei\u0173<\/li>\n<\/ul>\n<p>\u0160i vario \u0161alinimo priemon\u0117 yra paprasta naudoti ir nepavojinga.<\/p>\n<\/div>\n","protected":false},"excerpt":{"rendered":"<p>Patentuotas, be amoniako vario \u0161alintojas. Greitai veikiantis, saugus vamzd\u017eiui ir bekvapis.<\/p>\n","protected":false},"featured_media":51959,"template":"","meta":{"_acf_changed":false},"product_brand":[11158],"product_cat":[13722,13736],"product_tag":[],"class_list":{"0":"post-51958","1":"product","2":"type-product","3":"status-publish","4":"has-post-thumbnail","6":"product_brand-boretech","7":"product_cat-ginklu-valymas","8":"product_cat-valikliai","10":"first","11":"instock","12":"taxable","13":"shipping-taxable","14":"purchasable","15":"product-type-variable","16":"wvs-archive-product-wrapper"},"acf":[],"_links":{"self":[{"href":"https:\/\/staging.nbg.eu\/lt\/wp-json\/wp\/v2\/product\/51958","targetHints":{"allow":["GET"]}}],"collection":[{"href":"https:\/\/staging.nbg.eu\/lt\/wp-json\/wp\/v2\/product"}],"about":[{"href":"https:\/\/staging.nbg.eu\/lt\/wp-json\/wp\/v2\/types\/product"}],"wp:featuredmedia":[{"embeddable":true,"href":"https:\/\/staging.nbg.eu\/lt\/wp-json\/wp\/v2\/media\/51959"}],"wp:attachment":[{"href":"https:\/\/staging.nbg.eu\/lt\/wp-json\/wp\/v2\/media?parent=51958"}],"wp:term":[{"taxonomy":"product_brand","embeddable":true,"href":"https:\/\/staging.nbg.eu\/lt\/wp-json\/wp\/v2\/product_brand?post=51958"},{"taxonomy":"product_cat","embeddable":true,"href":"https:\/\/staging.nbg.eu\/lt\/wp-json\/wp\/v2\/product_cat?post=51958"},{"taxonomy":"product_tag","embeddable":true,"href":"https:\/\/staging.nbg.eu\/lt\/wp-json\/wp\/v2\/product_tag?post=51958"}],"curies":[{"name":"wp","href":"https:\/\/api.w.org\/{rel}","templated":true}]}}