{"id":51808,"date":"2024-03-13T05:48:23","date_gmt":"2024-03-13T05:48:23","guid":{"rendered":"https:\/\/staging.nbg.eu\/product\/bore-tech-c4-carbon-remover-4-oz\/"},"modified":"2024-09-13T10:07:48","modified_gmt":"2024-09-13T10:07:48","slug":"bore-tech-c4-anglies-valiklis-4-oz","status":"publish","type":"product","link":"https:\/\/staging.nbg.eu\/lt\/produktas\/bore-tech-c4-anglies-valiklis-4-oz\/","title":{"rendered":"Bore Tech C4 Anglies Valiklis 4 Oz"},"content":{"rendered":"<div class=\"product-description\">\n<h2>Bore Tech C4 anglies valiklis &#8211; 118 ml<\/h2>\n<p>Bore Tech C4 anglies valiklis \u0161alina anglies apna\u0161as. \u0160is preparatas neturi pavojing\u0173 med\u017eiag\u0173, yra netoksi\u0161kas ir bekvapis. Jis saugus vamzd\u017eiams, nepavojingas ir be amoniako. Tinka vamzd\u017eiams, spynoms ir kitiems ginkl\u0173 komponentams valyti.<\/p>\n<\/div>\n","protected":false},"excerpt":{"rendered":"<p>Galingas, saugus anglies \u0161alinimo priemon\u0117 \u0161aunamiesiems ginklams. Greitas ir efektyvus.<\/p>\n","protected":false},"featured_media":51809,"template":"","meta":{"_acf_changed":false},"product_brand":[11158],"product_cat":[13722,13736],"product_tag":[],"class_list":{"0":"post-51808","1":"product","2":"type-product","3":"status-publish","4":"has-post-thumbnail","6":"product_brand-boretech","7":"product_cat-ginklu-valymas","8":"product_cat-valikliai","10":"first","11":"instock","12":"taxable","13":"shipping-taxable","14":"purchasable","15":"product-type-variable","16":"wvs-archive-product-wrapper"},"acf":[],"_links":{"self":[{"href":"https:\/\/staging.nbg.eu\/lt\/wp-json\/wp\/v2\/product\/51808","targetHints":{"allow":["GET"]}}],"collection":[{"href":"https:\/\/staging.nbg.eu\/lt\/wp-json\/wp\/v2\/product"}],"about":[{"href":"https:\/\/staging.nbg.eu\/lt\/wp-json\/wp\/v2\/types\/product"}],"wp:featuredmedia":[{"embeddable":true,"href":"https:\/\/staging.nbg.eu\/lt\/wp-json\/wp\/v2\/media\/51809"}],"wp:attachment":[{"href":"https:\/\/staging.nbg.eu\/lt\/wp-json\/wp\/v2\/media?parent=51808"}],"wp:term":[{"taxonomy":"product_brand","embeddable":true,"href":"https:\/\/staging.nbg.eu\/lt\/wp-json\/wp\/v2\/product_brand?post=51808"},{"taxonomy":"product_cat","embeddable":true,"href":"https:\/\/staging.nbg.eu\/lt\/wp-json\/wp\/v2\/product_cat?post=51808"},{"taxonomy":"product_tag","embeddable":true,"href":"https:\/\/staging.nbg.eu\/lt\/wp-json\/wp\/v2\/product_tag?post=51808"}],"curies":[{"name":"wp","href":"https:\/\/api.w.org\/{rel}","templated":true}]}}