{"id":51548,"date":"2024-03-15T05:39:44","date_gmt":"2024-09-13T09:59:23","guid":{"rendered":"https:\/\/staging.nbg.eu\/product\/bore-tech-bullet-knock-out-set\/"},"modified":"2024-09-13T10:00:13","modified_gmt":"2024-09-13T10:00:13","slug":"bore-tech-bullet-knock-out-rinkinys","status":"publish","type":"product","link":"https:\/\/staging.nbg.eu\/lt\/produktas\/bore-tech-bullet-knock-out-rinkinys\/","title":{"rendered":"# Bore Tech Bullet Knock-out Rinkinys"},"content":{"rendered":"<p><strong>Bore Tech kulk\u0173 i\u0161mu\u0161imo rinkinys<\/strong> yra \u012frankis \u0161auliams. \u0160is rinkinys turi 4 \u017ealvarinius antgalius, skirtus saugiai pa\u0161alinti \u012fstrigusias kulkas ar t\u016bteles nepa\u017eeid\u017eiant valymo strypo. Tinka \u0161autuvams ir pistoletams nuo .17 iki .50 kalibro.<\/p>\n","protected":false},"excerpt":{"rendered":"<p>B\u016btinas \u012frankis \u012fstrigusioms kulkoms pa\u0161alinti. 4 \u017ealvariniai antgaliai, 0,17-0,50 kalibro.<\/p>\n","protected":false},"featured_media":51549,"template":"","meta":{"_acf_changed":false},"product_brand":[11158],"product_cat":[13722,13749],"product_tag":[],"class_list":{"0":"post-51548","1":"product","2":"type-product","3":"status-publish","4":"has-post-thumbnail","6":"product_brand-boretech","7":"product_cat-ginklu-valymas","8":"product_cat-sepeteliai","10":"first","11":"instock","12":"taxable","13":"shipping-taxable","14":"purchasable","15":"product-type-simple"},"acf":[],"_links":{"self":[{"href":"https:\/\/staging.nbg.eu\/lt\/wp-json\/wp\/v2\/product\/51548","targetHints":{"allow":["GET"]}}],"collection":[{"href":"https:\/\/staging.nbg.eu\/lt\/wp-json\/wp\/v2\/product"}],"about":[{"href":"https:\/\/staging.nbg.eu\/lt\/wp-json\/wp\/v2\/types\/product"}],"wp:featuredmedia":[{"embeddable":true,"href":"https:\/\/staging.nbg.eu\/lt\/wp-json\/wp\/v2\/media\/51549"}],"wp:attachment":[{"href":"https:\/\/staging.nbg.eu\/lt\/wp-json\/wp\/v2\/media?parent=51548"}],"wp:term":[{"taxonomy":"product_brand","embeddable":true,"href":"https:\/\/staging.nbg.eu\/lt\/wp-json\/wp\/v2\/product_brand?post=51548"},{"taxonomy":"product_cat","embeddable":true,"href":"https:\/\/staging.nbg.eu\/lt\/wp-json\/wp\/v2\/product_cat?post=51548"},{"taxonomy":"product_tag","embeddable":true,"href":"https:\/\/staging.nbg.eu\/lt\/wp-json\/wp\/v2\/product_tag?post=51548"}],"curies":[{"name":"wp","href":"https:\/\/api.w.org\/{rel}","templated":true}]}}