{"id":51466,"date":"2024-03-15T06:18:52","date_gmt":"2024-09-13T09:57:05","guid":{"rendered":"https:\/\/staging.nbg.eu\/product\/bore-tech-chameleon-gel-2-oz-tube\/"},"modified":"2024-09-13T09:57:58","modified_gmt":"2024-09-13T09:57:58","slug":"bore-tech-chameleon-gelis-2-unciju-tubele","status":"publish","type":"product","link":"https:\/\/staging.nbg.eu\/lt\/produktas\/bore-tech-chameleon-gelis-2-unciju-tubele\/","title":{"rendered":"Bore Tech Chameleon gelis (2 uncij\u0173 t\u016bbel\u0117)"},"content":{"rendered":"<h2>Bore Tech Chameleon gelis (2 uncij\u0173 t\u016bbel\u0117)<\/h2>\n<p>Bore Tech Chameleon Gel\u2122 yra patentuotas valiklis ir poliravimo priemon\u0117 \u0161aunamiesiems ginklams. \u0160is spalv\u0105 kei\u010diantis gelis pa\u0161alina anglies, vario, \u0161vino ir molibdeno liku\u010dius, palikdamas vamzd\u012f \u0161var\u0173.<\/p>\n<ul>\n<li>Be kvapo ir biologi\u0161kai skaidus<\/li>\n<li>Tinka vis\u0173 tip\u0173 vamzd\u017eiams<\/li>\n<li>Nereikia mai\u0161yti<\/li>\n<li>Gelio formul\u0117<\/li>\n<li>Spalvos indikacija valymui<\/li>\n<\/ul>\n<p>Chameleon gelio formul\u0117 kei\u010dia spalv\u0105, nurodydama liku\u010di\u0173 tip\u0105:<\/p>\n<p>M\u0117lyna\/\u017ealia: Varis<\/p>\n<p>Juoda: Anglis<\/p>\n<p>Pilka: \u0160vinas\/molibdenas<\/p>\n<p>Balta: \u0160varus vamzdis<\/p>\n<p>Palaikykite savo \u0161aunamojo ginklo veikim\u0105 su \u0161iuo valymo tirpalu. \u012esigykite 2 uncij\u0173 t\u016bbel\u0119.<\/p>\n","protected":false},"excerpt":{"rendered":"<p>Spalv\u0105 kei\u010diantis gelio valiklis pa\u0161alina ne\u0161varumus i\u0161 ginkl\u0173 vamzd\u017ei\u0173.<\/p>\n","protected":false},"featured_media":51467,"template":"","meta":{"_acf_changed":false},"product_brand":[11158],"product_cat":[13722,13736],"product_tag":[],"class_list":{"0":"post-51466","1":"product","2":"type-product","3":"status-publish","4":"has-post-thumbnail","6":"product_brand-boretech","7":"product_cat-ginklu-valymas","8":"product_cat-valikliai","10":"first","11":"instock","12":"taxable","13":"shipping-taxable","14":"purchasable","15":"product-type-simple"},"acf":[],"_links":{"self":[{"href":"https:\/\/staging.nbg.eu\/lt\/wp-json\/wp\/v2\/product\/51466","targetHints":{"allow":["GET"]}}],"collection":[{"href":"https:\/\/staging.nbg.eu\/lt\/wp-json\/wp\/v2\/product"}],"about":[{"href":"https:\/\/staging.nbg.eu\/lt\/wp-json\/wp\/v2\/types\/product"}],"wp:featuredmedia":[{"embeddable":true,"href":"https:\/\/staging.nbg.eu\/lt\/wp-json\/wp\/v2\/media\/51467"}],"wp:attachment":[{"href":"https:\/\/staging.nbg.eu\/lt\/wp-json\/wp\/v2\/media?parent=51466"}],"wp:term":[{"taxonomy":"product_brand","embeddable":true,"href":"https:\/\/staging.nbg.eu\/lt\/wp-json\/wp\/v2\/product_brand?post=51466"},{"taxonomy":"product_cat","embeddable":true,"href":"https:\/\/staging.nbg.eu\/lt\/wp-json\/wp\/v2\/product_cat?post=51466"},{"taxonomy":"product_tag","embeddable":true,"href":"https:\/\/staging.nbg.eu\/lt\/wp-json\/wp\/v2\/product_tag?post=51466"}],"curies":[{"name":"wp","href":"https:\/\/api.w.org\/{rel}","templated":true}]}}