{"id":51424,"date":"2024-03-15T07:11:12","date_gmt":"2024-09-13T09:53:20","guid":{"rendered":"https:\/\/staging.nbg.eu\/product\/bore-tech-shield-xp-rust-preventive\/"},"modified":"2024-12-09T20:08:17","modified_gmt":"2024-12-09T20:08:17","slug":"bore-tech-shield-xp-rudziu-apsauga","status":"publish","type":"product","link":"https:\/\/staging.nbg.eu\/lt\/produktas\/bore-tech-shield-xp-rudziu-apsauga\/","title":{"rendered":"Bore Tech Shield XP r\u016bd\u017ei\u0173 apsauga"},"content":{"rendered":"<h2>Bore Tech Shield XP Apsauga nuo r\u016bd\u017ei\u0173<\/h2>\n<p>Apsaugokite savo \u0161aunamuosius ginklus su Bore Tech Shield XP apsauga nuo r\u016bd\u017ei\u0173. \u0160i formul\u0117 apsaugo nuo r\u016bd\u017ei\u0173 ir korozijos. Tirpalas \u012fsiskverbia giliai, pa\u0161alina dr\u0117gm\u0119 ir neutralizuoja korozinius elementus, palikdamas nematom\u0105 barjer\u0105, kuris nepritraukia ne\u0161varum\u0173.<\/p>\n<ul>\n<li>Tinka ilgalaikiam saugojimui<\/li>\n<li>Saugu visiems metalams<\/li>\n<li>I\u0161laiko daugiau nei 500 valand\u0173 ASTM dr\u0117gm\u0117s bandyme<\/li>\n<li>Kokos\u0173 kvapas<\/li>\n<li>Patogus purk\u0161tuvas<\/li>\n<\/ul>\n<h3>Instrukcijos:<\/h3>\n<ol>\n<li>I\u0161imkite \u0161ovinius ir nuvalykite pavir\u0161ius<\/li>\n<li>U\u017epurk\u0161kite arba u\u017etepkite Shield XP ant metalini\u0173 pavir\u0161i\u0173<\/li>\n<li>Palaukite 15 minu\u010di\u0173, jei reikia, u\u017etepkite antr\u0105 sluoksn\u012f<\/li>\n<li>Prie\u0161 naudojim\u0105, praki\u0161kite saus\u0105 \u0161luost\u0119 per vamzd\u012f<\/li>\n<\/ol>\n<p>Shield XP: Apsauga nuo r\u016bd\u017ei\u0173 ir korozijos j\u016bs\u0173 \u0161aunamiesiems ginklams.<\/p>\n","protected":false},"excerpt":{"rendered":"<p>Ilgalaik\u0117 apsauga nuo r\u016bd\u017ei\u0173 \u0161aunamiesiems ginklams.<\/p>\n","protected":false},"featured_media":51362,"template":"","meta":{"_acf_changed":false},"product_brand":[11158],"product_cat":[13722,13710],"product_tag":[],"class_list":{"0":"post-51424","1":"product","2":"type-product","3":"status-publish","4":"has-post-thumbnail","6":"product_brand-boretech","7":"product_cat-ginklu-valymas","8":"product_cat-tepalai","10":"first","11":"instock","12":"taxable","13":"shipping-taxable","14":"purchasable","15":"product-type-simple"},"acf":[],"_links":{"self":[{"href":"https:\/\/staging.nbg.eu\/lt\/wp-json\/wp\/v2\/product\/51424","targetHints":{"allow":["GET"]}}],"collection":[{"href":"https:\/\/staging.nbg.eu\/lt\/wp-json\/wp\/v2\/product"}],"about":[{"href":"https:\/\/staging.nbg.eu\/lt\/wp-json\/wp\/v2\/types\/product"}],"wp:featuredmedia":[{"embeddable":true,"href":"https:\/\/staging.nbg.eu\/lt\/wp-json\/wp\/v2\/media\/51362"}],"wp:attachment":[{"href":"https:\/\/staging.nbg.eu\/lt\/wp-json\/wp\/v2\/media?parent=51424"}],"wp:term":[{"taxonomy":"product_brand","embeddable":true,"href":"https:\/\/staging.nbg.eu\/lt\/wp-json\/wp\/v2\/product_brand?post=51424"},{"taxonomy":"product_cat","embeddable":true,"href":"https:\/\/staging.nbg.eu\/lt\/wp-json\/wp\/v2\/product_cat?post=51424"},{"taxonomy":"product_tag","embeddable":true,"href":"https:\/\/staging.nbg.eu\/lt\/wp-json\/wp\/v2\/product_tag?post=51424"}],"curies":[{"name":"wp","href":"https:\/\/api.w.org\/{rel}","templated":true}]}}