{"id":51361,"date":"2024-03-15T07:47:20","date_gmt":"2024-09-13T09:49:53","guid":{"rendered":"https:\/\/staging.nbg.eu\/product\/boretech-eliminator-4-oz\/"},"modified":"2024-09-13T09:50:51","modified_gmt":"2024-09-13T09:50:51","slug":"boretech-eliminator-4-uncijos","status":"publish","type":"product","link":"https:\/\/staging.nbg.eu\/lt\/produktas\/boretech-eliminator-4-uncijos\/","title":{"rendered":"BoreTech Eliminator &#8211; 4 uncijos"},"content":{"rendered":"<div class=\"product-description\">\n<h2>BoreTech Eliminator &#8211; 118 ml<\/h2>\n<p>BoreTech Eliminator\u2122 vamzd\u017ei\u0173 valiklis yra patentuota, greitai veikianti ir vamzd\u017eiams saugi formul\u0117. Pagrindin\u0117s savyb\u0117s:<\/p>\n<ul>\n<li>100% saugus vamzd\u017eiams ir biologi\u0161kai skaidus<\/li>\n<li>Be amoniako ir bekvapis<\/li>\n<li>Greitai pa\u0161alina anglies, vario, \u0161vino ir korozinius liku\u010dius<\/li>\n<li>Nepavojingas ir patogus naudoti<\/li>\n<\/ul>\n<p>Eliminator chemini\u0173 pavir\u0161iaus aktyvi\u0173 med\u017eiag\u0173 mi\u0161inys greitai atlaisvina anglies nuos\u0117das, oksiduoja ir suspenduoja vario ne\u0161varumus. Tai u\u017ekerta keli\u0105 pakartotiniam nus\u0117dimui ir u\u017etikrina kruop\u0161t\u0173 valym\u0105.<\/p>\n<h3>Instrukcijos:<\/h3>\n<ol>\n<li>Sudr\u0117kinkite 3-4 lopin\u0117lius Eliminator ir prastumkite per vamzd\u012f viena kryptimi<\/li>\n<li>Padarykite 10-15 per\u0117jim\u0173 su sudr\u0117kintu nailoniniu \u0161epet\u0117liu<\/li>\n<li>Pakartokite 1 \u017eingsn\u012f ir palikite 3-5 minutes<\/li>\n<li>Stumkite sausus lopin\u0117lius, kol bus \u0161varu<\/li>\n<li>Jei reikia, pakartokite<\/li>\n<li>Saugojimui naudokite Bore Tech Friction Guard XP ginkl\u0173 alyv\u0105<\/li>\n<li>Prie\u0161 naudojim\u0105 prastumkite saus\u0105 lopin\u0117l\u012f<\/li>\n<\/ol>\n<p>Pasirinkite BoreTech Eliminator efektyviam valymui ir vamzd\u017eio apsaugai.<\/p>\n<\/div>\n","protected":false},"excerpt":{"rendered":"<p>BoreTech Eliminator: Saugus, galingas vamzd\u017ei\u0173 valiklis. Pa\u0161alina ne\u0161varumus.<\/p>\n","protected":false},"featured_media":70981,"template":"","meta":{"_acf_changed":false},"product_brand":[11158],"product_cat":[13722,13736],"product_tag":[],"class_list":{"0":"post-51361","1":"product","2":"type-product","3":"status-publish","4":"has-post-thumbnail","6":"product_brand-boretech","7":"product_cat-ginklu-valymas","8":"product_cat-valikliai","10":"first","11":"instock","12":"taxable","13":"shipping-taxable","14":"purchasable","15":"product-type-variable","16":"wvs-archive-product-wrapper"},"acf":[],"_links":{"self":[{"href":"https:\/\/staging.nbg.eu\/lt\/wp-json\/wp\/v2\/product\/51361","targetHints":{"allow":["GET"]}}],"collection":[{"href":"https:\/\/staging.nbg.eu\/lt\/wp-json\/wp\/v2\/product"}],"about":[{"href":"https:\/\/staging.nbg.eu\/lt\/wp-json\/wp\/v2\/types\/product"}],"wp:featuredmedia":[{"embeddable":true,"href":"https:\/\/staging.nbg.eu\/lt\/wp-json\/wp\/v2\/media\/70981"}],"wp:attachment":[{"href":"https:\/\/staging.nbg.eu\/lt\/wp-json\/wp\/v2\/media?parent=51361"}],"wp:term":[{"taxonomy":"product_brand","embeddable":true,"href":"https:\/\/staging.nbg.eu\/lt\/wp-json\/wp\/v2\/product_brand?post=51361"},{"taxonomy":"product_cat","embeddable":true,"href":"https:\/\/staging.nbg.eu\/lt\/wp-json\/wp\/v2\/product_cat?post=51361"},{"taxonomy":"product_tag","embeddable":true,"href":"https:\/\/staging.nbg.eu\/lt\/wp-json\/wp\/v2\/product_tag?post=51361"}],"curies":[{"name":"wp","href":"https:\/\/api.w.org\/{rel}","templated":true}]}}