{"id":51255,"date":"2024-03-15T17:11:28","date_gmt":"2024-03-15T17:11:28","guid":{"rendered":"https:\/\/staging.nbg.eu\/product\/bore-tech-bore-guide-bolt-action-centerfire-8mm-416-cal\/"},"modified":"2024-09-13T09:47:58","modified_gmt":"2024-09-13T09:47:58","slug":"bore-tech-vamzdzio-vedlys-verzlinis-centrinio-uzdegimo-8mm416-cal","status":"publish","type":"product","link":"https:\/\/staging.nbg.eu\/lt\/produktas\/bore-tech-vamzdzio-vedlys-verzlinis-centrinio-uzdegimo-8mm416-cal\/","title":{"rendered":"Bore Tech vamzd\u017eio vedlys &#8211; ver\u017elinis centrinio u\u017edegimo (8mm\/.416 Cal)"},"content":{"rendered":"<div class=\"product-description\">\n<h2>Bore Tech vamzd\u017eio kreiptuvas &#8211; \u0161autuvams su u\u017eraktu (8mm\/.416 kalibro)<\/h2>\n<p>Apsaugokite savo \u0161aunam\u0105j\u012f ginkl\u0105 ir valymo stryp\u0105 su Bore Tech vamzd\u017eio kreiptuvu. \u0160is \u012frankis \u0161autuvams su u\u017eraktu u\u017etikrina:<\/p>\n<ul>\n<li>Tiksl\u0173 valymo stryp\u0173 sulygiavim\u0105 su vamzd\u017eiu<\/li>\n<li>\u0160aunamojo ginklo ir valymo strypo apsaug\u0105 nuo pa\u017eeidim\u0173<\/li>\n<li>Sandarinim\u0105 su tirpikliams atspariomis gumin\u0117mis nosies detal\u0117mis<\/li>\n<li>Vamzd\u017eio valiklio nepatekim\u0105 \u012f \u0161ovinio lizd\u0105 ir spyn\u0105<\/li>\n<\/ul>\n<p>Savyb\u0117s:<\/p>\n<ul>\n<li>CNC apdirbtos ir injekcinio liejimo b\u016bdu pagamintos dalys<\/li>\n<li>\u017dalios spalvos kodavimas 8mm &#8211; .416 kalibrui<\/li>\n<li>Tinka daugumai \u0161autuv\u0173 su u\u017eraktu<\/li>\n<li>Praplatinti tirpiklio angos lengvam naudojimui<\/li>\n<li>Reguliuojama spynos apykakl\u0117 trumpiems ir ilgiems veiksmams<\/li>\n<\/ul>\n<p>Bore Tech vamzd\u017eio kreiptuvas skirtas tinkamam \u0161aunamojo ginklo prie\u017ei\u016brai.<\/p>\n<\/div>\n","protected":false},"excerpt":{"rendered":"<p>Tikslusis valymo \u012frankis 8 mm-.416 kalibro \u0161autuvams su slankiojan\u010dia spyna. Apsaugo nuo pa\u017eeidim\u0173.<\/p>\n","protected":false},"featured_media":51256,"template":"","meta":{"_acf_changed":false},"product_brand":[11158],"product_cat":[13722,13681],"product_tag":[],"class_list":{"0":"post-51255","1":"product","2":"type-product","3":"status-publish","4":"has-post-thumbnail","6":"product_brand-boretech","7":"product_cat-ginklu-valymas","8":"product_cat-valymo-strypai","10":"first","11":"instock","12":"taxable","13":"shipping-taxable","14":"purchasable","15":"product-type-variable","16":"wvs-archive-product-wrapper"},"acf":[],"_links":{"self":[{"href":"https:\/\/staging.nbg.eu\/lt\/wp-json\/wp\/v2\/product\/51255","targetHints":{"allow":["GET"]}}],"collection":[{"href":"https:\/\/staging.nbg.eu\/lt\/wp-json\/wp\/v2\/product"}],"about":[{"href":"https:\/\/staging.nbg.eu\/lt\/wp-json\/wp\/v2\/types\/product"}],"wp:featuredmedia":[{"embeddable":true,"href":"https:\/\/staging.nbg.eu\/lt\/wp-json\/wp\/v2\/media\/51256"}],"wp:attachment":[{"href":"https:\/\/staging.nbg.eu\/lt\/wp-json\/wp\/v2\/media?parent=51255"}],"wp:term":[{"taxonomy":"product_brand","embeddable":true,"href":"https:\/\/staging.nbg.eu\/lt\/wp-json\/wp\/v2\/product_brand?post=51255"},{"taxonomy":"product_cat","embeddable":true,"href":"https:\/\/staging.nbg.eu\/lt\/wp-json\/wp\/v2\/product_cat?post=51255"},{"taxonomy":"product_tag","embeddable":true,"href":"https:\/\/staging.nbg.eu\/lt\/wp-json\/wp\/v2\/product_tag?post=51255"}],"curies":[{"name":"wp","href":"https:\/\/api.w.org\/{rel}","templated":true}]}}