{"id":51123,"date":"2024-03-16T18:40:45","date_gmt":"2024-09-13T09:25:19","guid":{"rendered":"https:\/\/staging.nbg.eu\/product\/bore-tech-bronze-stainless-chamber-brush\/"},"modified":"2024-09-13T09:26:11","modified_gmt":"2024-09-13T09:26:11","slug":"bore-tech-bronzosnerudijancio-plieno-kameros-sepetelis","status":"publish","type":"product","link":"https:\/\/staging.nbg.eu\/lt\/produktas\/bore-tech-bronzosnerudijancio-plieno-kameros-sepetelis\/","title":{"rendered":"Bore Tech bronzos\/ner\u016bdijan\u010dio plieno kameros \u0161epet\u0117lis"},"content":{"rendered":"<h2>Bore Tech bronzinis\/ner\u016bdijan\u010dio plieno kameros \u0161epetys<\/h2>\n<p>Bore Tech bronziniai\/ner\u016bdijan\u010dio plieno kameros \u0161epe\u010diai. \u0160ie \u0161epe\u010diai yra saug\u016bs naudoti kameroje ir pasi\u017eymi tvirta konstrukcija.<\/p>\n<ul>\n<li>Bronzini\u0173 ir ner\u016bdijan\u010dio plieno \u0161ereli\u0173 derinys<\/li>\n<li>Dvigubas valymo efektyvumas<\/li>\n<li>U\u017eapvalinti \u0161epe\u010dio galai<\/li>\n<li>Aliuminio koto jungtys<\/li>\n<li>Tinka .223\/5.56mm AR-15 ir .308\/7.62mm AR-10<\/li>\n<\/ul>\n<p>Bore Tech \u0161epe\u010diai skirti kameros valymui.<\/p>\n<h3>Naudojimo instrukcija:<\/h3>\n<ol>\n<li>Prisukite \u0161epet\u012f prie koto<\/li>\n<li>Sudr\u0117kinkite \u0161epet\u012f valikliu<\/li>\n<li>\u012eki\u0161kite \u012f kamer\u0105 ir pasukite 6-12 kart\u0173<\/li>\n<li>Jei reikia, pakartokite su papildomu valikliu<\/li>\n<li>Nuvalykite kamer\u0105 \u0161luoste<\/li>\n<li>I\u0161valykite \u0161epe\u010dius prie\u0161 pad\u0117dami<\/li>\n<\/ol>\n","protected":false},"excerpt":{"rendered":"<p>Efektyvus dvigubo \u0161eri\u0173 kameros \u0161epet\u0117lis AR-15 ir AR-10 \u0161autuvams.<\/p>\n","protected":false},"featured_media":51124,"template":"","meta":{"_acf_changed":false},"product_brand":[11158],"product_cat":[13722,13749],"product_tag":[],"class_list":{"0":"post-51123","1":"product","2":"type-product","3":"status-publish","4":"has-post-thumbnail","6":"product_brand-boretech","7":"product_cat-ginklu-valymas","8":"product_cat-sepeteliai","9":"pa_model-ar-10-lt","10":"pa_model-ar-15-lt","12":"first","13":"instock","14":"taxable","15":"shipping-taxable","16":"purchasable","17":"product-type-variable","18":"wvs-archive-product-wrapper"},"acf":[],"_links":{"self":[{"href":"https:\/\/staging.nbg.eu\/lt\/wp-json\/wp\/v2\/product\/51123","targetHints":{"allow":["GET"]}}],"collection":[{"href":"https:\/\/staging.nbg.eu\/lt\/wp-json\/wp\/v2\/product"}],"about":[{"href":"https:\/\/staging.nbg.eu\/lt\/wp-json\/wp\/v2\/types\/product"}],"wp:featuredmedia":[{"embeddable":true,"href":"https:\/\/staging.nbg.eu\/lt\/wp-json\/wp\/v2\/media\/51124"}],"wp:attachment":[{"href":"https:\/\/staging.nbg.eu\/lt\/wp-json\/wp\/v2\/media?parent=51123"}],"wp:term":[{"taxonomy":"product_brand","embeddable":true,"href":"https:\/\/staging.nbg.eu\/lt\/wp-json\/wp\/v2\/product_brand?post=51123"},{"taxonomy":"product_cat","embeddable":true,"href":"https:\/\/staging.nbg.eu\/lt\/wp-json\/wp\/v2\/product_cat?post=51123"},{"taxonomy":"product_tag","embeddable":true,"href":"https:\/\/staging.nbg.eu\/lt\/wp-json\/wp\/v2\/product_tag?post=51123"}],"curies":[{"name":"wp","href":"https:\/\/api.w.org\/{rel}","templated":true}]}}