{"id":50972,"date":"2024-01-30T18:05:11","date_gmt":"2024-09-13T09:12:12","guid":{"rendered":"https:\/\/staging.nbg.eu\/product\/blue-force-gear-vickers-padded-sling\/"},"modified":"2024-10-30T09:09:34","modified_gmt":"2024-10-30T09:09:34","slug":"blue-force-gear-vickers-paminkstintas-dirzas","status":"publish","type":"product","link":"https:\/\/staging.nbg.eu\/lt\/produktas\/blue-force-gear-vickers-paminkstintas-dirzas\/","title":{"rendered":"Blue Force Gear Vickers pamink\u0161tintas dir\u017eas"},"content":{"rendered":"<h2>Blue Force Gear Vickers pamink\u0161tintas dir\u017eas<\/h2>\n<p>Vickers pamink\u0161tintas kovos pritaikymo dir\u017eas\u2122 sukurtas bendradarbiaujant su Larry Vickers, buvusiu 1-osios SFOD-Delta operatyviniu nariu. \u0160\u012f greitai reguliuojam\u0105 taktin\u012f dir\u017e\u0105 naudoja JAV kariuomen\u0117.<\/p>\n<h2>Pagrindin\u0117s savyb\u0117s:<\/h2>\n<ul>\n<li>2 coli\u0173 \u012fmontuotas pamink\u0161tinimas papildomam patogumui<\/li>\n<li>U\u017edar\u0173 l\u0105steli\u0173 putplas\u010dio konstrukcija<\/li>\n<li>Greitas reguliatorius momentiniams ilgio pakeitimams<\/li>\n<li>Sklandus per\u0117jimas nuo ne\u0161iojimo iki kovos parengties<\/li>\n<li>Pagaminta JAV i\u0161 kokybi\u0161k\u0173 med\u017eiag\u0173<\/li>\n<\/ul>\n<p>Vickers pamink\u0161tintas dir\u017eas suderina patogum\u0105 ir funkcionalum\u0105.<\/p>\n","protected":false},"excerpt":{"rendered":"<p>Greitai reguliuojamas taktinis dir\u017eas su pamink\u0161tinimu, skirtas patogiai ne\u0161ioti \u0161autuvus.<\/p>\n","protected":false},"featured_media":50726,"template":"","meta":{"_acf_changed":false},"product_brand":[11135],"product_cat":[13704,13708],"product_tag":[],"class_list":{"0":"post-50972","1":"product","2":"type-product","3":"status-publish","4":"has-post-thumbnail","6":"product_brand-blue-force-gear","7":"product_cat-dirzai","8":"product_cat-iranga","10":"first","11":"instock","12":"taxable","13":"shipping-taxable","14":"purchasable","15":"product-type-variable","16":"wvs-archive-product-wrapper"},"acf":[],"_links":{"self":[{"href":"https:\/\/staging.nbg.eu\/lt\/wp-json\/wp\/v2\/product\/50972","targetHints":{"allow":["GET"]}}],"collection":[{"href":"https:\/\/staging.nbg.eu\/lt\/wp-json\/wp\/v2\/product"}],"about":[{"href":"https:\/\/staging.nbg.eu\/lt\/wp-json\/wp\/v2\/types\/product"}],"wp:featuredmedia":[{"embeddable":true,"href":"https:\/\/staging.nbg.eu\/lt\/wp-json\/wp\/v2\/media\/50726"}],"wp:attachment":[{"href":"https:\/\/staging.nbg.eu\/lt\/wp-json\/wp\/v2\/media?parent=50972"}],"wp:term":[{"taxonomy":"product_brand","embeddable":true,"href":"https:\/\/staging.nbg.eu\/lt\/wp-json\/wp\/v2\/product_brand?post=50972"},{"taxonomy":"product_cat","embeddable":true,"href":"https:\/\/staging.nbg.eu\/lt\/wp-json\/wp\/v2\/product_cat?post=50972"},{"taxonomy":"product_tag","embeddable":true,"href":"https:\/\/staging.nbg.eu\/lt\/wp-json\/wp\/v2\/product_tag?post=50972"}],"curies":[{"name":"wp","href":"https:\/\/api.w.org\/{rel}","templated":true}]}}