{"id":50405,"date":"2024-04-18T10:53:56","date_gmt":"2024-09-13T08:59:21","guid":{"rendered":"https:\/\/staging.nbg.eu\/product\/blue-force-gear-gmt-sling\/"},"modified":"2024-09-13T09:00:16","modified_gmt":"2024-09-13T09:00:16","slug":"blue-force-gear-gmt-dirzas","status":"publish","type":"product","link":"https:\/\/staging.nbg.eu\/lt\/produktas\/blue-force-gear-gmt-dirzas\/","title":{"rendered":"Blue Force Gear GMT dir\u017eas"},"content":{"rendered":"<h2>Blue Force Gear GMT dir\u017eas<\/h2>\n<p>Blue Force Gear GMT dir\u017eas sprend\u017eia tradicini\u0173 dir\u017e\u0173 tr\u016bkumus, si\u016blydamas patogum\u0105 ir funkcionalum\u0105.<\/p>\n<h2>Pagrindin\u0117s savyb\u0117s:<\/h2>\n<ul>\n<li>Dvigubas u\u017erakto sagtis pagamintas i\u0161 stiklu sustiprinto nailono<\/li>\n<li>CORDURA\u00ae nailono juosta patogumui ir ma\u017eesniam u\u017esikabinimui<\/li>\n<li>Lengvas reguliavimas: patraukite uodeg\u0105, kad suver\u017etum\u0117te, suimkite apval\u0173 mygtuk\u0105, kad atlaisvintum\u0117te<\/li>\n<li>\u012esi\u016btas stabdiklis uodegos gale apsaugo nuo atsitiktinio ginklo atlaisvinimo<\/li>\n<\/ul>\n<h2>Specifikacijos:<\/h2>\n<ul>\n<li>Galimi 1&#8243; ir 1.25&#8243; plo\u010dio juostos<\/li>\n<li>Tinka \u012fvairiems ginklams, nuo lengv\u0173 \u0161autuv\u0173 iki med\u017eioklini\u0173<\/li>\n<li>Ilgis: 34&#8243; &#8211; 64&#8243;<\/li>\n<li>Metalin\u0117s dalys: Stiklu sustiprintas DuPont Zytel\u00ae nailonas<\/li>\n<\/ul>\n<p>GMT dir\u017eas &#8211; nauja taktini\u0173 dir\u017e\u0173 konstrukcija.<\/p>\n","protected":false},"excerpt":{"rendered":"<p>Inovatyvus taktinis dir\u017eas su ner\u016bdijan\u010diu reguliatoriumi ir patogiu austinio audinio dir\u017eeliu.<\/p>\n","protected":false},"featured_media":50406,"template":"","meta":{"_acf_changed":false},"product_brand":[11135],"product_cat":[13704,13708],"product_tag":[],"class_list":{"0":"post-50405","1":"product","2":"type-product","3":"status-publish","4":"has-post-thumbnail","6":"product_brand-blue-force-gear","7":"product_cat-dirzai","8":"product_cat-iranga","10":"first","11":"instock","12":"taxable","13":"shipping-taxable","14":"purchasable","15":"product-type-variable","16":"wvs-archive-product-wrapper"},"acf":[],"_links":{"self":[{"href":"https:\/\/staging.nbg.eu\/lt\/wp-json\/wp\/v2\/product\/50405","targetHints":{"allow":["GET"]}}],"collection":[{"href":"https:\/\/staging.nbg.eu\/lt\/wp-json\/wp\/v2\/product"}],"about":[{"href":"https:\/\/staging.nbg.eu\/lt\/wp-json\/wp\/v2\/types\/product"}],"wp:featuredmedia":[{"embeddable":true,"href":"https:\/\/staging.nbg.eu\/lt\/wp-json\/wp\/v2\/media\/50406"}],"wp:attachment":[{"href":"https:\/\/staging.nbg.eu\/lt\/wp-json\/wp\/v2\/media?parent=50405"}],"wp:term":[{"taxonomy":"product_brand","embeddable":true,"href":"https:\/\/staging.nbg.eu\/lt\/wp-json\/wp\/v2\/product_brand?post=50405"},{"taxonomy":"product_cat","embeddable":true,"href":"https:\/\/staging.nbg.eu\/lt\/wp-json\/wp\/v2\/product_cat?post=50405"},{"taxonomy":"product_tag","embeddable":true,"href":"https:\/\/staging.nbg.eu\/lt\/wp-json\/wp\/v2\/product_tag?post=50405"}],"curies":[{"name":"wp","href":"https:\/\/api.w.org\/{rel}","templated":true}]}}