{"id":50155,"date":"2024-04-21T18:34:24","date_gmt":"2024-09-13T08:44:23","guid":{"rendered":"https:\/\/staging.nbg.eu\/product\/blue-force-gear-molded-uwl-black\/"},"modified":"2024-09-13T08:45:11","modified_gmt":"2024-09-13T08:45:11","slug":"blue-force-gear-formuotas-uwl-juodas","status":"publish","type":"product","link":"https:\/\/staging.nbg.eu\/lt\/produktas\/blue-force-gear-formuotas-uwl-juodas\/","title":{"rendered":"Blue Force Gear formuotas UWL &#8211; juodas"},"content":{"rendered":"<div class=\"product-description\">\n<h2>Blue Force Gear formuotas UWL &#8211; Juodas<\/h2>\n<p>Formuotas universalus vielos kilpa (UWL) skirtas prijungti dir\u017eus prie \u012fvairi\u0173 ginklo tvirtinimo ta\u0161k\u0173. Tinka dir\u017eams iki 1,25&#8243; plo\u010dio, \u012fskaitant Vickers dir\u017e\u0105. Jis yra lengvas ir tinka \u0105sel\u0117ms, lizdams ir b\u0117geli\u0173 skyl\u0117ms.<\/p>\n<h3>Pagrindin\u0117s savyb\u0117s:<\/h3>\n<ul>\n<li>Karin\u0117s klas\u0117s nailonu dengtas orlaivi\u0173 klas\u0117s ner\u016bdijan\u010dio plieno kabelis<\/li>\n<li>Nailono 6-6 neatspindintis korpusas<\/li>\n<li>2,55&#8243; vielos kilpa nuo pagrindo iki vir\u0161aus<\/li>\n<li>1,25&#8243; dir\u017eo kilpa, suderinama su Vickers Combat Applications Slings\u2122<\/li>\n<li>Mygtukas standartiniams dir\u017e\u0173 suku\u010diams<\/li>\n<li>Karin\u0117s specifikacijos rutuliniai galai, tiesiogiai pritvirtinti prie vielos<\/li>\n<\/ul>\n<p>Blue Force Gear formuotas UWL &#8211; Juodas yra skirtas dir\u017e\u0173 tvirtinimui.<\/p>\n<\/div>\n","protected":false},"excerpt":{"rendered":"<p>Universalus dir\u017eo laikiklis 1,25 colio (3,175 cm) dir\u017eams. Patvarus, lengvas dizainas.<\/p>\n","protected":false},"featured_media":50156,"template":"","meta":{"_acf_changed":false},"product_brand":[11135],"product_cat":[13704,13708],"product_tag":[],"class_list":{"0":"post-50155","1":"product","2":"type-product","3":"status-publish","4":"has-post-thumbnail","6":"product_brand-blue-force-gear","7":"product_cat-dirzai","8":"product_cat-iranga","10":"first","11":"instock","12":"taxable","13":"shipping-taxable","14":"purchasable","15":"product-type-simple"},"acf":[],"_links":{"self":[{"href":"https:\/\/staging.nbg.eu\/lt\/wp-json\/wp\/v2\/product\/50155","targetHints":{"allow":["GET"]}}],"collection":[{"href":"https:\/\/staging.nbg.eu\/lt\/wp-json\/wp\/v2\/product"}],"about":[{"href":"https:\/\/staging.nbg.eu\/lt\/wp-json\/wp\/v2\/types\/product"}],"wp:featuredmedia":[{"embeddable":true,"href":"https:\/\/staging.nbg.eu\/lt\/wp-json\/wp\/v2\/media\/50156"}],"wp:attachment":[{"href":"https:\/\/staging.nbg.eu\/lt\/wp-json\/wp\/v2\/media?parent=50155"}],"wp:term":[{"taxonomy":"product_brand","embeddable":true,"href":"https:\/\/staging.nbg.eu\/lt\/wp-json\/wp\/v2\/product_brand?post=50155"},{"taxonomy":"product_cat","embeddable":true,"href":"https:\/\/staging.nbg.eu\/lt\/wp-json\/wp\/v2\/product_cat?post=50155"},{"taxonomy":"product_tag","embeddable":true,"href":"https:\/\/staging.nbg.eu\/lt\/wp-json\/wp\/v2\/product_tag?post=50155"}],"curies":[{"name":"wp","href":"https:\/\/api.w.org\/{rel}","templated":true}]}}