{"id":49855,"date":"2024-05-23T19:46:21","date_gmt":"2024-09-13T08:37:30","guid":{"rendered":"https:\/\/staging.nbg.eu\/product\/blue-force-gear-micro-trauma-kit-now\/"},"modified":"2024-09-13T08:38:24","modified_gmt":"2024-09-13T08:38:24","slug":"blue-force-gear-micro-traumu-rinkinys-now","status":"publish","type":"product","link":"https:\/\/staging.nbg.eu\/lt\/produktas\/blue-force-gear-micro-traumu-rinkinys-now\/","title":{"rendered":"Blue Force Gear Micro traum\u0173 rinkinys NOW!"},"content":{"rendered":"<div class=\"product-description\">\n<h2>Blue Force Gear Micro Trauma Kit NOW!<\/h2>\n<p>Micro Trauma Kit NOW! (Micro TKN) yra kompakti\u0161kas sprendimas kasdieniam b\u016btiniausi\u0173 gyvyb\u0119 gelbstin\u010di\u0173 medicinos reikmen\u0173 ne\u0161iojimui. Skirtas teis\u0117saugos pareig\u016bnams, pasiruo\u0161usiems pilie\u010diams ir med\u017eiotojams, \u0161is prie dir\u017eo tvirtinamas rinkinys u\u017etikrina greit\u0105 prieig\u0105 prie svarbi\u0173 pirmosios pagalbos priemoni\u0173.<\/p>\n<h2>Pagrindin\u0117s savyb\u0117s:<\/h2>\n<ul>\n<li>Kompakti\u0161kas dydis kasdieniam ne\u0161iojimui<\/li>\n<li>Galima i\u0161imti viena ranka i\u0161 abiej\u0173 pusi\u0173<\/li>\n<li>MOLLE arba dir\u017eo tvirtinimo galimyb\u0117s<\/li>\n<li>Ten-Speed technologija saugiam laikymui<\/li>\n<li>I\u0161imamas \u012fd\u0117klas organizuotam reikmen\u0173 laikymui<\/li>\n<li>Reguliuojamos kabliuk\u0173 ir kilp\u0173 juostos tinka daugumai dir\u017e\u0173<\/li>\n<\/ul>\n<p>B\u016bkite pasiruo\u0161\u0119 nenumatytiems atvejams su Micro TKN &#8211; j\u016bs\u0173 ne\u0161iojama gyvyb\u0117s linija, kai svarbi kiekviena sekund\u0117.<\/p>\n<\/div>\n","protected":false},"excerpt":{"rendered":"<p>Kompakti\u0161kas, gyvyb\u0119 gelbstintis traum\u0173 rinkinys, skirtas kasdieniam ne\u0161iojimui ant dir\u017eo.<\/p>\n","protected":false},"featured_media":49856,"template":"","meta":{"_acf_changed":false},"product_brand":[11135],"product_cat":[13708,13743],"product_tag":[],"class_list":{"0":"post-49855","1":"product","2":"type-product","3":"status-publish","4":"has-post-thumbnail","6":"product_brand-blue-force-gear","7":"product_cat-iranga","8":"product_cat-medicininiai","10":"first","11":"instock","12":"taxable","13":"shipping-taxable","14":"purchasable","15":"product-type-variable","16":"wvs-archive-product-wrapper"},"acf":[],"_links":{"self":[{"href":"https:\/\/staging.nbg.eu\/lt\/wp-json\/wp\/v2\/product\/49855","targetHints":{"allow":["GET"]}}],"collection":[{"href":"https:\/\/staging.nbg.eu\/lt\/wp-json\/wp\/v2\/product"}],"about":[{"href":"https:\/\/staging.nbg.eu\/lt\/wp-json\/wp\/v2\/types\/product"}],"wp:featuredmedia":[{"embeddable":true,"href":"https:\/\/staging.nbg.eu\/lt\/wp-json\/wp\/v2\/media\/49856"}],"wp:attachment":[{"href":"https:\/\/staging.nbg.eu\/lt\/wp-json\/wp\/v2\/media?parent=49855"}],"wp:term":[{"taxonomy":"product_brand","embeddable":true,"href":"https:\/\/staging.nbg.eu\/lt\/wp-json\/wp\/v2\/product_brand?post=49855"},{"taxonomy":"product_cat","embeddable":true,"href":"https:\/\/staging.nbg.eu\/lt\/wp-json\/wp\/v2\/product_cat?post=49855"},{"taxonomy":"product_tag","embeddable":true,"href":"https:\/\/staging.nbg.eu\/lt\/wp-json\/wp\/v2\/product_tag?post=49855"}],"curies":[{"name":"wp","href":"https:\/\/api.w.org\/{rel}","templated":true}]}}