{"id":49587,"date":"2024-07-29T13:10:43","date_gmt":"2024-09-12T16:17:26","guid":{"rendered":"https:\/\/staging.nbg.eu\/product\/cobra-buckle-conversion-kit\/"},"modified":"2024-09-12T16:18:19","modified_gmt":"2024-09-12T16:18:19","slug":"cobra-sagtis-konversijos-rinkinys","status":"publish","type":"product","link":"https:\/\/staging.nbg.eu\/lt\/produktas\/cobra-sagtis-konversijos-rinkinys\/","title":{"rendered":"COBRA\u00ae sagtis konversijos rinkinys"},"content":{"rendered":"<div class=\"product-description\">\n<h2>COBRA\u00ae sagtis perdarymo rinkinys GRID\u2122 dir\u017eui<\/h2>\n<p>Atnaujinkite savo GRID\u2122 dir\u017e\u0105 su m\u016bs\u0173 COBRA\u00ae sagtis perdarymo rinkiniu, kuriame yra patentuota naujos kartos COBRA\u00ae ProStyle sagtis. \u0160is rinkinys prideda greito atleidimo funkcij\u0105 ir patvar\u0173 dizain\u0105 j\u016bs\u0173 dir\u017eui.<\/p>\n<h3>Pagrindin\u0117s savyb\u0117s:<\/h3>\n<ul>\n<li>Pritaikytas fiksatorius skland\u017eiam u\u017erakinimui ir atsitiktinio atsidarymo prevencijai<\/li>\n<li>Atitinka ANSI ir CSA standartus<\/li>\n<li>Sertifikuotas druskos r\u016bko ir sm\u0117lio p\u016btimo testams<\/li>\n<li>Greito atleidimo funkcija<\/li>\n<\/ul>\n<p><strong>Pastaba:<\/strong> \u0160is atnaujinimo rinkinys neprideda apkrovos laikymo galimybi\u0173 GRID dir\u017eui. D\u0117l apkrov\u0105 laikan\u010di\u0173 variant\u0173, pra\u0161ome apsvarstyti m\u016bs\u0173 CHLK dir\u017e\u0105.<\/p>\n<\/div>\n","protected":false},"excerpt":{"rendered":"<p>COBRA\u00ae sagtis rinkinys: greitai atleid\u017eiamas patobulinimas GRID\u2122 dir\u017eui. Saugus, stilingas.<\/p>\n","protected":false},"featured_media":49590,"template":"","meta":{"_acf_changed":false},"product_brand":[],"product_cat":[13708,13727],"product_tag":[],"class_list":{"0":"post-49587","1":"product","2":"type-product","3":"status-publish","4":"has-post-thumbnail","6":"product_cat-iranga","7":"product_cat-taktikiniai-dirzai","9":"first","10":"instock","11":"taxable","12":"shipping-taxable","13":"purchasable","14":"product-type-variable","15":"wvs-archive-product-wrapper"},"acf":[],"_links":{"self":[{"href":"https:\/\/staging.nbg.eu\/lt\/wp-json\/wp\/v2\/product\/49587","targetHints":{"allow":["GET"]}}],"collection":[{"href":"https:\/\/staging.nbg.eu\/lt\/wp-json\/wp\/v2\/product"}],"about":[{"href":"https:\/\/staging.nbg.eu\/lt\/wp-json\/wp\/v2\/types\/product"}],"wp:featuredmedia":[{"embeddable":true,"href":"https:\/\/staging.nbg.eu\/lt\/wp-json\/wp\/v2\/media\/49590"}],"wp:attachment":[{"href":"https:\/\/staging.nbg.eu\/lt\/wp-json\/wp\/v2\/media?parent=49587"}],"wp:term":[{"taxonomy":"product_brand","embeddable":true,"href":"https:\/\/staging.nbg.eu\/lt\/wp-json\/wp\/v2\/product_brand?post=49587"},{"taxonomy":"product_cat","embeddable":true,"href":"https:\/\/staging.nbg.eu\/lt\/wp-json\/wp\/v2\/product_cat?post=49587"},{"taxonomy":"product_tag","embeddable":true,"href":"https:\/\/staging.nbg.eu\/lt\/wp-json\/wp\/v2\/product_tag?post=49587"}],"curies":[{"name":"wp","href":"https:\/\/api.w.org\/{rel}","templated":true}]}}