{"id":49435,"date":"2024-07-29T18:42:30","date_gmt":"2024-09-12T16:13:12","guid":{"rendered":"https:\/\/staging.nbg.eu\/product\/large-utility-dapper-pouch\/"},"modified":"2024-09-12T16:14:07","modified_gmt":"2024-09-12T16:14:07","slug":"didele-universali-dapper-krepsys","status":"publish","type":"product","link":"https:\/\/staging.nbg.eu\/lt\/produktas\/didele-universali-dapper-krepsys\/","title":{"rendered":"Didel\u0117 universali Dapper krep\u0161ys"},"content":{"rendered":"<div class=\"product-description\">\n<h2>Didelis universalus krep\u0161ys<\/h2>\n<p>\u0160is didelis universalus krep\u0161ys skirtas laikyti kasdienius daiktus ir \u012frang\u0105. Jame galima laikyti \u012fkroviklius, kompiuterio \u012frang\u0105, medicinos reikmenis ir \u012frankius.<\/p>\n<ul>\n<li>Greitai \u012frengiamas ir nuimamas nuo bet kokio kilpinio pavir\u0161iaus<\/li>\n<li>Du m\u0117lyni u\u017etrauktuko trauktukai lengvam atidarymui<\/li>\n<li>Vir\u0161utin\u0117 gumin\u0117 rankena patogiam ne\u0161iojimui<\/li>\n<li>Permatomas vir\u0161us turinio matomumui<\/li>\n<li>Vidinis kilpinis pavir\u0161ius papildomam organizavimui<\/li>\n<li>Kabliukai \u012fvairiems tvirtinimo pavir\u0161iams<\/li>\n<\/ul>\n<p>Tinka naudoti su Blue Force Gear kuprin\u0117mis, Dapper \u012fd\u0117klais arba individualiems pritaikymams.<\/p>\n<\/div>\n","protected":false},"excerpt":{"rendered":"<p>Universalus, nuimamas krep\u0161elis kasdieniniams daiktams ir svarbiems reikm\u0117ms.<\/p>\n","protected":false},"featured_media":49439,"template":"","meta":{"_acf_changed":false},"product_brand":[11135],"product_cat":[13708,13699],"product_tag":[],"class_list":{"0":"post-49435","1":"product","2":"type-product","3":"status-publish","4":"has-post-thumbnail","6":"product_brand-blue-force-gear","7":"product_cat-iranga","8":"product_cat-krepseliai","10":"first","11":"instock","12":"taxable","13":"shipping-taxable","14":"purchasable","15":"product-type-simple"},"acf":[],"_links":{"self":[{"href":"https:\/\/staging.nbg.eu\/lt\/wp-json\/wp\/v2\/product\/49435","targetHints":{"allow":["GET"]}}],"collection":[{"href":"https:\/\/staging.nbg.eu\/lt\/wp-json\/wp\/v2\/product"}],"about":[{"href":"https:\/\/staging.nbg.eu\/lt\/wp-json\/wp\/v2\/types\/product"}],"wp:featuredmedia":[{"embeddable":true,"href":"https:\/\/staging.nbg.eu\/lt\/wp-json\/wp\/v2\/media\/49439"}],"wp:attachment":[{"href":"https:\/\/staging.nbg.eu\/lt\/wp-json\/wp\/v2\/media?parent=49435"}],"wp:term":[{"taxonomy":"product_brand","embeddable":true,"href":"https:\/\/staging.nbg.eu\/lt\/wp-json\/wp\/v2\/product_brand?post=49435"},{"taxonomy":"product_cat","embeddable":true,"href":"https:\/\/staging.nbg.eu\/lt\/wp-json\/wp\/v2\/product_cat?post=49435"},{"taxonomy":"product_tag","embeddable":true,"href":"https:\/\/staging.nbg.eu\/lt\/wp-json\/wp\/v2\/product_tag?post=49435"}],"curies":[{"name":"wp","href":"https:\/\/api.w.org\/{rel}","templated":true}]}}